{"id":4976,"date":"2023-08-29T18:53:12","date_gmt":"2023-08-29T15:53:12","guid":{"rendered":"https:\/\/berryomg.com\/etusivu\/"},"modified":"2026-03-17T15:03:05","modified_gmt":"2026-03-17T13:03:05","slug":"etusivu","status":"publish","type":"page","link":"https:\/\/berryomg.com\/sv\/","title":{"rendered":"Framsida"},"content":{"rendered":"","protected":false},"excerpt":{"rendered":"","protected":false},"author":1,"featured_media":0,"parent":0,"menu_order":0,"comment_status":"closed","ping_status":"closed","template":"template_etusivu.php","meta":{"_acf_changed":false,"footnotes":""},"class_list":["post-4976","page","type-page","status-publish","hentry"],"acf":[],"yoast_head":"<!-- This site is optimized with the Yoast SEO plugin v27.3 - https:\/\/yoast.com\/product\/yoast-seo-wordpress\/ -->\n<title>BerryOMG: Tehokkaat ja luonnolliset marja\u00f6ljyt koirille &amp; kissoille<\/title>\n<meta name=\"description\" content=\"BERRYOMG ravintolis\u00e4t marja\u00f6ljyist\u00e4 koirien ja kissojen hyvinvointiin. Kotimaiset, laadukkaat \u00f6ljyt koirille ja kissoille.\" \/>\n<meta name=\"robots\" content=\"index, follow, max-snippet:-1, max-image-preview:large, max-video-preview:-1\" \/>\n<link rel=\"canonical\" href=\"https:\/\/berryomg.com\/sv\/\" \/>\n<meta property=\"og:locale\" content=\"sv_SE\" \/>\n<meta property=\"og:type\" content=\"article\" \/>\n<meta property=\"og:title\" content=\"BerryOMG: Tehokkaat ja luonnolliset marja\u00f6ljyt koirille &amp; kissoille\" \/>\n<meta property=\"og:description\" content=\"BERRYOMG ravintolis\u00e4t marja\u00f6ljyist\u00e4 koirien ja kissojen hyvinvointiin. Kotimaiset, laadukkaat \u00f6ljyt koirille ja kissoille.\" \/>\n<meta property=\"og:url\" content=\"https:\/\/berryomg.com\/sv\/\" \/>\n<meta property=\"og:site_name\" content=\"BerryOMG\" \/>\n<meta property=\"article:modified_time\" content=\"2026-03-17T13:03:05+00:00\" \/>\n<meta name=\"twitter:card\" content=\"summary_large_image\" \/>\n<script type=\"application\/ld+json\" class=\"yoast-schema-graph\">{\"@context\":\"https:\\\/\\\/schema.org\",\"@graph\":[{\"@type\":\"WebPage\",\"@id\":\"https:\\\/\\\/berryomg.com\\\/sv\\\/\",\"url\":\"https:\\\/\\\/berryomg.com\\\/sv\\\/\",\"name\":\"BerryOMG: Tehokkaat ja luonnolliset marja\u00f6ljyt koirille & kissoille\",\"isPartOf\":{\"@id\":\"https:\\\/\\\/berryomg.com\\\/sv\\\/#website\"},\"datePublished\":\"2023-08-29T15:53:12+00:00\",\"dateModified\":\"2026-03-17T13:03:05+00:00\",\"description\":\"BERRYOMG ravintolis\u00e4t marja\u00f6ljyist\u00e4 koirien ja kissojen hyvinvointiin. Kotimaiset, laadukkaat \u00f6ljyt koirille ja kissoille.\",\"breadcrumb\":{\"@id\":\"https:\\\/\\\/berryomg.com\\\/sv\\\/#breadcrumb\"},\"inLanguage\":\"sv-SE\",\"potentialAction\":[{\"@type\":\"ReadAction\",\"target\":[\"https:\\\/\\\/berryomg.com\\\/sv\\\/\"]}]},{\"@type\":\"BreadcrumbList\",\"@id\":\"https:\\\/\\\/berryomg.com\\\/sv\\\/#breadcrumb\",\"itemListElement\":[{\"@type\":\"ListItem\",\"position\":1,\"name\":\"Etusivu\",\"item\":\"https:\\\/\\\/berryomg.com\\\/sv\\\/\"},{\"@type\":\"ListItem\",\"position\":2,\"name\":\"Framsida\"}]},{\"@type\":\"WebSite\",\"@id\":\"https:\\\/\\\/berryomg.com\\\/sv\\\/#website\",\"url\":\"https:\\\/\\\/berryomg.com\\\/sv\\\/\",\"name\":\"BerryOMG\",\"description\":\"\",\"potentialAction\":[{\"@type\":\"SearchAction\",\"target\":{\"@type\":\"EntryPoint\",\"urlTemplate\":\"https:\\\/\\\/berryomg.com\\\/sv\\\/?s={search_term_string}\"},\"query-input\":{\"@type\":\"PropertyValueSpecification\",\"valueRequired\":true,\"valueName\":\"search_term_string\"}}],\"inLanguage\":\"sv-SE\"}]}<\/script>\n<!-- \/ Yoast SEO plugin. -->","yoast_head_json":{"title":"BerryOMG: Tehokkaat ja luonnolliset marja\u00f6ljyt koirille & kissoille","description":"BERRYOMG ravintolis\u00e4t marja\u00f6ljyist\u00e4 koirien ja kissojen hyvinvointiin. Kotimaiset, laadukkaat \u00f6ljyt koirille ja kissoille.","robots":{"index":"index","follow":"follow","max-snippet":"max-snippet:-1","max-image-preview":"max-image-preview:large","max-video-preview":"max-video-preview:-1"},"canonical":"https:\/\/berryomg.com\/sv\/","og_locale":"sv_SE","og_type":"article","og_title":"BerryOMG: Tehokkaat ja luonnolliset marja\u00f6ljyt koirille & kissoille","og_description":"BERRYOMG ravintolis\u00e4t marja\u00f6ljyist\u00e4 koirien ja kissojen hyvinvointiin. Kotimaiset, laadukkaat \u00f6ljyt koirille ja kissoille.","og_url":"https:\/\/berryomg.com\/sv\/","og_site_name":"BerryOMG","article_modified_time":"2026-03-17T13:03:05+00:00","twitter_card":"summary_large_image","schema":{"@context":"https:\/\/schema.org","@graph":[{"@type":"WebPage","@id":"https:\/\/berryomg.com\/sv\/","url":"https:\/\/berryomg.com\/sv\/","name":"BerryOMG: Tehokkaat ja luonnolliset marja\u00f6ljyt koirille & kissoille","isPartOf":{"@id":"https:\/\/berryomg.com\/sv\/#website"},"datePublished":"2023-08-29T15:53:12+00:00","dateModified":"2026-03-17T13:03:05+00:00","description":"BERRYOMG ravintolis\u00e4t marja\u00f6ljyist\u00e4 koirien ja kissojen hyvinvointiin. Kotimaiset, laadukkaat \u00f6ljyt koirille ja kissoille.","breadcrumb":{"@id":"https:\/\/berryomg.com\/sv\/#breadcrumb"},"inLanguage":"sv-SE","potentialAction":[{"@type":"ReadAction","target":["https:\/\/berryomg.com\/sv\/"]}]},{"@type":"BreadcrumbList","@id":"https:\/\/berryomg.com\/sv\/#breadcrumb","itemListElement":[{"@type":"ListItem","position":1,"name":"Etusivu","item":"https:\/\/berryomg.com\/sv\/"},{"@type":"ListItem","position":2,"name":"Framsida"}]},{"@type":"WebSite","@id":"https:\/\/berryomg.com\/sv\/#website","url":"https:\/\/berryomg.com\/sv\/","name":"BerryOMG","description":"","potentialAction":[{"@type":"SearchAction","target":{"@type":"EntryPoint","urlTemplate":"https:\/\/berryomg.com\/sv\/?s={search_term_string}"},"query-input":{"@type":"PropertyValueSpecification","valueRequired":true,"valueName":"search_term_string"}}],"inLanguage":"sv-SE"}]}},"_links":{"self":[{"href":"https:\/\/berryomg.com\/sv\/wp-json\/wp\/v2\/pages\/4976","targetHints":{"allow":["GET"]}}],"collection":[{"href":"https:\/\/berryomg.com\/sv\/wp-json\/wp\/v2\/pages"}],"about":[{"href":"https:\/\/berryomg.com\/sv\/wp-json\/wp\/v2\/types\/page"}],"author":[{"embeddable":true,"href":"https:\/\/berryomg.com\/sv\/wp-json\/wp\/v2\/users\/1"}],"replies":[{"embeddable":true,"href":"https:\/\/berryomg.com\/sv\/wp-json\/wp\/v2\/comments?post=4976"}],"version-history":[{"count":14,"href":"https:\/\/berryomg.com\/sv\/wp-json\/wp\/v2\/pages\/4976\/revisions"}],"predecessor-version":[{"id":13182,"href":"https:\/\/berryomg.com\/sv\/wp-json\/wp\/v2\/pages\/4976\/revisions\/13182"}],"wp:attachment":[{"href":"https:\/\/berryomg.com\/sv\/wp-json\/wp\/v2\/media?parent=4976"}],"curies":[{"name":"wp","href":"https:\/\/api.w.org\/{rel}","templated":true}]}}