{"id":5007,"date":"2023-09-15T10:41:59","date_gmt":"2023-09-15T07:41:59","guid":{"rendered":"https:\/\/berryomg.com\/tuotteet\/"},"modified":"2025-03-28T13:05:48","modified_gmt":"2025-03-28T11:05:48","slug":"produkter","status":"publish","type":"page","link":"https:\/\/berryomg.com\/sv\/produkter\/","title":{"rendered":"Produkter"},"content":{"rendered":"","protected":false},"excerpt":{"rendered":"","protected":false},"author":1,"featured_media":0,"parent":0,"menu_order":0,"comment_status":"closed","ping_status":"closed","template":"template-tuotteet.php","meta":{"_acf_changed":false,"footnotes":""},"class_list":["post-5007","page","type-page","status-publish","hentry"],"acf":[],"yoast_head":"<!-- This site is optimized with the Yoast SEO plugin v27.3 - https:\/\/yoast.com\/product\/yoast-seo-wordpress\/ -->\n<title>Produkter - BerryOMG<\/title>\n<meta name=\"description\" content=\"BERRYOMG tuotteet kotimaisista marja\u00f6ljyist\u00e4 koirien ja kissojen hyvinvointiin. Kokeile heti! Toimivat ja turvalliset ravintolis\u00e4t\" \/>\n<meta name=\"robots\" content=\"index, follow, max-snippet:-1, max-image-preview:large, max-video-preview:-1\" \/>\n<link rel=\"canonical\" href=\"https:\/\/berryomg.com\/sv\/produkter\/\" \/>\n<meta property=\"og:locale\" content=\"sv_SE\" \/>\n<meta property=\"og:type\" content=\"article\" \/>\n<meta property=\"og:title\" content=\"Produkter - BerryOMG\" \/>\n<meta property=\"og:description\" content=\"BERRYOMG tuotteet kotimaisista marja\u00f6ljyist\u00e4 koirien ja kissojen hyvinvointiin. Kokeile heti! Toimivat ja turvalliset ravintolis\u00e4t\" \/>\n<meta property=\"og:url\" content=\"https:\/\/berryomg.com\/sv\/produkter\/\" \/>\n<meta property=\"og:site_name\" content=\"BerryOMG\" \/>\n<meta property=\"article:modified_time\" content=\"2025-03-28T11:05:48+00:00\" \/>\n<meta name=\"twitter:card\" content=\"summary_large_image\" \/>\n<script type=\"application\/ld+json\" class=\"yoast-schema-graph\">{\"@context\":\"https:\\\/\\\/schema.org\",\"@graph\":[{\"@type\":\"WebPage\",\"@id\":\"https:\\\/\\\/berryomg.com\\\/sv\\\/produkter\\\/\",\"url\":\"https:\\\/\\\/berryomg.com\\\/sv\\\/produkter\\\/\",\"name\":\"Produkter - BerryOMG\",\"isPartOf\":{\"@id\":\"https:\\\/\\\/berryomg.com\\\/sv\\\/#website\"},\"datePublished\":\"2023-09-15T07:41:59+00:00\",\"dateModified\":\"2025-03-28T11:05:48+00:00\",\"description\":\"BERRYOMG tuotteet kotimaisista marja\u00f6ljyist\u00e4 koirien ja kissojen hyvinvointiin. Kokeile heti! Toimivat ja turvalliset ravintolis\u00e4t\",\"breadcrumb\":{\"@id\":\"https:\\\/\\\/berryomg.com\\\/sv\\\/produkter\\\/#breadcrumb\"},\"inLanguage\":\"sv-SE\",\"potentialAction\":[{\"@type\":\"ReadAction\",\"target\":[\"https:\\\/\\\/berryomg.com\\\/sv\\\/produkter\\\/\"]}]},{\"@type\":\"BreadcrumbList\",\"@id\":\"https:\\\/\\\/berryomg.com\\\/sv\\\/produkter\\\/#breadcrumb\",\"itemListElement\":[{\"@type\":\"ListItem\",\"position\":1,\"name\":\"Etusivu\",\"item\":\"https:\\\/\\\/berryomg.com\\\/sv\\\/\"},{\"@type\":\"ListItem\",\"position\":2,\"name\":\"Produkter\"}]},{\"@type\":\"WebSite\",\"@id\":\"https:\\\/\\\/berryomg.com\\\/sv\\\/#website\",\"url\":\"https:\\\/\\\/berryomg.com\\\/sv\\\/\",\"name\":\"BerryOMG\",\"description\":\"\",\"potentialAction\":[{\"@type\":\"SearchAction\",\"target\":{\"@type\":\"EntryPoint\",\"urlTemplate\":\"https:\\\/\\\/berryomg.com\\\/sv\\\/?s={search_term_string}\"},\"query-input\":{\"@type\":\"PropertyValueSpecification\",\"valueRequired\":true,\"valueName\":\"search_term_string\"}}],\"inLanguage\":\"sv-SE\"}]}<\/script>\n<!-- \/ Yoast SEO plugin. -->","yoast_head_json":{"title":"Produkter - BerryOMG","description":"BERRYOMG tuotteet kotimaisista marja\u00f6ljyist\u00e4 koirien ja kissojen hyvinvointiin. Kokeile heti! Toimivat ja turvalliset ravintolis\u00e4t","robots":{"index":"index","follow":"follow","max-snippet":"max-snippet:-1","max-image-preview":"max-image-preview:large","max-video-preview":"max-video-preview:-1"},"canonical":"https:\/\/berryomg.com\/sv\/produkter\/","og_locale":"sv_SE","og_type":"article","og_title":"Produkter - BerryOMG","og_description":"BERRYOMG tuotteet kotimaisista marja\u00f6ljyist\u00e4 koirien ja kissojen hyvinvointiin. Kokeile heti! Toimivat ja turvalliset ravintolis\u00e4t","og_url":"https:\/\/berryomg.com\/sv\/produkter\/","og_site_name":"BerryOMG","article_modified_time":"2025-03-28T11:05:48+00:00","twitter_card":"summary_large_image","schema":{"@context":"https:\/\/schema.org","@graph":[{"@type":"WebPage","@id":"https:\/\/berryomg.com\/sv\/produkter\/","url":"https:\/\/berryomg.com\/sv\/produkter\/","name":"Produkter - BerryOMG","isPartOf":{"@id":"https:\/\/berryomg.com\/sv\/#website"},"datePublished":"2023-09-15T07:41:59+00:00","dateModified":"2025-03-28T11:05:48+00:00","description":"BERRYOMG tuotteet kotimaisista marja\u00f6ljyist\u00e4 koirien ja kissojen hyvinvointiin. Kokeile heti! Toimivat ja turvalliset ravintolis\u00e4t","breadcrumb":{"@id":"https:\/\/berryomg.com\/sv\/produkter\/#breadcrumb"},"inLanguage":"sv-SE","potentialAction":[{"@type":"ReadAction","target":["https:\/\/berryomg.com\/sv\/produkter\/"]}]},{"@type":"BreadcrumbList","@id":"https:\/\/berryomg.com\/sv\/produkter\/#breadcrumb","itemListElement":[{"@type":"ListItem","position":1,"name":"Etusivu","item":"https:\/\/berryomg.com\/sv\/"},{"@type":"ListItem","position":2,"name":"Produkter"}]},{"@type":"WebSite","@id":"https:\/\/berryomg.com\/sv\/#website","url":"https:\/\/berryomg.com\/sv\/","name":"BerryOMG","description":"","potentialAction":[{"@type":"SearchAction","target":{"@type":"EntryPoint","urlTemplate":"https:\/\/berryomg.com\/sv\/?s={search_term_string}"},"query-input":{"@type":"PropertyValueSpecification","valueRequired":true,"valueName":"search_term_string"}}],"inLanguage":"sv-SE"}]}},"_links":{"self":[{"href":"https:\/\/berryomg.com\/sv\/wp-json\/wp\/v2\/pages\/5007","targetHints":{"allow":["GET"]}}],"collection":[{"href":"https:\/\/berryomg.com\/sv\/wp-json\/wp\/v2\/pages"}],"about":[{"href":"https:\/\/berryomg.com\/sv\/wp-json\/wp\/v2\/types\/page"}],"author":[{"embeddable":true,"href":"https:\/\/berryomg.com\/sv\/wp-json\/wp\/v2\/users\/1"}],"replies":[{"embeddable":true,"href":"https:\/\/berryomg.com\/sv\/wp-json\/wp\/v2\/comments?post=5007"}],"version-history":[{"count":5,"href":"https:\/\/berryomg.com\/sv\/wp-json\/wp\/v2\/pages\/5007\/revisions"}],"predecessor-version":[{"id":8532,"href":"https:\/\/berryomg.com\/sv\/wp-json\/wp\/v2\/pages\/5007\/revisions\/8532"}],"wp:attachment":[{"href":"https:\/\/berryomg.com\/sv\/wp-json\/wp\/v2\/media?parent=5007"}],"curies":[{"name":"wp","href":"https:\/\/api.w.org\/{rel}","templated":true}]}}