{"id":5030,"date":"2023-11-10T14:08:35","date_gmt":"2023-11-10T12:08:35","guid":{"rendered":"https:\/\/berryomg.com\/tilaus-ja-toimitusehdot\/"},"modified":"2025-01-15T15:29:38","modified_gmt":"2025-01-15T13:29:38","slug":"kop-och-leveransvillkor","status":"publish","type":"page","link":"https:\/\/berryomg.com\/sv\/kop-och-leveransvillkor\/","title":{"rendered":"K\u00f6p- och leveransvillkor"},"content":{"rendered":"<p>G\u00e4llande fr\u00e5n och med 1.1.2024<\/p>\n<p><strong>BerryOMG webbutik<\/strong><\/p>\n<p>Pet &amp; Berries Oy (FO-nummer <span class=\"ui-provider a b c d e f g h i j k l m n o p q r s t u v w x y z ab ac ae af ag ah ai aj ak\" dir=\"ltr\">3434954-2) <\/span> s\u00e4ljer produkter till myndiga privatpersoner och f\u00f6retag i Finland och Europa. Produktpriserna inkluderar merv\u00e4rdesskatt. Vi f\u00f6rbeh\u00e5ller oss r\u00e4tten att \u00e4ndra priser och leveranskostnader.<\/p>\n<h4>Best\u00e4llning<\/h4>\n<p>Du kan best\u00e4lla produkter fr\u00e5n v\u00e5r webbutik genom att l\u00e4gga dem i kundvagnen och betala f\u00f6r produkterna i kundvagnen vid kassan med den betalningsmetod du v\u00e4ljer. Vi hanterar all kundinformation du ger oss konfidentiellt.<\/p>\n<p>Du kan ocks\u00e5 best\u00e4lla produkter via en prenumeration genom att v\u00e4lja m\u00e5nadsprenumeration som alternativ. V\u00e4lj \u00f6nskad m\u00e4ngd produkter, leveransintervall och betala f\u00f6r best\u00e4llningen som vanligt vid kassan. Genom att bekr\u00e4fta din best\u00e4llning godk\u00e4nner du leveransvillkoren, v\u00e5r integritetspolicy, produktpriserna och leveranskostnaderna.<\/p>\n<p>Ett k\u00f6peavtal ing\u00e5s n\u00e4r din best\u00e4llning godk\u00e4nns och en orderbekr\u00e4ftelse skickas till din e-post. Orderbekr\u00e4ftelsen visar de best\u00e4llda produkterna, m\u00e4ngden, leverans- och faktureringsintervallen samt priset. Vi har ingen bindningsperiod, och du kan \u00e4ndra eller avbryta din prenumeration n\u00e4r som helst. \u00c4ndringar eller avbokningar kan g\u00f6ras innan varje efterf\u00f6ljande leverans.<\/p>\n<p>Du kan \u00e4ndra din n\u00e4sta prenumeration p\u00e5 ditt konto tills n\u00e4sta best\u00e4llning behandlas. Du kan se det exakta datumet p\u00e5 ditt konto. Vi kan ocks\u00e5 g\u00f6ra \u00e4ndringar i din n\u00e4sta prenumeration p\u00e5 beg\u00e4ran, om det \u00e4r 2 arbetsdagar eller mer kvar till n\u00e4sta best\u00e4llningsdag. Vi skickar en p\u00e5minnelse via e-post f\u00f6re varje efterf\u00f6ljande prenumeration, och du har tre dagar efter att ha mottagit p\u00e5minnelsen att \u00e4ndra din best\u00e4llning innan den debiteras.<\/p>\n<h4>Betalning<\/h4>\n<p><strong>Tillg\u00e4ngliga betalningsmetoder i Finland:<\/strong><\/p>\n<ul>\n<li>Alla finska n\u00e4tbanker<\/li>\n<li>De vanligaste kreditkortsbetalningarna<\/li>\n<li>Walley<\/li>\n<li>Mobile Pay<\/li>\n<li>Apple Pay<\/li>\n<li>Pivo<\/li>\n<\/ul>\n<p><strong>Tillg\u00e4ngliga betalningsmetoder f\u00f6r m\u00e5nadsprenumerationer:<\/strong><\/p>\n<ul>\n<li>De vanligaste kreditkorten<\/li>\n<\/ul>\n<p><strong>Tillg\u00e4ngliga betalningsmetoder i \u00f6vriga Europa:<\/strong><\/p>\n<ul>\n<li>Kreditkortsbetalningar<\/li>\n<li>Apple Pay<\/li>\n<\/ul>\n<p>Paytrail Oyj (FO-nummer 2122839-7) agerar som betalningstj\u00e4nstleverant\u00f6r i samarbete med finska banker och kreditinstitut. Paytrail Oyj kommer att visas som mottagare p\u00e5 ditt kontoutdrag eller kreditkortsutdrag och vidarebefordrar betalningen till s\u00e4ljaren. Paytrail Oyj har tillst\u00e5nd som betalningsinstitut.<\/p>\n<p>F\u00f6r fr\u00e5gor om betalningar och finansiella transaktioner, v\u00e4nligen kontakta produkttillverkaren f\u00f6rst:<\/p>\n<p><strong>Paytrail Oyj<\/strong><\/p>\n<p>FO-nummer: 2122839-7 , Innova 2<\/p>\n<p>Lutakonaukio 7,<\/p>\n<p>40100 Jyv\u00e4skyl\u00e4<\/p>\n<p>Telefon: +358 207 181830<\/p>\n<p><a href=\"http:\/\/www.paytrail.com\" target=\"_new\" rel=\"noreferrer noopener\">www.paytrail.com<\/a><\/p>\n<h4>Order- och Betalningsbekr\u00e4ftelse<\/h4>\n<p>Efter en lyckad best\u00e4llning kommer en orderbekr\u00e4ftelse att skickas till din e-post som inneh\u00e5ller f\u00f6ljande information:<\/p>\n<ul>\n<li>Ordernummer<\/li>\n<li>Best\u00e4llda produkter<\/li>\n<li>Orderns totalsumma<\/li>\n<li>Kontaktinformation f\u00f6r best\u00e4llningen<\/li>\n<li>Betalningsmetod<\/li>\n<\/ul>\n<p>Betalningstj\u00e4nstleverant\u00f6ren kommer ocks\u00e5 att skicka en separat bekr\u00e4ftelse p\u00e5 den lyckade betalningen.<\/p>\n<p>F\u00f6r att bekr\u00e4ftelsemeddelanden ska kunna skickas kr\u00e4vs det att en e-postadress anges vid best\u00e4llningen. Om du har skapat ett anv\u00e4ndarkonto i samband med din best\u00e4llning kan du \u00e4ven granska inneh\u00e5llet i din best\u00e4llning p\u00e5 ditt konto.<\/p>\n<h4>Leveransbekr\u00e4ftelse och Leveranstid<\/h4>\n<p>N\u00e4r din best\u00e4llning har skickats fr\u00e5n v\u00e5rt lager kommer du att f\u00e5 en leveransbekr\u00e4ftelse via e-post.<\/p>\n<p>Leveransbekr\u00e4ftelsen inneh\u00e5ller ett sp\u00e5rningsnummer och detaljer om din best\u00e4llning.<\/p>\n<p>Alla best\u00e4llningar som mottas f\u00f6re kl. 14 p\u00e5 vardagar skickas samma dag.<\/p>\n<h4>Leveranser till Finland:<\/h4>\n<p>Den typiska leveranstiden f\u00f6r Matkahuolto och Posti \u00e4r 1 \u2013 3 arbetsdagar.<\/p>\n<h4>Leveranser till andra EU-l\u00e4nder:<\/h4>\n<p>GLS-paket levereras till de nordiska l\u00e4nderna eller Baltikum vanligtvis inom 1\u20133 arbetsdagar. Leveranser till \u00f6vriga EU-l\u00e4nder sker huvudsakligen inom 3 \u2013 5 arbetsdagar.<\/p>\n<p>Vi ansvarar inte f\u00f6r eventuella f\u00f6rseningar orsakade av transportf\u00f6retag eller f\u00f6rseningar p\u00e5 grund av force majeure eller f\u00f6r indirekta skador orsakade av f\u00f6rseningar.<\/p>\n<p><strong>Leveransmetoder och -kostnader till Finland:<\/strong><\/p>\n<ul>\n<li>Postpaket: 4,91 \u20ac<\/li>\n<li>Matkahuolto, N\u00e4ra-paket: 4,71 \u20ac<\/li>\n<li>Best\u00e4llningar \u00f6ver 50 \u20ac skickas utan leveranskostnad<\/li>\n<li>\u00c5terf\u00f6rs\u00e4ljares leveranskostnader till Finland: 9,90 \u20ac<\/li>\n<\/ul>\n<p>Vi skickar best\u00e4llningar som f\u00f6rs\u00e4ndelser som kan sp\u00e5ras med det sp\u00e5rningsnummer du f\u00e5r. Om du har angett ditt telefonnummer och\/eller din e-postadress f\u00e5r du en ankomstavisering fr\u00e5n det valda transportf\u00f6retaget via sms och\/eller e-post.<\/p>\n<p>Om du inte h\u00e4mtar din best\u00e4llning inom den tid som transportf\u00f6retaget angett, returneras din best\u00e4llning automatiskt till avs\u00e4ndaren, dvs. Aromtech Oy. I detta fall anser vi att k\u00f6pet \u00e4r annullerat och \u00e5terbetalar din betalning f\u00f6r best\u00e4llningen. Observera att vi inte \u00e5terbetalar eventuella fraktkostnader f\u00f6r din best\u00e4llning.<\/p>\n<p><strong>Leveransmetoder och -kostnader till \u00f6vriga EU-l\u00e4nder:<\/strong><\/p>\n<ul>\n<li>GLS-paket: 9,50 \u20ac<\/li>\n<li>Fri frakt p\u00e5 best\u00e4llningar \u00f6ver 96 \u20ac<\/li>\n<\/ul>\n<p>Om du inte h\u00e4mtar din best\u00e4llning inom den tid som transportf\u00f6retaget angett, returneras din best\u00e4llning automatiskt till avs\u00e4ndaren, dvs. Aromtech Oy. I detta fall anser vi att k\u00f6pet \u00e4r annullerat och \u00e5terbetalar din betalning. Observera att vi inte \u00e5terbetalar eventuella fraktkostnader f\u00f6r din best\u00e4llning.<\/p>\n<p><strong>Returvillkor<\/strong><\/p>\n<p>Du har r\u00e4tt att returnera hela din best\u00e4llning eller delar av den inom 14 dagar efter mottagandet av best\u00e4llningen i enlighet med finsk konsumentskyddslagstiftning. Returen \u00e4r gratis f\u00f6r dig. \u00c5ngerr\u00e4tten g\u00e4ller endast oanv\u00e4nda och s\u00e4ljbara produkter i originalf\u00f6rpackning.<\/p>\n<p><strong>F\u00f6rpackning av Returf\u00f6rs\u00e4ndelser<\/strong><\/p>\n<p>Produkten som ska returneras m\u00e5ste f\u00f6rpackas v\u00e4l f\u00f6r att f\u00f6rhindra skador under returtransporten. Vi \u00e5terbetalar inte produktens pris om:<\/p>\n<p>Produkten har anv\u00e4nts eller skadats Produktens f\u00f6rs\u00e4ljningsf\u00f6rpackning \u00e4r skadad Produkten inte \u00e4r i originalf\u00f6rpackningen F\u00f6rpackningen saknar delar som tillh\u00f6r produkten Returf\u00f6rs\u00e4ndelse (produkter best\u00e4llda i Finland)<\/p>\n<p>Ta den v\u00e4lf\u00f6rpackade returen till en Matkahuolto- eller Posti-servicepunkt och skicka den till adressen nedan med hj\u00e4lp av Posti- eller Matkahuoltos avtalsnummer. Returer kan inte l\u00e4mnas till en paketautomat. Beg\u00e4r ett kvitto p\u00e5 din retur och spara det tills du f\u00e5r en bekr\u00e4ftelse p\u00e5 mottagandet av din retur via e-post. Vi ers\u00e4tter endast f\u00f6rlorade f\u00f6rs\u00e4ndelser under returen om kunden kan uppvisa ett kvitto p\u00e5 returen.<\/p>\n<p>&nbsp;<\/p>\n<p><strong>Returadress: <\/strong><\/p>\n<p style=\"text-align: left;\">Pet &amp; Berries Oy<\/p>\n<p style=\"text-align: left;\">c\/o Logitrail Oy<\/p>\n<p style=\"text-align: left;\">Ojakatu 3<\/p>\n<p style=\"text-align: left;\">21200 Raisio<\/p>\n<p>&nbsp;<\/p>\n<p><strong>Avtalsnummer f\u00f6r returer: <\/strong><\/p>\n<p>Posti: 642030<br \/>\nMatkahuolto: 9517043<\/p>\n<p><strong>Returf\u00f6rs\u00e4ndelse (produkter best\u00e4llda utanf\u00f6r Finland)<\/strong><\/p>\n<p>Kontakta v\u00e5r kundtj\u00e4nst p\u00e5 <a href=\"mailto:hello@berryomg.com\" rel=\"noreferrer\">hello@berryomg.com<\/a> och informera dem om att du vill returnera best\u00e4llningen. Kundtj\u00e4nst kommer att ge dig detaljerade returinstruktioner.<\/p>\n<p><strong>\u00c5terbetalningsprocess<\/strong><\/p>\n<p>Vi \u00e5terbetalar din betalning n\u00e4r vi har mottagit de returnerade produkterna och kontrollerat att de \u00e4r i enlighet med v\u00e5ra returvillkor. Observera att vi inte \u00e5terbetalar eventuella fraktkostnader f\u00f6r din best\u00e4llning.<\/p>\n<h4>Reklamationer och Problem<\/h4>\n<p>Om de best\u00e4llda produkterna inte har kommit fram inom den f\u00f6rv\u00e4ntade tiden, kontakta f\u00f6rst ditt valda transportf\u00f6retag. F\u00f6r att l\u00f6sa problemet beh\u00f6ver du sp\u00e5rningsnumret som du fick med din best\u00e4llning.<\/p>\n<p>Om paketet \u00e4r skadat under transporten m\u00e5ste en omedelbar anm\u00e4lan g\u00f6ras till kundtj\u00e4nsten som \u00f6verl\u00e4mnade f\u00f6rs\u00e4ndelsen.<\/p>\n<p>Om en produkt \u00e4r defekt eller p\u00e5 annat s\u00e4tt inte motsvarar din best\u00e4llning, v\u00e4nligen meddela oss om felet inom 14 dagar efter mottagandet av f\u00f6rs\u00e4ndelsen genom att kontakta v\u00e5r kundtj\u00e4nst p\u00e5 <a href=\"mailto:hello@berryomg.com\" rel=\"noreferrer\">hello@berryomg.com<\/a>.<\/p>\n<p><strong>Kundtj\u00e4nst \u00e4r \u00f6ppen:<\/strong><\/p>\n<p>M\u00e5ndag till fredag fr\u00e5n 09.00 till 16.00.<\/p>\n<p>Kundtj\u00e4nst finns tillg\u00e4nglig p\u00e5 finska och engelska p\u00e5 +358 207 789 025.<\/p>\n","protected":false},"excerpt":{"rendered":"<p>G\u00e4llande fr\u00e5n och med 1.1.2024 BerryOMG webbutik Pet &amp; Berries Oy (FO-nummer 3434954-2) s\u00e4ljer produkter till myndiga privatpersoner och f\u00f6retag i Finland och Europa. Produktpriserna inkluderar merv\u00e4rdesskatt. Vi f\u00f6rbeh\u00e5ller oss r\u00e4tten att \u00e4ndra priser och leveranskostnader. Best\u00e4llning Du kan best\u00e4lla produkter fr\u00e5n v\u00e5r webbutik genom att l\u00e4gga dem i kundvagnen och betala f\u00f6r produkterna i [&hellip;]<\/p>\n","protected":false},"author":1,"featured_media":0,"parent":0,"menu_order":0,"comment_status":"closed","ping_status":"closed","template":"","meta":{"_acf_changed":false,"footnotes":""},"class_list":["post-5030","page","type-page","status-publish","hentry"],"acf":[],"yoast_head":"<!-- This site is optimized with the Yoast SEO plugin v27.3 - https:\/\/yoast.com\/product\/yoast-seo-wordpress\/ -->\n<title>K\u00f6p- och leveransvillkor - BerryOMG<\/title>\n<meta name=\"robots\" content=\"index, follow, max-snippet:-1, max-image-preview:large, max-video-preview:-1\" \/>\n<link rel=\"canonical\" href=\"https:\/\/berryomg.com\/sv\/kop-och-leveransvillkor\/\" \/>\n<meta property=\"og:locale\" content=\"sv_SE\" \/>\n<meta property=\"og:type\" content=\"article\" \/>\n<meta property=\"og:title\" content=\"K\u00f6p- och leveransvillkor - BerryOMG\" \/>\n<meta property=\"og:description\" content=\"G\u00e4llande fr\u00e5n och med 1.1.2024 BerryOMG webbutik Pet &amp; Berries Oy (FO-nummer 3434954-2) s\u00e4ljer produkter till myndiga privatpersoner och f\u00f6retag i Finland och Europa. Produktpriserna inkluderar merv\u00e4rdesskatt. Vi f\u00f6rbeh\u00e5ller oss r\u00e4tten att \u00e4ndra priser och leveranskostnader. Best\u00e4llning Du kan best\u00e4lla produkter fr\u00e5n v\u00e5r webbutik genom att l\u00e4gga dem i kundvagnen och betala f\u00f6r produkterna i [&hellip;]\" \/>\n<meta property=\"og:url\" content=\"https:\/\/berryomg.com\/sv\/kop-och-leveransvillkor\/\" \/>\n<meta property=\"og:site_name\" content=\"BerryOMG\" \/>\n<meta property=\"article:modified_time\" content=\"2025-01-15T13:29:38+00:00\" \/>\n<meta name=\"twitter:card\" content=\"summary_large_image\" \/>\n<meta name=\"twitter:label1\" content=\"Ber\u00e4knad l\u00e4stid\" \/>\n\t<meta name=\"twitter:data1\" content=\"7 minuter\" \/>\n<script type=\"application\/ld+json\" class=\"yoast-schema-graph\">{\"@context\":\"https:\\\/\\\/schema.org\",\"@graph\":[{\"@type\":\"WebPage\",\"@id\":\"https:\\\/\\\/berryomg.com\\\/sv\\\/kop-och-leveransvillkor\\\/\",\"url\":\"https:\\\/\\\/berryomg.com\\\/sv\\\/kop-och-leveransvillkor\\\/\",\"name\":\"K\u00f6p- och leveransvillkor - BerryOMG\",\"isPartOf\":{\"@id\":\"https:\\\/\\\/berryomg.com\\\/sv\\\/#website\"},\"datePublished\":\"2023-11-10T12:08:35+00:00\",\"dateModified\":\"2025-01-15T13:29:38+00:00\",\"breadcrumb\":{\"@id\":\"https:\\\/\\\/berryomg.com\\\/sv\\\/kop-och-leveransvillkor\\\/#breadcrumb\"},\"inLanguage\":\"sv-SE\",\"potentialAction\":[{\"@type\":\"ReadAction\",\"target\":[\"https:\\\/\\\/berryomg.com\\\/sv\\\/kop-och-leveransvillkor\\\/\"]}]},{\"@type\":\"BreadcrumbList\",\"@id\":\"https:\\\/\\\/berryomg.com\\\/sv\\\/kop-och-leveransvillkor\\\/#breadcrumb\",\"itemListElement\":[{\"@type\":\"ListItem\",\"position\":1,\"name\":\"Etusivu\",\"item\":\"https:\\\/\\\/berryomg.com\\\/sv\\\/\"},{\"@type\":\"ListItem\",\"position\":2,\"name\":\"K\u00f6p- och leveransvillkor\"}]},{\"@type\":\"WebSite\",\"@id\":\"https:\\\/\\\/berryomg.com\\\/sv\\\/#website\",\"url\":\"https:\\\/\\\/berryomg.com\\\/sv\\\/\",\"name\":\"BerryOMG\",\"description\":\"\",\"potentialAction\":[{\"@type\":\"SearchAction\",\"target\":{\"@type\":\"EntryPoint\",\"urlTemplate\":\"https:\\\/\\\/berryomg.com\\\/sv\\\/?s={search_term_string}\"},\"query-input\":{\"@type\":\"PropertyValueSpecification\",\"valueRequired\":true,\"valueName\":\"search_term_string\"}}],\"inLanguage\":\"sv-SE\"}]}<\/script>\n<!-- \/ Yoast SEO plugin. -->","yoast_head_json":{"title":"K\u00f6p- och leveransvillkor - BerryOMG","robots":{"index":"index","follow":"follow","max-snippet":"max-snippet:-1","max-image-preview":"max-image-preview:large","max-video-preview":"max-video-preview:-1"},"canonical":"https:\/\/berryomg.com\/sv\/kop-och-leveransvillkor\/","og_locale":"sv_SE","og_type":"article","og_title":"K\u00f6p- och leveransvillkor - BerryOMG","og_description":"G\u00e4llande fr\u00e5n och med 1.1.2024 BerryOMG webbutik Pet &amp; Berries Oy (FO-nummer 3434954-2) s\u00e4ljer produkter till myndiga privatpersoner och f\u00f6retag i Finland och Europa. Produktpriserna inkluderar merv\u00e4rdesskatt. Vi f\u00f6rbeh\u00e5ller oss r\u00e4tten att \u00e4ndra priser och leveranskostnader. Best\u00e4llning Du kan best\u00e4lla produkter fr\u00e5n v\u00e5r webbutik genom att l\u00e4gga dem i kundvagnen och betala f\u00f6r produkterna i [&hellip;]","og_url":"https:\/\/berryomg.com\/sv\/kop-och-leveransvillkor\/","og_site_name":"BerryOMG","article_modified_time":"2025-01-15T13:29:38+00:00","twitter_card":"summary_large_image","twitter_misc":{"Ber\u00e4knad l\u00e4stid":"7 minuter"},"schema":{"@context":"https:\/\/schema.org","@graph":[{"@type":"WebPage","@id":"https:\/\/berryomg.com\/sv\/kop-och-leveransvillkor\/","url":"https:\/\/berryomg.com\/sv\/kop-och-leveransvillkor\/","name":"K\u00f6p- och leveransvillkor - BerryOMG","isPartOf":{"@id":"https:\/\/berryomg.com\/sv\/#website"},"datePublished":"2023-11-10T12:08:35+00:00","dateModified":"2025-01-15T13:29:38+00:00","breadcrumb":{"@id":"https:\/\/berryomg.com\/sv\/kop-och-leveransvillkor\/#breadcrumb"},"inLanguage":"sv-SE","potentialAction":[{"@type":"ReadAction","target":["https:\/\/berryomg.com\/sv\/kop-och-leveransvillkor\/"]}]},{"@type":"BreadcrumbList","@id":"https:\/\/berryomg.com\/sv\/kop-och-leveransvillkor\/#breadcrumb","itemListElement":[{"@type":"ListItem","position":1,"name":"Etusivu","item":"https:\/\/berryomg.com\/sv\/"},{"@type":"ListItem","position":2,"name":"K\u00f6p- och leveransvillkor"}]},{"@type":"WebSite","@id":"https:\/\/berryomg.com\/sv\/#website","url":"https:\/\/berryomg.com\/sv\/","name":"BerryOMG","description":"","potentialAction":[{"@type":"SearchAction","target":{"@type":"EntryPoint","urlTemplate":"https:\/\/berryomg.com\/sv\/?s={search_term_string}"},"query-input":{"@type":"PropertyValueSpecification","valueRequired":true,"valueName":"search_term_string"}}],"inLanguage":"sv-SE"}]}},"_links":{"self":[{"href":"https:\/\/berryomg.com\/sv\/wp-json\/wp\/v2\/pages\/5030","targetHints":{"allow":["GET"]}}],"collection":[{"href":"https:\/\/berryomg.com\/sv\/wp-json\/wp\/v2\/pages"}],"about":[{"href":"https:\/\/berryomg.com\/sv\/wp-json\/wp\/v2\/types\/page"}],"author":[{"embeddable":true,"href":"https:\/\/berryomg.com\/sv\/wp-json\/wp\/v2\/users\/1"}],"replies":[{"embeddable":true,"href":"https:\/\/berryomg.com\/sv\/wp-json\/wp\/v2\/comments?post=5030"}],"version-history":[{"count":9,"href":"https:\/\/berryomg.com\/sv\/wp-json\/wp\/v2\/pages\/5030\/revisions"}],"predecessor-version":[{"id":7687,"href":"https:\/\/berryomg.com\/sv\/wp-json\/wp\/v2\/pages\/5030\/revisions\/7687"}],"wp:attachment":[{"href":"https:\/\/berryomg.com\/sv\/wp-json\/wp\/v2\/media?parent=5030"}],"curies":[{"name":"wp","href":"https:\/\/api.w.org\/{rel}","templated":true}]}}