{"id":6090,"date":"2023-11-10T14:46:41","date_gmt":"2023-11-10T12:46:41","guid":{"rendered":"https:\/\/berryomg.com\/tietosuojaseloste\/"},"modified":"2024-09-25T11:18:53","modified_gmt":"2024-09-25T08:18:53","slug":"integritetspolicy","status":"publish","type":"page","link":"https:\/\/berryomg.com\/sv\/integritetspolicy\/","title":{"rendered":"Integritetspolicy"},"content":{"rendered":"<div class=\"elementor-element elementor-element-178ce3c elementor-widget elementor-widget-text-editor\" data-id=\"178ce3c\" data-element_type=\"widget\" data-widget_type=\"text-editor.default\">\n<div class=\"elementor-widget-container\">\n<h3>Registeransvarig<\/h3>\n<\/div>\n<\/div>\n<div class=\"elementor-element elementor-element-50b87eaa elementor-widget elementor-widget-text-editor\" data-id=\"50b87eaa\" data-element_type=\"widget\" data-widget_type=\"text-editor.default\">\n<div class=\"elementor-widget-container\">\n<p>Pet &amp; Berries Oy<br \/>\nVeturitallintie 1<br \/>\n95410 Tornio, Finland<br \/>\n<span class=\"ui-provider a b c d e f g h i j k l m n o p q r s t u v w x y z ab ac ae af ag ah ai aj ak\" dir=\"ltr\">Organisationsnummer 3434954-2<\/span><br \/>\n<a href=\"mailto:hello@berryomg.com\">hello@berryomg.com<\/a><br \/>\n<a href=\"http:\/\/www.berryomg.com\">www.berryomg.com<\/a><\/p>\n<h3>Kontaktperson f\u00f6r fr\u00e5gor ang\u00e5ende registret<\/h3>\n<p>VD Helena Korte<br \/>\nVeturitallintie 1, 95410 Tornio, Finland<br \/>\np.\u00a0\u00a00207 789 020<br \/>\n<a href=\"hello@berryomg.com\">hello@berryomg.com<\/a><\/p>\n<h3><strong>\u00c4ndam\u00e5l med registret<\/strong><\/h3>\n<p>De insamlade personuppgifterna anv\u00e4nds f\u00f6r att hantera och utveckla kundrelationer, potentiella kunder och andra kontakter samt f\u00f6r kommunikation och marknadsf\u00f6ring.<\/p>\n<h3><strong>Inneh\u00e5ll i registret<\/strong><\/h3>\n<p>F\u00f6ljande uppgifter, som samlas in via kontaktformul\u00e4ret, lagras i registret:<\/p>\n<ul>\n<li>Personens namn<\/li>\n<li>E-postadress<\/li>\n<\/ul>\n<h3><strong>Cookies<\/strong><\/h3>\n<p>Webbplatsen anv\u00e4nder cookies. En cookie \u00e4r en liten textfil som skickas till anv\u00e4ndarens dator eller mobil enhet och lagras d\u00e4r. Syftet med att anv\u00e4nda cookies \u00e4r att f\u00f6rb\u00e4ttra och anpassa bes\u00f6karens anv\u00e4ndarupplevelse p\u00e5 webbplatsen samt att analysera och f\u00f6rb\u00e4ttra webbplatsens funktionalitet och inneh\u00e5ll. Uppgifter som samlas in genom cookies kan \u00e4ven anv\u00e4ndas f\u00f6r att rikta kommunikation och marknadsf\u00f6ring. Information som erh\u00e5lls genom cookies kan kopplas till uppgifter som eventuellt har samlats in om anv\u00e4ndaren i ett annat sammanhang, till exempel n\u00e4r anv\u00e4ndaren fyller i ett formul\u00e4r p\u00e5 v\u00e5r webbplats.<\/p>\n<h3><strong>Regelbundna informationsk\u00e4llor<\/strong><\/h3>\n<p>Uppgifterna har erh\u00e5llits fr\u00e5n de personer som finns i registret.<\/p>\n<h3><strong>Regelbundna utl\u00e4mnanden av uppgifter<\/strong><\/h3>\n<p>Uppgifter l\u00e4mnas inte ut till tredje part. Uppgifter \u00f6verf\u00f6rs inte heller utanf\u00f6r Europeiska unionen eller Europeiska ekonomiska samarbetsomr\u00e5det.<\/p>\n<h3><strong>Principer f\u00f6r skydd av registret<\/strong><\/h3>\n<p>Personuppgifter i registret f\u00f6rvaras konfidentiellt. Det finns ingen tillg\u00e5ng till registret via offentliga n\u00e4tverk. N\u00e4tverken och h\u00e5rdvaran \u00e4r skyddade p\u00e5 l\u00e4mpligt s\u00e4tt med bland annat brandv\u00e4ggar och l\u00f6senord.<\/p>\n<h3><strong>Registrerades r\u00e4ttigheter<\/strong><\/h3>\n<p>Den registrerade har r\u00e4tt att bland annat beg\u00e4ra tillg\u00e5ng till sina personuppgifter, beg\u00e4ra r\u00e4ttelse av felaktiga och ofullst\u00e4ndiga uppgifter samt beg\u00e4ra radering av uppgifter. Kontakter ang\u00e5ende dessa beg\u00e4rningar ska g\u00f6ras skriftligen och undertecknas till kontaktpersonen f\u00f6r registret.<\/p>\n<\/div>\n<\/div>\n","protected":false},"excerpt":{"rendered":"<p>Registeransvarig Pet &amp; Berries Oy Veturitallintie 1 95410 Tornio, Finland Organisationsnummer 3434954-2 hello@berryomg.com www.berryomg.com Kontaktperson f\u00f6r fr\u00e5gor ang\u00e5ende registret VD Helena Korte Veturitallintie 1, 95410 Tornio, Finland p.\u00a0\u00a00207 789 020 hello@berryomg.com \u00c4ndam\u00e5l med registret De insamlade personuppgifterna anv\u00e4nds f\u00f6r att hantera och utveckla kundrelationer, potentiella kunder och andra kontakter samt f\u00f6r kommunikation och marknadsf\u00f6ring. Inneh\u00e5ll [&hellip;]<\/p>\n","protected":false},"author":1,"featured_media":0,"parent":0,"menu_order":0,"comment_status":"closed","ping_status":"closed","template":"","meta":{"_acf_changed":false,"footnotes":""},"class_list":["post-6090","page","type-page","status-publish","hentry"],"acf":[],"yoast_head":"<!-- This site is optimized with the Yoast SEO plugin v27.3 - https:\/\/yoast.com\/product\/yoast-seo-wordpress\/ -->\n<title>Integritetspolicy - BerryOMG<\/title>\n<meta name=\"robots\" content=\"index, follow, max-snippet:-1, max-image-preview:large, max-video-preview:-1\" \/>\n<link rel=\"canonical\" href=\"https:\/\/berryomg.com\/sv\/integritetspolicy\/\" \/>\n<meta property=\"og:locale\" content=\"sv_SE\" \/>\n<meta property=\"og:type\" content=\"article\" \/>\n<meta property=\"og:title\" content=\"Integritetspolicy - BerryOMG\" \/>\n<meta property=\"og:description\" content=\"Registeransvarig Pet &amp; Berries Oy Veturitallintie 1 95410 Tornio, Finland Organisationsnummer 3434954-2 hello@berryomg.com www.berryomg.com Kontaktperson f\u00f6r fr\u00e5gor ang\u00e5ende registret VD Helena Korte Veturitallintie 1, 95410 Tornio, Finland p.\u00a0\u00a00207 789 020 hello@berryomg.com \u00c4ndam\u00e5l med registret De insamlade personuppgifterna anv\u00e4nds f\u00f6r att hantera och utveckla kundrelationer, potentiella kunder och andra kontakter samt f\u00f6r kommunikation och marknadsf\u00f6ring. Inneh\u00e5ll [&hellip;]\" \/>\n<meta property=\"og:url\" content=\"https:\/\/berryomg.com\/sv\/integritetspolicy\/\" \/>\n<meta property=\"og:site_name\" content=\"BerryOMG\" \/>\n<meta property=\"article:modified_time\" content=\"2024-09-25T08:18:53+00:00\" \/>\n<meta name=\"twitter:card\" content=\"summary_large_image\" \/>\n<meta name=\"twitter:label1\" content=\"Ber\u00e4knad l\u00e4stid\" \/>\n\t<meta name=\"twitter:data1\" content=\"2 minuter\" \/>\n<script type=\"application\/ld+json\" class=\"yoast-schema-graph\">{\"@context\":\"https:\\\/\\\/schema.org\",\"@graph\":[{\"@type\":\"WebPage\",\"@id\":\"https:\\\/\\\/berryomg.com\\\/sv\\\/integritetspolicy\\\/\",\"url\":\"https:\\\/\\\/berryomg.com\\\/sv\\\/integritetspolicy\\\/\",\"name\":\"Integritetspolicy - BerryOMG\",\"isPartOf\":{\"@id\":\"https:\\\/\\\/berryomg.com\\\/sv\\\/#website\"},\"datePublished\":\"2023-11-10T12:46:41+00:00\",\"dateModified\":\"2024-09-25T08:18:53+00:00\",\"breadcrumb\":{\"@id\":\"https:\\\/\\\/berryomg.com\\\/sv\\\/integritetspolicy\\\/#breadcrumb\"},\"inLanguage\":\"sv-SE\",\"potentialAction\":[{\"@type\":\"ReadAction\",\"target\":[\"https:\\\/\\\/berryomg.com\\\/sv\\\/integritetspolicy\\\/\"]}]},{\"@type\":\"BreadcrumbList\",\"@id\":\"https:\\\/\\\/berryomg.com\\\/sv\\\/integritetspolicy\\\/#breadcrumb\",\"itemListElement\":[{\"@type\":\"ListItem\",\"position\":1,\"name\":\"Etusivu\",\"item\":\"https:\\\/\\\/berryomg.com\\\/sv\\\/\"},{\"@type\":\"ListItem\",\"position\":2,\"name\":\"Integritetspolicy\"}]},{\"@type\":\"WebSite\",\"@id\":\"https:\\\/\\\/berryomg.com\\\/sv\\\/#website\",\"url\":\"https:\\\/\\\/berryomg.com\\\/sv\\\/\",\"name\":\"BerryOMG\",\"description\":\"\",\"potentialAction\":[{\"@type\":\"SearchAction\",\"target\":{\"@type\":\"EntryPoint\",\"urlTemplate\":\"https:\\\/\\\/berryomg.com\\\/sv\\\/?s={search_term_string}\"},\"query-input\":{\"@type\":\"PropertyValueSpecification\",\"valueRequired\":true,\"valueName\":\"search_term_string\"}}],\"inLanguage\":\"sv-SE\"}]}<\/script>\n<!-- \/ Yoast SEO plugin. -->","yoast_head_json":{"title":"Integritetspolicy - BerryOMG","robots":{"index":"index","follow":"follow","max-snippet":"max-snippet:-1","max-image-preview":"max-image-preview:large","max-video-preview":"max-video-preview:-1"},"canonical":"https:\/\/berryomg.com\/sv\/integritetspolicy\/","og_locale":"sv_SE","og_type":"article","og_title":"Integritetspolicy - BerryOMG","og_description":"Registeransvarig Pet &amp; Berries Oy Veturitallintie 1 95410 Tornio, Finland Organisationsnummer 3434954-2 hello@berryomg.com www.berryomg.com Kontaktperson f\u00f6r fr\u00e5gor ang\u00e5ende registret VD Helena Korte Veturitallintie 1, 95410 Tornio, Finland p.\u00a0\u00a00207 789 020 hello@berryomg.com \u00c4ndam\u00e5l med registret De insamlade personuppgifterna anv\u00e4nds f\u00f6r att hantera och utveckla kundrelationer, potentiella kunder och andra kontakter samt f\u00f6r kommunikation och marknadsf\u00f6ring. Inneh\u00e5ll [&hellip;]","og_url":"https:\/\/berryomg.com\/sv\/integritetspolicy\/","og_site_name":"BerryOMG","article_modified_time":"2024-09-25T08:18:53+00:00","twitter_card":"summary_large_image","twitter_misc":{"Ber\u00e4knad l\u00e4stid":"2 minuter"},"schema":{"@context":"https:\/\/schema.org","@graph":[{"@type":"WebPage","@id":"https:\/\/berryomg.com\/sv\/integritetspolicy\/","url":"https:\/\/berryomg.com\/sv\/integritetspolicy\/","name":"Integritetspolicy - BerryOMG","isPartOf":{"@id":"https:\/\/berryomg.com\/sv\/#website"},"datePublished":"2023-11-10T12:46:41+00:00","dateModified":"2024-09-25T08:18:53+00:00","breadcrumb":{"@id":"https:\/\/berryomg.com\/sv\/integritetspolicy\/#breadcrumb"},"inLanguage":"sv-SE","potentialAction":[{"@type":"ReadAction","target":["https:\/\/berryomg.com\/sv\/integritetspolicy\/"]}]},{"@type":"BreadcrumbList","@id":"https:\/\/berryomg.com\/sv\/integritetspolicy\/#breadcrumb","itemListElement":[{"@type":"ListItem","position":1,"name":"Etusivu","item":"https:\/\/berryomg.com\/sv\/"},{"@type":"ListItem","position":2,"name":"Integritetspolicy"}]},{"@type":"WebSite","@id":"https:\/\/berryomg.com\/sv\/#website","url":"https:\/\/berryomg.com\/sv\/","name":"BerryOMG","description":"","potentialAction":[{"@type":"SearchAction","target":{"@type":"EntryPoint","urlTemplate":"https:\/\/berryomg.com\/sv\/?s={search_term_string}"},"query-input":{"@type":"PropertyValueSpecification","valueRequired":true,"valueName":"search_term_string"}}],"inLanguage":"sv-SE"}]}},"_links":{"self":[{"href":"https:\/\/berryomg.com\/sv\/wp-json\/wp\/v2\/pages\/6090","targetHints":{"allow":["GET"]}}],"collection":[{"href":"https:\/\/berryomg.com\/sv\/wp-json\/wp\/v2\/pages"}],"about":[{"href":"https:\/\/berryomg.com\/sv\/wp-json\/wp\/v2\/types\/page"}],"author":[{"embeddable":true,"href":"https:\/\/berryomg.com\/sv\/wp-json\/wp\/v2\/users\/1"}],"replies":[{"embeddable":true,"href":"https:\/\/berryomg.com\/sv\/wp-json\/wp\/v2\/comments?post=6090"}],"version-history":[{"count":4,"href":"https:\/\/berryomg.com\/sv\/wp-json\/wp\/v2\/pages\/6090\/revisions"}],"predecessor-version":[{"id":6094,"href":"https:\/\/berryomg.com\/sv\/wp-json\/wp\/v2\/pages\/6090\/revisions\/6094"}],"wp:attachment":[{"href":"https:\/\/berryomg.com\/sv\/wp-json\/wp\/v2\/media?parent=6090"}],"curies":[{"name":"wp","href":"https:\/\/api.w.org\/{rel}","templated":true}]}}