{"id":13046,"date":"2026-03-13T10:51:46","date_gmt":"2026-03-13T08:51:46","guid":{"rendered":"https:\/\/berryomg.com\/?post_type=product&#038;p=13046"},"modified":"2026-04-08T09:47:01","modified_gmt":"2026-04-08T06:47:01","slug":"eyes-paws-flytande-for-torra-tassar-och-ogon-50-ml","status":"publish","type":"product","link":"https:\/\/berryomg.com\/sv\/tuote\/eyes-paws-flytande-for-torra-tassar-och-ogon-50-ml\/","title":{"rendered":"Eyes &#038; Paws flytande \u2013 f\u00f6r torra tassar och \u00f6gon  &#8211; 50 ml"},"content":{"rendered":"<p>Flytande kompletteringsfoder f\u00f6r hundar och katter.<\/p>\n<p><em>Inte inneh\u00e5ller konstgjorda f\u00e4rg\u00e4mnen, j\u00e4st, socker, laktos,<\/em><br \/>\n<em>vete\/gluten, fiskolja, animaliska ingredienser.<\/em><\/p>\n<p><strong>Sammans\u00e4ttning:<\/strong><br \/>\nHavtornsolja, rosmarinextrakt (antioxidant)<\/p>\n<p><strong>Naturliga n\u00e4ringstillsatser:<\/strong><br \/>\nD-\u03b1-tokoferolextrakt (vitamin E,4 mg\/ml), \u03b2-karoten (0,8 mg\/ml)<\/p>\n<p><strong>Analytiska best\u00e5ndsdelar:<\/strong><br \/>\nFett 100 %<\/p>\n<div id=\"tablepress-5-scroll-wrapper\" class=\"tablepress-scroll-wrapper\">\n<div id=\"tablepress-5_wrapper\" class=\"dataTables_wrapper no-footer\">\n<table id=\"tablepress-5\" class=\"tablepress tablepress-id-5 tablepress-responsive dataTable no-footer\" style=\"width: 25.7364%;\">\n<caption>\u00a0<\/caption>\n<thead>\n<tr class=\"row-1 odd\">\n<th class=\"column-1 sorting_disabled\" style=\"width: 59.1716%;\">Analytiska best\u00e5ndsdelar<\/th>\n<th class=\"column-2 sorting_disabled\" style=\"width: 15.9763%;\">mg \/1 ml<\/th>\n<\/tr>\n<\/thead>\n<tbody class=\"row-hover\">\n<tr class=\"row-7 odd\">\n<td class=\"column-1\" style=\"width: 59.1716%;\">Omega-3 fettsyror<\/td>\n<td class=\"column-2\" style=\"width: 15.9763%;\">130 mg<\/td>\n<\/tr>\n<tr class=\"row-8 even\">\n<td class=\"column-1\" style=\"width: 59.1716%;\">Omega-6 fettsyror<\/td>\n<td class=\"column-2\" style=\"width: 15.9763%;\">170 mg<\/td>\n<\/tr>\n<tr class=\"row-9 odd\">\n<td class=\"column-1\" style=\"width: 59.1716%;\">Omega-7 fettsyror<\/td>\n<td class=\"column-2\" style=\"width: 15.9763%;\">300 mg<\/td>\n<\/tr>\n<tr class=\"row-10 even\">\n<td class=\"column-1\" style=\"width: 59.1716%;\">Omega-9 fettsyror<\/td>\n<td class=\"column-2\" style=\"width: 15.9763%;\">180 mg<\/td>\n<\/tr>\n<\/tbody>\n<\/table>\n<\/div>\n<\/div>\n","protected":false},"excerpt":{"rendered":"<p>Vi testade havtornsolja p\u00e5 \u00f6ver 100 finska hundar med torra och spruckna trampdynor samt rinnande \u00f6gon. I ett \u00e5tta veckor l\u00e5ngt anv\u00e4ndningstest f\u00f6rb\u00e4ttrades trampdynornas skick hos 94 %, och hos de flesta minskade \u00e4ven \u00f6gonfl\u00f6det.<\/p>\n<ul>\n<li>Omega-3, -6, -7 och -9 fettsyror samt naturligt vitamin E<\/li>\n<li>Tillverkade av havtornsolja, som inneh\u00e5ller en naturligt unik sammans\u00e4ttning av omega-3-, -6-, -7- och -9-fettsyror<\/li>\n<li>Utm\u00e4rkt f\u00f6r torra och spruckna trampdynor och g\u00f6r \u00e4ven p\u00e4lsen glansig<\/li>\n<li>Extra \u00e5terfuktning f\u00f6r torra och rinnande \u00f6gon<\/li>\n<li>Antioxidanter skyddar mot effekterna av \u00e5ldrande och st\u00f6djer immunsystemets normala funktion<\/li>\n<li>Utvecklad i samarbete med en n\u00e4ringsspecialist f\u00f6r djur<\/li>\n<li>F\u00f6rpackad i en praktisk airless-flaska som skyddar de v\u00e4rdefulla oljorna fr\u00e5n syre och ljus<\/li>\n<li>Synliga resultat inom 2\u20136 veckor<\/li>\n<\/ul>\n","protected":false},"featured_media":13051,"comment_status":"open","ping_status":"closed","template":"","meta":{"_acf_changed":false},"product_brand":[],"product_cat":[125,95],"product_tag":[],"class_list":{"0":"post-13046","1":"product","2":"type-product","3":"status-publish","4":"has-post-thumbnail","6":"product_cat-pullooljyt","7":"product_cat-yleinen-sv","9":"first","10":"instock","11":"taxable","12":"shipping-taxable","13":"purchasable","14":"product-type-simple"},"acf":[],"yoast_head":"<!-- This site is optimized with the Yoast SEO plugin v27.3 - https:\/\/yoast.com\/product\/yoast-seo-wordpress\/ -->\n<title>Eyes &amp; Paws flytande \u2013 f\u00f6r torra tassar och \u00f6gon - 50 ml - BerryOMG<\/title>\n<meta name=\"description\" content=\"BERRYOMG Eyes &amp; Paws flytande havtornsolja kostillskott \u00e5terfuktar torra tassar och torra rinnande \u00f6gon f\u00f6rhindrar t\u00e5rfl\u00e4ckar.\" \/>\n<meta name=\"robots\" content=\"index, follow, max-snippet:-1, max-image-preview:large, max-video-preview:-1\" \/>\n<link rel=\"canonical\" href=\"https:\/\/berryomg.com\/sv\/tuote\/eyes-paws-flytande-for-torra-tassar-och-ogon-50-ml\/\" \/>\n<meta property=\"og:locale\" content=\"sv_SE\" \/>\n<meta property=\"og:type\" content=\"article\" \/>\n<meta property=\"og:title\" content=\"Eyes &amp; Paws flytande \u2013 f\u00f6r torra tassar och \u00f6gon - 50 ml - BerryOMG\" \/>\n<meta property=\"og:description\" content=\"BERRYOMG Eyes &amp; Paws flytande havtornsolja kostillskott \u00e5terfuktar torra tassar och torra rinnande \u00f6gon f\u00f6rhindrar t\u00e5rfl\u00e4ckar.\" \/>\n<meta property=\"og:url\" content=\"https:\/\/berryomg.com\/sv\/tuote\/eyes-paws-flytande-for-torra-tassar-och-ogon-50-ml\/\" \/>\n<meta property=\"og:site_name\" content=\"BerryOMG\" \/>\n<meta property=\"article:modified_time\" content=\"2026-04-08T06:47:01+00:00\" \/>\n<meta property=\"og:image\" content=\"https:\/\/berryomg.com\/wp-content\/uploads\/2026\/03\/BOMG_eye_paws_pullo_edesta-scaled.png\" \/>\n\t<meta property=\"og:image:width\" content=\"2560\" \/>\n\t<meta property=\"og:image:height\" content=\"2560\" \/>\n\t<meta property=\"og:image:type\" content=\"image\/png\" \/>\n<meta name=\"twitter:card\" content=\"summary_large_image\" \/>\n<meta name=\"twitter:label1\" content=\"Ber\u00e4knad l\u00e4stid\" \/>\n\t<meta name=\"twitter:data1\" content=\"1 minut\" \/>\n<script type=\"application\/ld+json\" class=\"yoast-schema-graph\">{\"@context\":\"https:\\\/\\\/schema.org\",\"@graph\":[{\"@type\":\"WebPage\",\"@id\":\"https:\\\/\\\/berryomg.com\\\/sv\\\/tuote\\\/eyes-paws-flytande-for-torra-tassar-och-ogon-50-ml\\\/\",\"url\":\"https:\\\/\\\/berryomg.com\\\/sv\\\/tuote\\\/eyes-paws-flytande-for-torra-tassar-och-ogon-50-ml\\\/\",\"name\":\"Eyes & Paws flytande \u2013 f\u00f6r torra tassar och \u00f6gon - 50 ml - BerryOMG\",\"isPartOf\":{\"@id\":\"https:\\\/\\\/berryomg.com\\\/sv\\\/#website\"},\"primaryImageOfPage\":{\"@id\":\"https:\\\/\\\/berryomg.com\\\/sv\\\/tuote\\\/eyes-paws-flytande-for-torra-tassar-och-ogon-50-ml\\\/#primaryimage\"},\"image\":{\"@id\":\"https:\\\/\\\/berryomg.com\\\/sv\\\/tuote\\\/eyes-paws-flytande-for-torra-tassar-och-ogon-50-ml\\\/#primaryimage\"},\"thumbnailUrl\":\"https:\\\/\\\/berryomg.com\\\/wp-content\\\/uploads\\\/2026\\\/03\\\/BOMG_eye_paws_pullo_edesta-scaled.png\",\"datePublished\":\"2026-03-13T08:51:46+00:00\",\"dateModified\":\"2026-04-08T06:47:01+00:00\",\"description\":\"BERRYOMG Eyes & Paws flytande havtornsolja kostillskott \u00e5terfuktar torra tassar och torra rinnande \u00f6gon f\u00f6rhindrar t\u00e5rfl\u00e4ckar.\",\"breadcrumb\":{\"@id\":\"https:\\\/\\\/berryomg.com\\\/sv\\\/tuote\\\/eyes-paws-flytande-for-torra-tassar-och-ogon-50-ml\\\/#breadcrumb\"},\"inLanguage\":\"sv-SE\",\"potentialAction\":[{\"@type\":\"ReadAction\",\"target\":[\"https:\\\/\\\/berryomg.com\\\/sv\\\/tuote\\\/eyes-paws-flytande-for-torra-tassar-och-ogon-50-ml\\\/\"]}]},{\"@type\":\"ImageObject\",\"inLanguage\":\"sv-SE\",\"@id\":\"https:\\\/\\\/berryomg.com\\\/sv\\\/tuote\\\/eyes-paws-flytande-for-torra-tassar-och-ogon-50-ml\\\/#primaryimage\",\"url\":\"https:\\\/\\\/berryomg.com\\\/wp-content\\\/uploads\\\/2026\\\/03\\\/BOMG_eye_paws_pullo_edesta-scaled.png\",\"contentUrl\":\"https:\\\/\\\/berryomg.com\\\/wp-content\\\/uploads\\\/2026\\\/03\\\/BOMG_eye_paws_pullo_edesta-scaled.png\",\"width\":2560,\"height\":2560},{\"@type\":\"BreadcrumbList\",\"@id\":\"https:\\\/\\\/berryomg.com\\\/sv\\\/tuote\\\/eyes-paws-flytande-for-torra-tassar-och-ogon-50-ml\\\/#breadcrumb\",\"itemListElement\":[{\"@type\":\"ListItem\",\"position\":1,\"name\":\"Etusivu\",\"item\":\"https:\\\/\\\/berryomg.com\\\/sv\\\/\"},{\"@type\":\"ListItem\",\"position\":2,\"name\":\"Butik\",\"item\":\"https:\\\/\\\/berryomg.com\\\/kauppa\\\/\"},{\"@type\":\"ListItem\",\"position\":3,\"name\":\"Eyes &#038; Paws flytande \u2013 f\u00f6r torra tassar och \u00f6gon &#8211; 50 ml\"}]},{\"@type\":\"WebSite\",\"@id\":\"https:\\\/\\\/berryomg.com\\\/sv\\\/#website\",\"url\":\"https:\\\/\\\/berryomg.com\\\/sv\\\/\",\"name\":\"BerryOMG\",\"description\":\"\",\"potentialAction\":[{\"@type\":\"SearchAction\",\"target\":{\"@type\":\"EntryPoint\",\"urlTemplate\":\"https:\\\/\\\/berryomg.com\\\/sv\\\/?s={search_term_string}\"},\"query-input\":{\"@type\":\"PropertyValueSpecification\",\"valueRequired\":true,\"valueName\":\"search_term_string\"}}],\"inLanguage\":\"sv-SE\"}]}<\/script>\n<!-- \/ Yoast SEO plugin. -->","yoast_head_json":{"title":"Eyes & Paws flytande \u2013 f\u00f6r torra tassar och \u00f6gon - 50 ml - BerryOMG","description":"BERRYOMG Eyes & Paws flytande havtornsolja kostillskott \u00e5terfuktar torra tassar och torra rinnande \u00f6gon f\u00f6rhindrar t\u00e5rfl\u00e4ckar.","robots":{"index":"index","follow":"follow","max-snippet":"max-snippet:-1","max-image-preview":"max-image-preview:large","max-video-preview":"max-video-preview:-1"},"canonical":"https:\/\/berryomg.com\/sv\/tuote\/eyes-paws-flytande-for-torra-tassar-och-ogon-50-ml\/","og_locale":"sv_SE","og_type":"article","og_title":"Eyes & Paws flytande \u2013 f\u00f6r torra tassar och \u00f6gon - 50 ml - BerryOMG","og_description":"BERRYOMG Eyes & Paws flytande havtornsolja kostillskott \u00e5terfuktar torra tassar och torra rinnande \u00f6gon f\u00f6rhindrar t\u00e5rfl\u00e4ckar.","og_url":"https:\/\/berryomg.com\/sv\/tuote\/eyes-paws-flytande-for-torra-tassar-och-ogon-50-ml\/","og_site_name":"BerryOMG","article_modified_time":"2026-04-08T06:47:01+00:00","og_image":[{"width":2560,"height":2560,"url":"https:\/\/berryomg.com\/wp-content\/uploads\/2026\/03\/BOMG_eye_paws_pullo_edesta-scaled.png","type":"image\/png"}],"twitter_card":"summary_large_image","twitter_misc":{"Ber\u00e4knad l\u00e4stid":"1 minut"},"schema":{"@context":"https:\/\/schema.org","@graph":[{"@type":"WebPage","@id":"https:\/\/berryomg.com\/sv\/tuote\/eyes-paws-flytande-for-torra-tassar-och-ogon-50-ml\/","url":"https:\/\/berryomg.com\/sv\/tuote\/eyes-paws-flytande-for-torra-tassar-och-ogon-50-ml\/","name":"Eyes & Paws flytande \u2013 f\u00f6r torra tassar och \u00f6gon - 50 ml - BerryOMG","isPartOf":{"@id":"https:\/\/berryomg.com\/sv\/#website"},"primaryImageOfPage":{"@id":"https:\/\/berryomg.com\/sv\/tuote\/eyes-paws-flytande-for-torra-tassar-och-ogon-50-ml\/#primaryimage"},"image":{"@id":"https:\/\/berryomg.com\/sv\/tuote\/eyes-paws-flytande-for-torra-tassar-och-ogon-50-ml\/#primaryimage"},"thumbnailUrl":"https:\/\/berryomg.com\/wp-content\/uploads\/2026\/03\/BOMG_eye_paws_pullo_edesta-scaled.png","datePublished":"2026-03-13T08:51:46+00:00","dateModified":"2026-04-08T06:47:01+00:00","description":"BERRYOMG Eyes & Paws flytande havtornsolja kostillskott \u00e5terfuktar torra tassar och torra rinnande \u00f6gon f\u00f6rhindrar t\u00e5rfl\u00e4ckar.","breadcrumb":{"@id":"https:\/\/berryomg.com\/sv\/tuote\/eyes-paws-flytande-for-torra-tassar-och-ogon-50-ml\/#breadcrumb"},"inLanguage":"sv-SE","potentialAction":[{"@type":"ReadAction","target":["https:\/\/berryomg.com\/sv\/tuote\/eyes-paws-flytande-for-torra-tassar-och-ogon-50-ml\/"]}]},{"@type":"ImageObject","inLanguage":"sv-SE","@id":"https:\/\/berryomg.com\/sv\/tuote\/eyes-paws-flytande-for-torra-tassar-och-ogon-50-ml\/#primaryimage","url":"https:\/\/berryomg.com\/wp-content\/uploads\/2026\/03\/BOMG_eye_paws_pullo_edesta-scaled.png","contentUrl":"https:\/\/berryomg.com\/wp-content\/uploads\/2026\/03\/BOMG_eye_paws_pullo_edesta-scaled.png","width":2560,"height":2560},{"@type":"BreadcrumbList","@id":"https:\/\/berryomg.com\/sv\/tuote\/eyes-paws-flytande-for-torra-tassar-och-ogon-50-ml\/#breadcrumb","itemListElement":[{"@type":"ListItem","position":1,"name":"Etusivu","item":"https:\/\/berryomg.com\/sv\/"},{"@type":"ListItem","position":2,"name":"Butik","item":"https:\/\/berryomg.com\/kauppa\/"},{"@type":"ListItem","position":3,"name":"Eyes &#038; Paws flytande \u2013 f\u00f6r torra tassar och \u00f6gon &#8211; 50 ml"}]},{"@type":"WebSite","@id":"https:\/\/berryomg.com\/sv\/#website","url":"https:\/\/berryomg.com\/sv\/","name":"BerryOMG","description":"","potentialAction":[{"@type":"SearchAction","target":{"@type":"EntryPoint","urlTemplate":"https:\/\/berryomg.com\/sv\/?s={search_term_string}"},"query-input":{"@type":"PropertyValueSpecification","valueRequired":true,"valueName":"search_term_string"}}],"inLanguage":"sv-SE"}]}},"_links":{"self":[{"href":"https:\/\/berryomg.com\/sv\/wp-json\/wp\/v2\/product\/13046","targetHints":{"allow":["GET"]}}],"collection":[{"href":"https:\/\/berryomg.com\/sv\/wp-json\/wp\/v2\/product"}],"about":[{"href":"https:\/\/berryomg.com\/sv\/wp-json\/wp\/v2\/types\/product"}],"replies":[{"embeddable":true,"href":"https:\/\/berryomg.com\/sv\/wp-json\/wp\/v2\/comments?post=13046"}],"wp:featuredmedia":[{"embeddable":true,"href":"https:\/\/berryomg.com\/sv\/wp-json\/wp\/v2\/media\/13051"}],"wp:attachment":[{"href":"https:\/\/berryomg.com\/sv\/wp-json\/wp\/v2\/media?parent=13046"}],"wp:term":[{"taxonomy":"product_brand","embeddable":true,"href":"https:\/\/berryomg.com\/sv\/wp-json\/wp\/v2\/product_brand?post=13046"},{"taxonomy":"product_cat","embeddable":true,"href":"https:\/\/berryomg.com\/sv\/wp-json\/wp\/v2\/product_cat?post=13046"},{"taxonomy":"product_tag","embeddable":true,"href":"https:\/\/berryomg.com\/sv\/wp-json\/wp\/v2\/product_tag?post=13046"}],"curies":[{"name":"wp","href":"https:\/\/api.w.org\/{rel}","templated":true}]}}