{"id":5059,"date":"2023-08-30T10:49:26","date_gmt":"2023-08-30T07:49:26","guid":{"rendered":"https:\/\/berryomg.com\/tuote\/silk-shine-koirien-ja-kissojen-ihon-seka-turkin-hyvinvointiin\/"},"modified":"2026-04-10T10:39:24","modified_gmt":"2026-04-10T07:39:24","slug":"silk-shine-for-hundar-for-hudens-och-palsens-valbefinnande","status":"publish","type":"product","link":"https:\/\/berryomg.com\/sv\/tuote\/silk-shine-for-hundar-for-hudens-och-palsens-valbefinnande\/","title":{"rendered":"Silk &#038; Shine f\u00f6r hundar \u2013 f\u00f6r hudens och p\u00e4lsens v\u00e4lbefinnande &#8211; 90 kapslar"},"content":{"rendered":"<p><em>Inte inneh\u00e5ller konstgjorda f\u00e4rg\u00e4mnen, j\u00e4st, socker, laktos,<\/em><br \/>\n<em>vete\/gluten, fiskolja, animaliska ingredienser.<\/em><\/p>\n<p><strong>Sammans\u00e4ttning:<\/strong><br \/>\nSvartvinb\u00e4rsfr\u00f6olja, havtornsolja; Kapselskal:<br \/>\nmajsst\u00e4rkelse, glycerol<\/p>\n<p><strong>Naturliga n\u00e4rings\u00e4mnen:<\/strong><br \/>\nTokoferolextrakt, rosmarinextrakt, betakaroten<\/p>\n<p><strong>N\u00e4rings\u00e4mnen:<\/strong><br \/>\nFett 70 %, protein 0 %, fiber 2 %, aska 2 %<\/p>\n<table id=\"tablepress-6\" class=\"tablepress tablepress-id-6 tablepress-responsive dataTable no-footer\" style=\"width: 34.112%; height: 560px;\">\n<thead>\n<tr class=\"row-1 odd\" style=\"height: 48px;\">\n<th class=\"column-1 sorting_disabled\" style=\"width: 60%; height: 48px;\" colspan=\"1\" rowspan=\"1\">N\u00e4rings\u00e4mneslista<\/th>\n<th class=\"column-2 sorting_disabled\" style=\"width: 16.9014%; height: 48px;\" colspan=\"1\" rowspan=\"1\">1 g<\/th>\n<th class=\"column-3 sorting_disabled\" style=\"width: 63.662%; height: 48px;\" colspan=\"1\" rowspan=\"1\">1 kapsel<\/th>\n<\/tr>\n<\/thead>\n<tbody class=\"row-hover\">\n<tr class=\"row-2 even\" style=\"height: 48px;\">\n<td class=\"column-1\" style=\"width: 60%; height: 48px;\">Fett<\/td>\n<td class=\"column-2\" style=\"width: 16.9014%; height: 48px;\">70 %<\/td>\n<td class=\"column-3\" style=\"width: 63.662%; height: 48px;\"><\/td>\n<\/tr>\n<tr class=\"row-3 odd\" style=\"height: 24px;\">\n<td class=\"column-1\" style=\"width: 60%; height: 24px;\">Protein<\/td>\n<td class=\"column-2\" style=\"width: 16.9014%; height: 24px;\">0 %<\/td>\n<td class=\"column-3\" style=\"width: 63.662%; height: 24px;\"><\/td>\n<\/tr>\n<tr class=\"row-4 even\" style=\"height: 24px;\">\n<td class=\"column-1\" style=\"width: 60%; height: 24px;\">Fiber<\/td>\n<td class=\"column-2\" style=\"width: 16.9014%; height: 24px;\">2 %<\/td>\n<td class=\"column-3\" style=\"width: 63.662%; height: 24px;\"><\/td>\n<\/tr>\n<tr class=\"row-5 odd\" style=\"height: 24px;\">\n<td class=\"column-1\" style=\"width: 60%; height: 24px;\">Aska<\/td>\n<td class=\"column-2\" style=\"width: 16.9014%; height: 24px;\">2 %<\/td>\n<td class=\"column-3\" style=\"width: 63.662%; height: 24px;\"><\/td>\n<\/tr>\n<tr class=\"row-6 even\" style=\"height: 24px;\">\n<td class=\"column-1\" style=\"width: 60%; height: 24px;\"><\/td>\n<td class=\"column-2\" style=\"width: 16.9014%; height: 24px;\"><\/td>\n<td class=\"column-3\" style=\"width: 63.662%; height: 24px;\"><\/td>\n<\/tr>\n<tr class=\"row-7 odd\" style=\"height: 48px;\">\n<td class=\"column-1\" style=\"width: 60%; height: 48px;\">Omega-3 fettsyror<\/td>\n<td class=\"column-2\" style=\"width: 16.9014%; height: 48px;\">110 mg<\/td>\n<td class=\"column-3\" style=\"width: 63.662%; height: 48px;\">80 mg<\/td>\n<\/tr>\n<tr class=\"row-8 even\" style=\"height: 48px;\">\n<td class=\"column-1\" style=\"width: 60%; height: 48px;\">Omega-6 fettsyror<br \/>\nvarav:<\/td>\n<td class=\"column-2\" style=\"width: 16.9014%; height: 48px;\">350 mg<\/td>\n<td class=\"column-3\" style=\"width: 63.662%; height: 48px;\">240 mg<\/td>\n<\/tr>\n<tr class=\"row-9 odd\" style=\"height: 48px;\">\n<td class=\"column-1\" style=\"width: 60%; height: 48px;\">Linolsyra<\/td>\n<td class=\"column-2\" style=\"width: 16.9014%; height: 48px;\">270 mg<\/td>\n<td class=\"column-3\" style=\"width: 63.662%; height: 48px;\">190 mg<\/td>\n<\/tr>\n<tr class=\"row-10 even\" style=\"height: 80px;\">\n<td class=\"column-1\" style=\"width: 60%; height: 80px;\">\n<p id=\"tw-target-text\" class=\"tw-data-text tw-text-large tw-ta\" dir=\"ltr\" data-placeholder=\"Translation\" aria-label=\"Translated text\" data-ved=\"2ahUKEwj7l-2237CHAxWTFBAIHWiyFMQQ3ewLegQIEhAU\"><span class=\"Y2IQFc\" lang=\"sv\">Gamma-linolensyra <\/span><span style=\"font-family: inherit; font-size: inherit;\">(GLA)<\/span><\/p>\n<\/td>\n<td class=\"column-2\" style=\"width: 16.9014%; height: 80px;\">75 mg<\/td>\n<td class=\"column-3\" style=\"width: 63.662%; height: 80px;\">50 mg<\/td>\n<\/tr>\n<tr class=\"row-11 odd\" style=\"height: 48px;\">\n<td class=\"column-1\" style=\"width: 60%; height: 48px;\">Omega-7 fettsyror<\/td>\n<td class=\"column-2\" style=\"width: 16.9014%; height: 48px;\">55 mg<\/td>\n<td class=\"column-3\" style=\"width: 63.662%; height: 48px;\">40 mg<\/td>\n<\/tr>\n<tr class=\"row-12 even\" style=\"height: 48px;\">\n<td class=\"column-1\" style=\"width: 60%; height: 48px;\">E-vitamin (Alfatokoferol)<\/td>\n<td class=\"column-2\" style=\"width: 16.9014%; height: 48px;\">2.9 mg<\/td>\n<td class=\"column-3\" style=\"width: 63.662%; height: 48px;\">2 mg<\/td>\n<\/tr>\n<tr class=\"row-13 odd\" style=\"height: 48px;\">\n<td class=\"column-1\" style=\"width: 60%; height: 48px;\">\u03b2-karoten<\/td>\n<td class=\"column-2\" style=\"width: 16.9014%; height: 48px;\">0.18 mg<\/td>\n<td class=\"column-3\" style=\"width: 63.662%; height: 48px;\">0.12 mg<\/td>\n<\/tr>\n<\/tbody>\n<\/table>\n","protected":false},"excerpt":{"rendered":"<p>\u201dTeppo lider av torr hud, s\u00e4rskilt p\u00e5 vintern n\u00e4r huden p\u00e5 hans ljumskar torkar ut s\u00e5 mycket att den g\u00e5r s\u00f6nder. F\u00f6rra vintern \u00e5t Teppo BERRYOMG Silk &amp; Shine-kapslar och p\u00e5 hela vintern hade han inte det h\u00e4r hudproblemet.\u201d<\/p>\n<ul>\n<li>Omega-3, -6 och -7 fettsyror och naturligt vitamin E<\/li>\n<li>Tillverkad av svartvinb\u00e4rsfr\u00f6olja och havtornsolja f\u00f6r hudens v\u00e4lbefinnande<\/li>\n<li>Produktens fettsyror (s\u00e4rskilt GLA) uppr\u00e4tth\u00e5ller hudens naturliga fuktbalans och st\u00e4rker hudens skyddande lager<\/li>\n<li>Lugnar huden och minskar torrhet och kl\u00e5da samt allergiska hudsymtom hos hundar<\/li>\n<li>St\u00f6djer \u00e4ven behandling av atopisk hud<\/li>\n<li>F\u00f6rb\u00e4ttrar p\u00e4lsens glans<\/li>\n<li>Utvecklad i samarbete med en n\u00e4ringsspecialist f\u00f6r djur<\/li>\n<li>Synliga resultat inom 2\u20136 veckor<\/li>\n<\/ul>\n","protected":false},"featured_media":1014,"comment_status":"open","ping_status":"closed","template":"","meta":{"_acf_changed":false},"product_brand":[],"product_cat":[95],"product_tag":[],"class_list":{"0":"post-5059","1":"product","2":"type-product","3":"status-publish","4":"has-post-thumbnail","6":"product_cat-yleinen-sv","8":"first","9":"instock","10":"taxable","11":"shipping-taxable","12":"purchasable","13":"product-type-simple"},"acf":[],"yoast_head":"<!-- This site is optimized with the Yoast SEO plugin v27.3 - https:\/\/yoast.com\/product\/yoast-seo-wordpress\/ -->\n<title>Silk &amp; Shine f\u00f6r hundar \u2013 f\u00f6r hudens och p\u00e4lsens v\u00e4lbefinnande - 90 kapslar - BerryOMG<\/title>\n<meta name=\"description\" content=\"BERRYOMG Silk &amp; Shine f\u00f6r v\u00e4lbefinnande f\u00f6r huden och p\u00e4lsen p\u00e5 hundar och katter. N\u00e4ringstillskott f\u00f6r hundar och katter fr\u00e5n b\u00e4roljor\" \/>\n<meta name=\"robots\" content=\"index, follow, max-snippet:-1, max-image-preview:large, max-video-preview:-1\" \/>\n<link rel=\"canonical\" href=\"https:\/\/berryomg.com\/sv\/tuote\/silk-shine-for-hundar-for-hudens-och-palsens-valbefinnande\/\" \/>\n<meta property=\"og:locale\" content=\"sv_SE\" \/>\n<meta property=\"og:type\" content=\"article\" \/>\n<meta property=\"og:title\" content=\"Silk &amp; Shine f\u00f6r hundar \u2013 f\u00f6r hudens och p\u00e4lsens v\u00e4lbefinnande - 90 kapslar - BerryOMG\" \/>\n<meta property=\"og:description\" content=\"BERRYOMG Silk &amp; Shine f\u00f6r v\u00e4lbefinnande f\u00f6r huden och p\u00e4lsen p\u00e5 hundar och katter. N\u00e4ringstillskott f\u00f6r hundar och katter fr\u00e5n b\u00e4roljor\" \/>\n<meta property=\"og:url\" content=\"https:\/\/berryomg.com\/sv\/tuote\/silk-shine-for-hundar-for-hudens-och-palsens-valbefinnande\/\" \/>\n<meta property=\"og:site_name\" content=\"BerryOMG\" \/>\n<meta property=\"article:modified_time\" content=\"2026-04-10T07:39:24+00:00\" \/>\n<meta property=\"og:image\" content=\"https:\/\/berryomg.com\/wp-content\/uploads\/2023\/08\/Group-257-2.png\" \/>\n\t<meta property=\"og:image:width\" content=\"275\" \/>\n\t<meta property=\"og:image:height\" content=\"366\" \/>\n\t<meta property=\"og:image:type\" content=\"image\/png\" \/>\n<meta name=\"twitter:card\" content=\"summary_large_image\" \/>\n<meta name=\"twitter:label1\" content=\"Ber\u00e4knad l\u00e4stid\" \/>\n\t<meta name=\"twitter:data1\" content=\"1 minut\" \/>\n<script type=\"application\/ld+json\" class=\"yoast-schema-graph\">{\"@context\":\"https:\\\/\\\/schema.org\",\"@graph\":[{\"@type\":\"WebPage\",\"@id\":\"https:\\\/\\\/berryomg.com\\\/sv\\\/tuote\\\/silk-shine-for-hundar-for-hudens-och-palsens-valbefinnande\\\/\",\"url\":\"https:\\\/\\\/berryomg.com\\\/sv\\\/tuote\\\/silk-shine-for-hundar-for-hudens-och-palsens-valbefinnande\\\/\",\"name\":\"Silk & Shine f\u00f6r hundar \u2013 f\u00f6r hudens och p\u00e4lsens v\u00e4lbefinnande - 90 kapslar - BerryOMG\",\"isPartOf\":{\"@id\":\"https:\\\/\\\/berryomg.com\\\/sv\\\/#website\"},\"primaryImageOfPage\":{\"@id\":\"https:\\\/\\\/berryomg.com\\\/sv\\\/tuote\\\/silk-shine-for-hundar-for-hudens-och-palsens-valbefinnande\\\/#primaryimage\"},\"image\":{\"@id\":\"https:\\\/\\\/berryomg.com\\\/sv\\\/tuote\\\/silk-shine-for-hundar-for-hudens-och-palsens-valbefinnande\\\/#primaryimage\"},\"thumbnailUrl\":\"https:\\\/\\\/berryomg.com\\\/wp-content\\\/uploads\\\/2023\\\/08\\\/Group-257-2.png\",\"datePublished\":\"2023-08-30T07:49:26+00:00\",\"dateModified\":\"2026-04-10T07:39:24+00:00\",\"description\":\"BERRYOMG Silk & Shine f\u00f6r v\u00e4lbefinnande f\u00f6r huden och p\u00e4lsen p\u00e5 hundar och katter. N\u00e4ringstillskott f\u00f6r hundar och katter fr\u00e5n b\u00e4roljor\",\"breadcrumb\":{\"@id\":\"https:\\\/\\\/berryomg.com\\\/sv\\\/tuote\\\/silk-shine-for-hundar-for-hudens-och-palsens-valbefinnande\\\/#breadcrumb\"},\"inLanguage\":\"sv-SE\",\"potentialAction\":[{\"@type\":\"ReadAction\",\"target\":[\"https:\\\/\\\/berryomg.com\\\/sv\\\/tuote\\\/silk-shine-for-hundar-for-hudens-och-palsens-valbefinnande\\\/\"]}]},{\"@type\":\"ImageObject\",\"inLanguage\":\"sv-SE\",\"@id\":\"https:\\\/\\\/berryomg.com\\\/sv\\\/tuote\\\/silk-shine-for-hundar-for-hudens-och-palsens-valbefinnande\\\/#primaryimage\",\"url\":\"https:\\\/\\\/berryomg.com\\\/wp-content\\\/uploads\\\/2023\\\/08\\\/Group-257-2.png\",\"contentUrl\":\"https:\\\/\\\/berryomg.com\\\/wp-content\\\/uploads\\\/2023\\\/08\\\/Group-257-2.png\",\"width\":275,\"height\":366},{\"@type\":\"BreadcrumbList\",\"@id\":\"https:\\\/\\\/berryomg.com\\\/sv\\\/tuote\\\/silk-shine-for-hundar-for-hudens-och-palsens-valbefinnande\\\/#breadcrumb\",\"itemListElement\":[{\"@type\":\"ListItem\",\"position\":1,\"name\":\"Etusivu\",\"item\":\"https:\\\/\\\/berryomg.com\\\/sv\\\/\"},{\"@type\":\"ListItem\",\"position\":2,\"name\":\"Butik\",\"item\":\"https:\\\/\\\/berryomg.com\\\/kauppa\\\/\"},{\"@type\":\"ListItem\",\"position\":3,\"name\":\"Silk &#038; Shine f\u00f6r hundar \u2013 f\u00f6r hudens och p\u00e4lsens v\u00e4lbefinnande &#8211; 90 kapslar\"}]},{\"@type\":\"WebSite\",\"@id\":\"https:\\\/\\\/berryomg.com\\\/sv\\\/#website\",\"url\":\"https:\\\/\\\/berryomg.com\\\/sv\\\/\",\"name\":\"BerryOMG\",\"description\":\"\",\"potentialAction\":[{\"@type\":\"SearchAction\",\"target\":{\"@type\":\"EntryPoint\",\"urlTemplate\":\"https:\\\/\\\/berryomg.com\\\/sv\\\/?s={search_term_string}\"},\"query-input\":{\"@type\":\"PropertyValueSpecification\",\"valueRequired\":true,\"valueName\":\"search_term_string\"}}],\"inLanguage\":\"sv-SE\"}]}<\/script>\n<!-- \/ Yoast SEO plugin. -->","yoast_head_json":{"title":"Silk & Shine f\u00f6r hundar \u2013 f\u00f6r hudens och p\u00e4lsens v\u00e4lbefinnande - 90 kapslar - BerryOMG","description":"BERRYOMG Silk & Shine f\u00f6r v\u00e4lbefinnande f\u00f6r huden och p\u00e4lsen p\u00e5 hundar och katter. N\u00e4ringstillskott f\u00f6r hundar och katter fr\u00e5n b\u00e4roljor","robots":{"index":"index","follow":"follow","max-snippet":"max-snippet:-1","max-image-preview":"max-image-preview:large","max-video-preview":"max-video-preview:-1"},"canonical":"https:\/\/berryomg.com\/sv\/tuote\/silk-shine-for-hundar-for-hudens-och-palsens-valbefinnande\/","og_locale":"sv_SE","og_type":"article","og_title":"Silk & Shine f\u00f6r hundar \u2013 f\u00f6r hudens och p\u00e4lsens v\u00e4lbefinnande - 90 kapslar - BerryOMG","og_description":"BERRYOMG Silk & Shine f\u00f6r v\u00e4lbefinnande f\u00f6r huden och p\u00e4lsen p\u00e5 hundar och katter. N\u00e4ringstillskott f\u00f6r hundar och katter fr\u00e5n b\u00e4roljor","og_url":"https:\/\/berryomg.com\/sv\/tuote\/silk-shine-for-hundar-for-hudens-och-palsens-valbefinnande\/","og_site_name":"BerryOMG","article_modified_time":"2026-04-10T07:39:24+00:00","og_image":[{"width":275,"height":366,"url":"https:\/\/berryomg.com\/wp-content\/uploads\/2023\/08\/Group-257-2.png","type":"image\/png"}],"twitter_card":"summary_large_image","twitter_misc":{"Ber\u00e4knad l\u00e4stid":"1 minut"},"schema":{"@context":"https:\/\/schema.org","@graph":[{"@type":"WebPage","@id":"https:\/\/berryomg.com\/sv\/tuote\/silk-shine-for-hundar-for-hudens-och-palsens-valbefinnande\/","url":"https:\/\/berryomg.com\/sv\/tuote\/silk-shine-for-hundar-for-hudens-och-palsens-valbefinnande\/","name":"Silk & Shine f\u00f6r hundar \u2013 f\u00f6r hudens och p\u00e4lsens v\u00e4lbefinnande - 90 kapslar - BerryOMG","isPartOf":{"@id":"https:\/\/berryomg.com\/sv\/#website"},"primaryImageOfPage":{"@id":"https:\/\/berryomg.com\/sv\/tuote\/silk-shine-for-hundar-for-hudens-och-palsens-valbefinnande\/#primaryimage"},"image":{"@id":"https:\/\/berryomg.com\/sv\/tuote\/silk-shine-for-hundar-for-hudens-och-palsens-valbefinnande\/#primaryimage"},"thumbnailUrl":"https:\/\/berryomg.com\/wp-content\/uploads\/2023\/08\/Group-257-2.png","datePublished":"2023-08-30T07:49:26+00:00","dateModified":"2026-04-10T07:39:24+00:00","description":"BERRYOMG Silk & Shine f\u00f6r v\u00e4lbefinnande f\u00f6r huden och p\u00e4lsen p\u00e5 hundar och katter. N\u00e4ringstillskott f\u00f6r hundar och katter fr\u00e5n b\u00e4roljor","breadcrumb":{"@id":"https:\/\/berryomg.com\/sv\/tuote\/silk-shine-for-hundar-for-hudens-och-palsens-valbefinnande\/#breadcrumb"},"inLanguage":"sv-SE","potentialAction":[{"@type":"ReadAction","target":["https:\/\/berryomg.com\/sv\/tuote\/silk-shine-for-hundar-for-hudens-och-palsens-valbefinnande\/"]}]},{"@type":"ImageObject","inLanguage":"sv-SE","@id":"https:\/\/berryomg.com\/sv\/tuote\/silk-shine-for-hundar-for-hudens-och-palsens-valbefinnande\/#primaryimage","url":"https:\/\/berryomg.com\/wp-content\/uploads\/2023\/08\/Group-257-2.png","contentUrl":"https:\/\/berryomg.com\/wp-content\/uploads\/2023\/08\/Group-257-2.png","width":275,"height":366},{"@type":"BreadcrumbList","@id":"https:\/\/berryomg.com\/sv\/tuote\/silk-shine-for-hundar-for-hudens-och-palsens-valbefinnande\/#breadcrumb","itemListElement":[{"@type":"ListItem","position":1,"name":"Etusivu","item":"https:\/\/berryomg.com\/sv\/"},{"@type":"ListItem","position":2,"name":"Butik","item":"https:\/\/berryomg.com\/kauppa\/"},{"@type":"ListItem","position":3,"name":"Silk &#038; Shine f\u00f6r hundar \u2013 f\u00f6r hudens och p\u00e4lsens v\u00e4lbefinnande &#8211; 90 kapslar"}]},{"@type":"WebSite","@id":"https:\/\/berryomg.com\/sv\/#website","url":"https:\/\/berryomg.com\/sv\/","name":"BerryOMG","description":"","potentialAction":[{"@type":"SearchAction","target":{"@type":"EntryPoint","urlTemplate":"https:\/\/berryomg.com\/sv\/?s={search_term_string}"},"query-input":{"@type":"PropertyValueSpecification","valueRequired":true,"valueName":"search_term_string"}}],"inLanguage":"sv-SE"}]}},"_links":{"self":[{"href":"https:\/\/berryomg.com\/sv\/wp-json\/wp\/v2\/product\/5059","targetHints":{"allow":["GET"]}}],"collection":[{"href":"https:\/\/berryomg.com\/sv\/wp-json\/wp\/v2\/product"}],"about":[{"href":"https:\/\/berryomg.com\/sv\/wp-json\/wp\/v2\/types\/product"}],"replies":[{"embeddable":true,"href":"https:\/\/berryomg.com\/sv\/wp-json\/wp\/v2\/comments?post=5059"}],"wp:featuredmedia":[{"embeddable":true,"href":"https:\/\/berryomg.com\/sv\/wp-json\/wp\/v2\/media\/1014"}],"wp:attachment":[{"href":"https:\/\/berryomg.com\/sv\/wp-json\/wp\/v2\/media?parent=5059"}],"wp:term":[{"taxonomy":"product_brand","embeddable":true,"href":"https:\/\/berryomg.com\/sv\/wp-json\/wp\/v2\/product_brand?post=5059"},{"taxonomy":"product_cat","embeddable":true,"href":"https:\/\/berryomg.com\/sv\/wp-json\/wp\/v2\/product_cat?post=5059"},{"taxonomy":"product_tag","embeddable":true,"href":"https:\/\/berryomg.com\/sv\/wp-json\/wp\/v2\/product_tag?post=5059"}],"curies":[{"name":"wp","href":"https:\/\/api.w.org\/{rel}","templated":true}]}}