{"id":5071,"date":"2023-11-05T11:43:51","date_gmt":"2023-11-05T09:43:51","guid":{"rendered":"https:\/\/berryomg.com\/tuote\/vitality-defence-tassuille-ja-silmille-elinvoimaa-senioreille-2x90\/"},"modified":"2026-04-09T09:48:02","modified_gmt":"2026-04-09T06:48:02","slug":"2-x-90-vitality-defence-for-tassar-och-ogon-vitalitet-for-seniorer","status":"publish","type":"product","link":"https:\/\/berryomg.com\/sv\/tuote\/2-x-90-vitality-defence-for-tassar-och-ogon-vitalitet-for-seniorer\/","title":{"rendered":"2 x 90 Vitality &#038; Defence \u2013 f\u00f6r tassar och \u00f6gon, vitalitet f\u00f6r seniorer"},"content":{"rendered":"<p><em>Inte inneh\u00e5ller konstgjorda f\u00e4rg\u00e4mnen, j\u00e4st, socker, laktos,<\/em><br \/>\n<em>vete\/gluten, fiskolja, animaliska ingredienser.<\/em><\/p>\n<p><strong>Sammans\u00e4ttning:<\/strong><br \/>\nHavtornsolja, lutein; Kapselskal:<br \/>\nmajsst\u00e4rkelse, glycerol, mineraler<\/p>\n<p><strong>Naturliga n\u00e4rings\u00e4mnen:<\/strong><br \/>\nTokoferolextrakt, rosmarinextrakt, betakaroten<\/p>\n<p><strong>N\u00e4rings\u00e4mnen:<\/strong><br \/>\nFett 70 %, protein 0 %, fiber 2 %, aska 4 %<\/p>\n<div id=\"tablepress-5-scroll-wrapper\" class=\"tablepress-scroll-wrapper\">\n<div id=\"tablepress-5_wrapper\" class=\"dataTables_wrapper no-footer\">\n<table id=\"tablepress-5\" class=\"tablepress tablepress-id-5 tablepress-responsive dataTable no-footer\" style=\"width: 33.8663%;\">\n<caption>\u00a0<\/caption>\n<thead>\n<tr class=\"row-1 odd\">\n<th class=\"column-1 sorting_disabled\" style=\"width: 59.1716%;\" colspan=\"1\" rowspan=\"1\">N\u00e4rings\u00e4mneslista<\/th>\n<th class=\"column-2 sorting_disabled\" style=\"width: 15.9763%;\" colspan=\"1\" rowspan=\"1\">1 g<\/th>\n<th class=\"column-3 sorting_disabled\" style=\"width: 59.7633%;\" colspan=\"1\" rowspan=\"1\">1 kapsel<\/th>\n<\/tr>\n<\/thead>\n<tbody class=\"row-hover\">\n<tr class=\"row-2 even\">\n<td class=\"column-1\" style=\"width: 59.1716%;\">Fett<\/td>\n<td class=\"column-2\" style=\"width: 15.9763%;\">70 %<\/td>\n<td class=\"column-3\" style=\"width: 59.7633%;\"><\/td>\n<\/tr>\n<tr class=\"row-3 odd\">\n<td class=\"column-1\" style=\"width: 59.1716%;\">Protein<\/td>\n<td class=\"column-2\" style=\"width: 15.9763%;\">0 %<\/td>\n<td class=\"column-3\" style=\"width: 59.7633%;\"><\/td>\n<\/tr>\n<tr class=\"row-4 even\">\n<td class=\"column-1\" style=\"width: 59.1716%;\">Fiber<\/td>\n<td class=\"column-2\" style=\"width: 15.9763%;\">2 %<\/td>\n<td class=\"column-3\" style=\"width: 59.7633%;\"><\/td>\n<\/tr>\n<tr class=\"row-5 odd\">\n<td class=\"column-1\" style=\"width: 59.1716%;\">Aska<\/td>\n<td class=\"column-2\" style=\"width: 15.9763%;\">4 %<\/td>\n<td class=\"column-3\" style=\"width: 59.7633%;\"><\/td>\n<\/tr>\n<tr class=\"row-6 even\">\n<td class=\"column-1\" style=\"width: 59.1716%;\"><\/td>\n<td class=\"column-2\" style=\"width: 15.9763%;\"><\/td>\n<td class=\"column-3\" style=\"width: 59.7633%;\"><\/td>\n<\/tr>\n<tr class=\"row-7 odd\">\n<td class=\"column-1\" style=\"width: 59.1716%;\">Omega-3 fettsyror<\/td>\n<td class=\"column-2\" style=\"width: 15.9763%;\">90 mg<\/td>\n<td class=\"column-3\" style=\"width: 59.7633%;\">65 mg<\/td>\n<\/tr>\n<tr class=\"row-8 even\">\n<td class=\"column-1\" style=\"width: 59.1716%;\">Omega-6 fettsyror<\/td>\n<td class=\"column-2\" style=\"width: 15.9763%;\">120 mg<\/td>\n<td class=\"column-3\" style=\"width: 59.7633%;\">85 mg<\/td>\n<\/tr>\n<tr class=\"row-9 odd\">\n<td class=\"column-1\" style=\"width: 59.1716%;\">Omega-7 fettsyror<\/td>\n<td class=\"column-2\" style=\"width: 15.9763%;\">210 mg<\/td>\n<td class=\"column-3\" style=\"width: 59.7633%;\">150 mg<\/td>\n<\/tr>\n<tr class=\"row-10 even\">\n<td class=\"column-1\" style=\"width: 59.1716%;\">Omega-9 fettsyror<\/td>\n<td class=\"column-2\" style=\"width: 15.9763%;\">130 mg<\/td>\n<td class=\"column-3\" style=\"width: 59.7633%;\">90 mg<\/td>\n<\/tr>\n<tr class=\"row-11 odd\">\n<td class=\"column-1\" style=\"width: 59.1716%;\">E-vitamin (Alfatokoferol)<\/td>\n<td class=\"column-2\" style=\"width: 15.9763%;\">3 mg<\/td>\n<td class=\"column-3\" style=\"width: 59.7633%;\">2 mg<\/td>\n<\/tr>\n<tr class=\"row-12 even\">\n<td class=\"column-1\" style=\"width: 59.1716%;\">\u03b2-karoten<\/td>\n<td class=\"column-2\" style=\"width: 15.9763%;\">0.6 mg<\/td>\n<td class=\"column-3\" style=\"width: 59.7633%;\">0.4 mg<\/td>\n<\/tr>\n<tr class=\"row-13 odd\">\n<td class=\"column-1\" style=\"width: 59.1716%;\">Lutein<\/td>\n<td class=\"column-2\" style=\"width: 15.9763%;\">3,6 mg<\/td>\n<td class=\"column-3\" style=\"width: 59.7633%;\">2,5 mg<\/td>\n<\/tr>\n<\/tbody>\n<\/table>\n<\/div>\n<\/div>\n<div id=\"tablepress-5-scroll-wrapper\" class=\"tablepress-scroll-wrapper\"><\/div>\n","protected":false},"excerpt":{"rendered":"<p>\u201dF\u00f6rvintern gjorde Elmos tassar torra och tog bort elasticiteten fr\u00e5n dem. Elmo provade BERRYOMG Vitality &amp; Defence-kapslar och nu \u00e4r trampdynorna i b\u00e4ttre form \u00e4n n\u00e5gonsin. Kapslarna kommer \u00e4ven forts\u00e4ttningsvis att ing\u00e5 i Elmos kost.\u201d<\/p>\n<ul>\n<li>Omega-3, -6, -7 och -9 fettsyror samt naturligt vitamin E<\/li>\n<li>Tillverkade av havtornsolja, som inneh\u00e5ller en naturligt unik sammans\u00e4ttning av omega-3-, -6-, -7- och -9-fettsyror<\/li>\n<li>Utm\u00e4rkt f\u00f6r torra och spruckna trampdynor och g\u00f6r \u00e4ven p\u00e4lsen glansig<\/li>\n<li>Extra \u00e5terfuktning f\u00f6r torra och rinnande \u00f6gon<\/li>\n<li>Antioxidanter skyddar mot effekterna av \u00e5ldrande och st\u00f6djer immunsystemets normala funktion<\/li>\n<li>Utvecklad i samarbete med en n\u00e4ringsspecialist f\u00f6r djur<\/li>\n<li>Synliga resultat inom 2\u20136 veckor<\/li>\n<\/ul>\n","protected":false},"featured_media":2289,"comment_status":"open","ping_status":"closed","template":"","meta":{"_acf_changed":false},"product_brand":[],"product_cat":[95],"product_tag":[],"class_list":{"0":"post-5071","1":"product","2":"type-product","3":"status-publish","4":"has-post-thumbnail","6":"product_cat-yleinen-sv","8":"first","9":"instock","10":"taxable","11":"shipping-taxable","12":"purchasable","13":"product-type-simple"},"acf":[],"yoast_head":"<!-- This site is optimized with the Yoast SEO plugin v27.3 - https:\/\/yoast.com\/product\/yoast-seo-wordpress\/ -->\n<title>2 x 90 Vitality &amp; Defence \u2013 f\u00f6r tassar och \u00f6gon, vitalitet f\u00f6r seniorer - BerryOMG<\/title>\n<meta name=\"description\" content=\"BERRYOMG Vitality&amp; Defense kosttillskott f\u00f6r hundar med torra, spruckna tassar och torra, rinnande \u00f6gon. Antioxidanter f\u00f6r vitaliteten hos seniorer.\" \/>\n<meta name=\"robots\" content=\"index, follow, max-snippet:-1, max-image-preview:large, max-video-preview:-1\" \/>\n<link rel=\"canonical\" href=\"https:\/\/berryomg.com\/sv\/tuote\/2-x-90-vitality-defence-for-tassar-och-ogon-vitalitet-for-seniorer\/\" \/>\n<meta property=\"og:locale\" content=\"sv_SE\" \/>\n<meta property=\"og:type\" content=\"article\" \/>\n<meta property=\"og:title\" content=\"2 x 90 Vitality &amp; Defence \u2013 f\u00f6r tassar och \u00f6gon, vitalitet f\u00f6r seniorer - BerryOMG\" \/>\n<meta property=\"og:description\" content=\"BERRYOMG Vitality&amp; Defense kosttillskott f\u00f6r hundar med torra, spruckna tassar och torra, rinnande \u00f6gon. Antioxidanter f\u00f6r vitaliteten hos seniorer.\" \/>\n<meta property=\"og:url\" content=\"https:\/\/berryomg.com\/sv\/tuote\/2-x-90-vitality-defence-for-tassar-och-ogon-vitalitet-for-seniorer\/\" \/>\n<meta property=\"og:site_name\" content=\"BerryOMG\" \/>\n<meta property=\"article:modified_time\" content=\"2026-04-09T06:48:02+00:00\" \/>\n<meta property=\"og:image\" content=\"https:\/\/berryomg.com\/wp-content\/uploads\/2023\/11\/BerryOMG_tupla_vitality-defence_72dpi.png\" \/>\n\t<meta property=\"og:image:width\" content=\"1000\" \/>\n\t<meta property=\"og:image:height\" content=\"851\" \/>\n\t<meta property=\"og:image:type\" content=\"image\/png\" \/>\n<meta name=\"twitter:card\" content=\"summary_large_image\" \/>\n<meta name=\"twitter:label1\" content=\"Ber\u00e4knad l\u00e4stid\" \/>\n\t<meta name=\"twitter:data1\" content=\"1 minut\" \/>\n<script type=\"application\/ld+json\" class=\"yoast-schema-graph\">{\"@context\":\"https:\\\/\\\/schema.org\",\"@graph\":[{\"@type\":\"WebPage\",\"@id\":\"https:\\\/\\\/berryomg.com\\\/sv\\\/tuote\\\/2-x-90-vitality-defence-for-tassar-och-ogon-vitalitet-for-seniorer\\\/\",\"url\":\"https:\\\/\\\/berryomg.com\\\/sv\\\/tuote\\\/2-x-90-vitality-defence-for-tassar-och-ogon-vitalitet-for-seniorer\\\/\",\"name\":\"2 x 90 Vitality & Defence \u2013 f\u00f6r tassar och \u00f6gon, vitalitet f\u00f6r seniorer - BerryOMG\",\"isPartOf\":{\"@id\":\"https:\\\/\\\/berryomg.com\\\/sv\\\/#website\"},\"primaryImageOfPage\":{\"@id\":\"https:\\\/\\\/berryomg.com\\\/sv\\\/tuote\\\/2-x-90-vitality-defence-for-tassar-och-ogon-vitalitet-for-seniorer\\\/#primaryimage\"},\"image\":{\"@id\":\"https:\\\/\\\/berryomg.com\\\/sv\\\/tuote\\\/2-x-90-vitality-defence-for-tassar-och-ogon-vitalitet-for-seniorer\\\/#primaryimage\"},\"thumbnailUrl\":\"https:\\\/\\\/berryomg.com\\\/wp-content\\\/uploads\\\/2023\\\/11\\\/BerryOMG_tupla_vitality-defence_72dpi.png\",\"datePublished\":\"2023-11-05T09:43:51+00:00\",\"dateModified\":\"2026-04-09T06:48:02+00:00\",\"description\":\"BERRYOMG Vitality& Defense kosttillskott f\u00f6r hundar med torra, spruckna tassar och torra, rinnande \u00f6gon. Antioxidanter f\u00f6r vitaliteten hos seniorer.\",\"breadcrumb\":{\"@id\":\"https:\\\/\\\/berryomg.com\\\/sv\\\/tuote\\\/2-x-90-vitality-defence-for-tassar-och-ogon-vitalitet-for-seniorer\\\/#breadcrumb\"},\"inLanguage\":\"sv-SE\",\"potentialAction\":[{\"@type\":\"ReadAction\",\"target\":[\"https:\\\/\\\/berryomg.com\\\/sv\\\/tuote\\\/2-x-90-vitality-defence-for-tassar-och-ogon-vitalitet-for-seniorer\\\/\"]}]},{\"@type\":\"ImageObject\",\"inLanguage\":\"sv-SE\",\"@id\":\"https:\\\/\\\/berryomg.com\\\/sv\\\/tuote\\\/2-x-90-vitality-defence-for-tassar-och-ogon-vitalitet-for-seniorer\\\/#primaryimage\",\"url\":\"https:\\\/\\\/berryomg.com\\\/wp-content\\\/uploads\\\/2023\\\/11\\\/BerryOMG_tupla_vitality-defence_72dpi.png\",\"contentUrl\":\"https:\\\/\\\/berryomg.com\\\/wp-content\\\/uploads\\\/2023\\\/11\\\/BerryOMG_tupla_vitality-defence_72dpi.png\",\"width\":1000,\"height\":851},{\"@type\":\"BreadcrumbList\",\"@id\":\"https:\\\/\\\/berryomg.com\\\/sv\\\/tuote\\\/2-x-90-vitality-defence-for-tassar-och-ogon-vitalitet-for-seniorer\\\/#breadcrumb\",\"itemListElement\":[{\"@type\":\"ListItem\",\"position\":1,\"name\":\"Etusivu\",\"item\":\"https:\\\/\\\/berryomg.com\\\/sv\\\/\"},{\"@type\":\"ListItem\",\"position\":2,\"name\":\"Butik\",\"item\":\"https:\\\/\\\/berryomg.com\\\/kauppa\\\/\"},{\"@type\":\"ListItem\",\"position\":3,\"name\":\"2 x 90 Vitality &#038; Defence \u2013 f\u00f6r tassar och \u00f6gon, vitalitet f\u00f6r seniorer\"}]},{\"@type\":\"WebSite\",\"@id\":\"https:\\\/\\\/berryomg.com\\\/sv\\\/#website\",\"url\":\"https:\\\/\\\/berryomg.com\\\/sv\\\/\",\"name\":\"BerryOMG\",\"description\":\"\",\"potentialAction\":[{\"@type\":\"SearchAction\",\"target\":{\"@type\":\"EntryPoint\",\"urlTemplate\":\"https:\\\/\\\/berryomg.com\\\/sv\\\/?s={search_term_string}\"},\"query-input\":{\"@type\":\"PropertyValueSpecification\",\"valueRequired\":true,\"valueName\":\"search_term_string\"}}],\"inLanguage\":\"sv-SE\"}]}<\/script>\n<!-- \/ Yoast SEO plugin. -->","yoast_head_json":{"title":"2 x 90 Vitality & Defence \u2013 f\u00f6r tassar och \u00f6gon, vitalitet f\u00f6r seniorer - BerryOMG","description":"BERRYOMG Vitality& Defense kosttillskott f\u00f6r hundar med torra, spruckna tassar och torra, rinnande \u00f6gon. Antioxidanter f\u00f6r vitaliteten hos seniorer.","robots":{"index":"index","follow":"follow","max-snippet":"max-snippet:-1","max-image-preview":"max-image-preview:large","max-video-preview":"max-video-preview:-1"},"canonical":"https:\/\/berryomg.com\/sv\/tuote\/2-x-90-vitality-defence-for-tassar-och-ogon-vitalitet-for-seniorer\/","og_locale":"sv_SE","og_type":"article","og_title":"2 x 90 Vitality & Defence \u2013 f\u00f6r tassar och \u00f6gon, vitalitet f\u00f6r seniorer - BerryOMG","og_description":"BERRYOMG Vitality& Defense kosttillskott f\u00f6r hundar med torra, spruckna tassar och torra, rinnande \u00f6gon. Antioxidanter f\u00f6r vitaliteten hos seniorer.","og_url":"https:\/\/berryomg.com\/sv\/tuote\/2-x-90-vitality-defence-for-tassar-och-ogon-vitalitet-for-seniorer\/","og_site_name":"BerryOMG","article_modified_time":"2026-04-09T06:48:02+00:00","og_image":[{"width":1000,"height":851,"url":"https:\/\/berryomg.com\/wp-content\/uploads\/2023\/11\/BerryOMG_tupla_vitality-defence_72dpi.png","type":"image\/png"}],"twitter_card":"summary_large_image","twitter_misc":{"Ber\u00e4knad l\u00e4stid":"1 minut"},"schema":{"@context":"https:\/\/schema.org","@graph":[{"@type":"WebPage","@id":"https:\/\/berryomg.com\/sv\/tuote\/2-x-90-vitality-defence-for-tassar-och-ogon-vitalitet-for-seniorer\/","url":"https:\/\/berryomg.com\/sv\/tuote\/2-x-90-vitality-defence-for-tassar-och-ogon-vitalitet-for-seniorer\/","name":"2 x 90 Vitality & Defence \u2013 f\u00f6r tassar och \u00f6gon, vitalitet f\u00f6r seniorer - BerryOMG","isPartOf":{"@id":"https:\/\/berryomg.com\/sv\/#website"},"primaryImageOfPage":{"@id":"https:\/\/berryomg.com\/sv\/tuote\/2-x-90-vitality-defence-for-tassar-och-ogon-vitalitet-for-seniorer\/#primaryimage"},"image":{"@id":"https:\/\/berryomg.com\/sv\/tuote\/2-x-90-vitality-defence-for-tassar-och-ogon-vitalitet-for-seniorer\/#primaryimage"},"thumbnailUrl":"https:\/\/berryomg.com\/wp-content\/uploads\/2023\/11\/BerryOMG_tupla_vitality-defence_72dpi.png","datePublished":"2023-11-05T09:43:51+00:00","dateModified":"2026-04-09T06:48:02+00:00","description":"BERRYOMG Vitality& Defense kosttillskott f\u00f6r hundar med torra, spruckna tassar och torra, rinnande \u00f6gon. Antioxidanter f\u00f6r vitaliteten hos seniorer.","breadcrumb":{"@id":"https:\/\/berryomg.com\/sv\/tuote\/2-x-90-vitality-defence-for-tassar-och-ogon-vitalitet-for-seniorer\/#breadcrumb"},"inLanguage":"sv-SE","potentialAction":[{"@type":"ReadAction","target":["https:\/\/berryomg.com\/sv\/tuote\/2-x-90-vitality-defence-for-tassar-och-ogon-vitalitet-for-seniorer\/"]}]},{"@type":"ImageObject","inLanguage":"sv-SE","@id":"https:\/\/berryomg.com\/sv\/tuote\/2-x-90-vitality-defence-for-tassar-och-ogon-vitalitet-for-seniorer\/#primaryimage","url":"https:\/\/berryomg.com\/wp-content\/uploads\/2023\/11\/BerryOMG_tupla_vitality-defence_72dpi.png","contentUrl":"https:\/\/berryomg.com\/wp-content\/uploads\/2023\/11\/BerryOMG_tupla_vitality-defence_72dpi.png","width":1000,"height":851},{"@type":"BreadcrumbList","@id":"https:\/\/berryomg.com\/sv\/tuote\/2-x-90-vitality-defence-for-tassar-och-ogon-vitalitet-for-seniorer\/#breadcrumb","itemListElement":[{"@type":"ListItem","position":1,"name":"Etusivu","item":"https:\/\/berryomg.com\/sv\/"},{"@type":"ListItem","position":2,"name":"Butik","item":"https:\/\/berryomg.com\/kauppa\/"},{"@type":"ListItem","position":3,"name":"2 x 90 Vitality &#038; Defence \u2013 f\u00f6r tassar och \u00f6gon, vitalitet f\u00f6r seniorer"}]},{"@type":"WebSite","@id":"https:\/\/berryomg.com\/sv\/#website","url":"https:\/\/berryomg.com\/sv\/","name":"BerryOMG","description":"","potentialAction":[{"@type":"SearchAction","target":{"@type":"EntryPoint","urlTemplate":"https:\/\/berryomg.com\/sv\/?s={search_term_string}"},"query-input":{"@type":"PropertyValueSpecification","valueRequired":true,"valueName":"search_term_string"}}],"inLanguage":"sv-SE"}]}},"_links":{"self":[{"href":"https:\/\/berryomg.com\/sv\/wp-json\/wp\/v2\/product\/5071","targetHints":{"allow":["GET"]}}],"collection":[{"href":"https:\/\/berryomg.com\/sv\/wp-json\/wp\/v2\/product"}],"about":[{"href":"https:\/\/berryomg.com\/sv\/wp-json\/wp\/v2\/types\/product"}],"replies":[{"embeddable":true,"href":"https:\/\/berryomg.com\/sv\/wp-json\/wp\/v2\/comments?post=5071"}],"wp:featuredmedia":[{"embeddable":true,"href":"https:\/\/berryomg.com\/sv\/wp-json\/wp\/v2\/media\/2289"}],"wp:attachment":[{"href":"https:\/\/berryomg.com\/sv\/wp-json\/wp\/v2\/media?parent=5071"}],"wp:term":[{"taxonomy":"product_brand","embeddable":true,"href":"https:\/\/berryomg.com\/sv\/wp-json\/wp\/v2\/product_brand?post=5071"},{"taxonomy":"product_cat","embeddable":true,"href":"https:\/\/berryomg.com\/sv\/wp-json\/wp\/v2\/product_cat?post=5071"},{"taxonomy":"product_tag","embeddable":true,"href":"https:\/\/berryomg.com\/sv\/wp-json\/wp\/v2\/product_tag?post=5071"}],"curies":[{"name":"wp","href":"https:\/\/api.w.org\/{rel}","templated":true}]}}