{"id":5408,"date":"2024-08-15T12:03:18","date_gmt":"2024-08-15T09:03:18","guid":{"rendered":"https:\/\/berryomg.com\/?post_type=product&#038;p=5408"},"modified":"2026-04-10T09:49:49","modified_gmt":"2026-04-10T06:49:49","slug":"omvega-3-omega-3-kosttillskott-utan-fiskolja-30kapslar","status":"publish","type":"product","link":"https:\/\/berryomg.com\/sv\/tuote\/omvega-3-omega-3-kosttillskott-utan-fiskolja-30kapslar\/","title":{"rendered":"OMvEGA-3 \u2013 omega-3-kosttillskott utan fiskolja &#8211; 30 kapslar"},"content":{"rendered":"<p><em>Inte inneh\u00e5ller konstgjorda f\u00e4rg\u00e4mnen, j\u00e4st, socker, laktos,<\/em><br \/>\n<em>vete\/gluten, fiskolja, animaliska ingredienser.<\/em><\/p>\n<p><strong>Sammans\u00e4ttning:<\/strong><br \/>\nLingonb\u00e4rsfr\u00f6olja; kapselh\u00f6lje: majsst\u00e4rkelse, glycerol, mineraler<\/p>\n<p><strong>Naturliga n\u00e4rings\u00e4mnen:<\/strong><br \/>\nRosmarinextrakt, betakaroten<\/p>\n<p><strong>N\u00e4rings\u00e4mnen:<\/strong><br \/>\nFett 70 %, protein 0 %, fiber 2 %, aska 2 %<\/p>\n<p>&nbsp;<\/p>\n<table id=\"tablepress-6\" class=\"tablepress tablepress-id-6 tablepress-responsive dataTable no-footer\" style=\"width: 34.112%; height: 322px;\">\n<thead>\n<tr class=\"row-1 odd\" style=\"height: 24px;\">\n<th class=\"column-1 sorting_disabled\" style=\"width: 60%; height: 24px;\">N\u00e4rings\u00e4mneslista<\/th>\n<th class=\"column-2 sorting_disabled\" style=\"width: 16.9014%; height: 24px;\">1 g<\/th>\n<th class=\"column-3 sorting_disabled\" style=\"width: 63.662%; height: 24px;\">1 kapsel<\/th>\n<\/tr>\n<\/thead>\n<tbody class=\"row-hover\">\n<tr class=\"row-2 even\" style=\"height: 24px;\">\n<td class=\"column-1\" style=\"width: 60%; height: 24px;\">Fett<\/td>\n<td class=\"column-2\" style=\"width: 16.9014%; height: 24px;\">70 %<\/td>\n<td class=\"column-3\" style=\"width: 63.662%; height: 24px;\"><\/td>\n<\/tr>\n<tr class=\"row-3 odd\" style=\"height: 24px;\">\n<td class=\"column-1\" style=\"width: 60%; height: 24px;\">Protein<\/td>\n<td class=\"column-2\" style=\"width: 16.9014%; height: 24px;\">0 %<\/td>\n<td class=\"column-3\" style=\"width: 63.662%; height: 24px;\"><\/td>\n<\/tr>\n<tr class=\"row-4 even\" style=\"height: 24px;\">\n<td class=\"column-1\" style=\"width: 60%; height: 24px;\">Fiber<\/td>\n<td class=\"column-2\" style=\"width: 16.9014%; height: 24px;\">2 %<\/td>\n<td class=\"column-3\" style=\"width: 63.662%; height: 24px;\"><\/td>\n<\/tr>\n<tr class=\"row-5 odd\" style=\"height: 24px;\">\n<td class=\"column-1\" style=\"width: 60%; height: 24px;\">Aska<\/td>\n<td class=\"column-2\" style=\"width: 16.9014%; height: 24px;\">2 %<\/td>\n<td class=\"column-3\" style=\"width: 63.662%; height: 24px;\"><\/td>\n<\/tr>\n<tr class=\"row-6 even\" style=\"height: 24px;\">\n<td class=\"column-1\" style=\"width: 60%; height: 24px;\"><\/td>\n<td class=\"column-2\" style=\"width: 16.9014%; height: 24px;\"><\/td>\n<td class=\"column-3\" style=\"width: 63.662%; height: 24px;\"><\/td>\n<\/tr>\n<tr class=\"row-7 odd\" style=\"height: 48px;\">\n<td class=\"column-1\" style=\"width: 60%; height: 48px;\">Omega-3 fettsyror (Alfa-linolensyra)<\/td>\n<td class=\"column-2\" style=\"width: 16.9014%; height: 48px;\">320 mg<\/td>\n<td class=\"column-3\" style=\"width: 63.662%; height: 48px;\">220 mg<\/td>\n<\/tr>\n<tr class=\"row-8 even\" style=\"height: 24px;\">\n<td class=\"column-1\" style=\"width: 60%; height: 24px;\">Omega-6 fettsyror (Linolsyra)<\/td>\n<td class=\"column-2\" style=\"width: 16.9014%; height: 24px;\">250 mg<\/td>\n<td class=\"column-3\" style=\"width: 63.662%; height: 24px;\">170 mg<\/td>\n<\/tr>\n<tr class=\"row-9 odd\" style=\"height: 24px;\">\n<td class=\"column-1\" style=\"width: 60%; height: 24px;\">Essentiella fettsyror totalt<\/td>\n<td class=\"column-2\" style=\"width: 16.9014%; height: 24px;\">560 mg<\/td>\n<td class=\"column-3\" style=\"width: 63.662%; height: 24px;\">390 mg<\/td>\n<\/tr>\n<tr class=\"row-11 odd\" style=\"height: 24px;\">\n<td class=\"column-1\" style=\"width: 60%; height: 24px;\">M\u00e4ttade fettsyror totalt<\/td>\n<td class=\"column-2\" style=\"width: 16.9014%; height: 24px;\">99 %<\/td>\n<td class=\"column-3\" style=\"width: 63.662%; height: 24px;\">99 %<\/td>\n<\/tr>\n<tr class=\"row-12 even\" style=\"height: 24px;\">\n<td class=\"column-1\" style=\"width: 60%; height: 24px;\">\u03b2-karoten<\/td>\n<td class=\"column-2\" style=\"width: 16.9014%; height: 24px;\">0.18 mg<\/td>\n<td class=\"column-3\" style=\"width: 63.662%; height: 24px;\">0.12 mg<\/td>\n<\/tr>\n<tr class=\"row-13 odd\" style=\"height: 34px;\">\n<td class=\"column-1\" style=\"width: 60%; height: 34px;\">Y-Tokotrienol<\/td>\n<td class=\"column-2\" style=\"width: 16.9014%; height: 34px;\">~0.5 mg<\/td>\n<td class=\"column-3\" style=\"width: 63.662%; height: 34px;\">\n<div id=\"tablepress-4-scroll-wrapper\" class=\"tablepress-scroll-wrapper\">\n<div id=\"tablepress-4_wrapper\" class=\"dataTables_wrapper no-footer\">\n<table id=\"tablepress-4\" class=\"tablepress tablepress-id-4 tablepress-responsive dataTable no-footer\" style=\"width: 28.8155%;\">\n<tbody class=\"row-hover\">\n<tr class=\"row-12 even\">\n<td class=\"column-3\" style=\"width: 10.873%;\">~0.4mg<\/td>\n<\/tr>\n<\/tbody>\n<\/table>\n<\/div>\n<\/div>\n<\/td>\n<\/tr>\n<\/tbody>\n<\/table>\n","protected":false},"excerpt":{"rendered":"<p>\u201dFettsyror hj\u00e4lper till att h\u00e5lla hudens skyddande lager i gott skick och p\u00e4lsen glansig. Till exempel omega-3-fettsyror \u00e4r viktiga f\u00f6r b\u00e5de katter och hundar.\u201d<\/p>\n<ul>\n<li>Naturlig omega-3 f\u00f6r hundar och katter<\/li>\n<li>Utm\u00e4rkt v\u00e4xtbaserad omega-3 f\u00f6r hundar som inte t\u00e5l fiskeoljepreparat<\/li>\n<li>St\u00f6djer hudens, p\u00e4lsens och ledernas v\u00e4lbefinnande<\/li>\n<li>Tillverkad av lingon som odlats vilt i norr<\/li>\n<li>Inneh\u00e5ller rikligt med omega-3-fettsyror och h\u00e4lsofr\u00e4mjande antioxidanter f\u00f6r din hund<\/li>\n<li>Utvecklad i samarbete med en n\u00e4ringsspecialist f\u00f6r djur<\/li>\n<li>Synliga resultat inom 2\u20136 veckor<\/li>\n<\/ul>\n","protected":false},"featured_media":5433,"comment_status":"open","ping_status":"closed","template":"","meta":{"_acf_changed":false},"product_brand":[],"product_cat":[95],"product_tag":[],"class_list":{"0":"post-5408","1":"product","2":"type-product","3":"status-publish","4":"has-post-thumbnail","6":"product_cat-yleinen-sv","8":"first","9":"instock","10":"taxable","11":"shipping-taxable","12":"purchasable","13":"product-type-simple"},"acf":[],"yoast_head":"<!-- This site is optimized with the Yoast SEO plugin v27.3 - https:\/\/yoast.com\/product\/yoast-seo-wordpress\/ -->\n<title>OMvEGA-3 \u2013 omega-3-kosttillskott utan fiskolja - 30 kapslar - BerryOMG<\/title>\n<meta name=\"description\" content=\"BERRYOMG OMvEGA-3 \u00e4r en fiskoljefri omega-3 olja f\u00f6r hundar och katter. Optimal f\u00f6r husdjur som av n\u00e5gon anledning inte t\u00e5l fiskolja.\" \/>\n<meta name=\"robots\" content=\"index, follow, max-snippet:-1, max-image-preview:large, max-video-preview:-1\" \/>\n<link rel=\"canonical\" href=\"https:\/\/berryomg.com\/sv\/tuote\/omvega-3-omega-3-kosttillskott-utan-fiskolja-30kapslar\/\" \/>\n<meta property=\"og:locale\" content=\"sv_SE\" \/>\n<meta property=\"og:type\" content=\"article\" \/>\n<meta property=\"og:title\" content=\"OMvEGA-3 \u2013 omega-3-kosttillskott utan fiskolja - 30 kapslar - BerryOMG\" \/>\n<meta property=\"og:description\" content=\"BERRYOMG OMvEGA-3 \u00e4r en fiskoljefri omega-3 olja f\u00f6r hundar och katter. Optimal f\u00f6r husdjur som av n\u00e5gon anledning inte t\u00e5l fiskolja.\" \/>\n<meta property=\"og:url\" content=\"https:\/\/berryomg.com\/sv\/tuote\/omvega-3-omega-3-kosttillskott-utan-fiskolja-30kapslar\/\" \/>\n<meta property=\"og:site_name\" content=\"BerryOMG\" \/>\n<meta property=\"article:modified_time\" content=\"2026-04-10T06:49:49+00:00\" \/>\n<meta property=\"og:image\" content=\"https:\/\/berryomg.com\/wp-content\/uploads\/2024\/08\/5.png\" \/>\n\t<meta property=\"og:image:width\" content=\"600\" \/>\n\t<meta property=\"og:image:height\" content=\"600\" \/>\n\t<meta property=\"og:image:type\" content=\"image\/png\" \/>\n<meta name=\"twitter:card\" content=\"summary_large_image\" \/>\n<meta name=\"twitter:label1\" content=\"Ber\u00e4knad l\u00e4stid\" \/>\n\t<meta name=\"twitter:data1\" content=\"1 minut\" \/>\n<script type=\"application\/ld+json\" class=\"yoast-schema-graph\">{\"@context\":\"https:\\\/\\\/schema.org\",\"@graph\":[{\"@type\":\"WebPage\",\"@id\":\"https:\\\/\\\/berryomg.com\\\/sv\\\/tuote\\\/omvega-3-omega-3-kosttillskott-utan-fiskolja-30kapslar\\\/\",\"url\":\"https:\\\/\\\/berryomg.com\\\/sv\\\/tuote\\\/omvega-3-omega-3-kosttillskott-utan-fiskolja-30kapslar\\\/\",\"name\":\"OMvEGA-3 \u2013 omega-3-kosttillskott utan fiskolja - 30 kapslar - BerryOMG\",\"isPartOf\":{\"@id\":\"https:\\\/\\\/berryomg.com\\\/sv\\\/#website\"},\"primaryImageOfPage\":{\"@id\":\"https:\\\/\\\/berryomg.com\\\/sv\\\/tuote\\\/omvega-3-omega-3-kosttillskott-utan-fiskolja-30kapslar\\\/#primaryimage\"},\"image\":{\"@id\":\"https:\\\/\\\/berryomg.com\\\/sv\\\/tuote\\\/omvega-3-omega-3-kosttillskott-utan-fiskolja-30kapslar\\\/#primaryimage\"},\"thumbnailUrl\":\"https:\\\/\\\/berryomg.com\\\/wp-content\\\/uploads\\\/2024\\\/08\\\/5.png\",\"datePublished\":\"2024-08-15T09:03:18+00:00\",\"dateModified\":\"2026-04-10T06:49:49+00:00\",\"description\":\"BERRYOMG OMvEGA-3 \u00e4r en fiskoljefri omega-3 olja f\u00f6r hundar och katter. Optimal f\u00f6r husdjur som av n\u00e5gon anledning inte t\u00e5l fiskolja.\",\"breadcrumb\":{\"@id\":\"https:\\\/\\\/berryomg.com\\\/sv\\\/tuote\\\/omvega-3-omega-3-kosttillskott-utan-fiskolja-30kapslar\\\/#breadcrumb\"},\"inLanguage\":\"sv-SE\",\"potentialAction\":[{\"@type\":\"ReadAction\",\"target\":[\"https:\\\/\\\/berryomg.com\\\/sv\\\/tuote\\\/omvega-3-omega-3-kosttillskott-utan-fiskolja-30kapslar\\\/\"]}]},{\"@type\":\"ImageObject\",\"inLanguage\":\"sv-SE\",\"@id\":\"https:\\\/\\\/berryomg.com\\\/sv\\\/tuote\\\/omvega-3-omega-3-kosttillskott-utan-fiskolja-30kapslar\\\/#primaryimage\",\"url\":\"https:\\\/\\\/berryomg.com\\\/wp-content\\\/uploads\\\/2024\\\/08\\\/5.png\",\"contentUrl\":\"https:\\\/\\\/berryomg.com\\\/wp-content\\\/uploads\\\/2024\\\/08\\\/5.png\",\"width\":600,\"height\":600},{\"@type\":\"BreadcrumbList\",\"@id\":\"https:\\\/\\\/berryomg.com\\\/sv\\\/tuote\\\/omvega-3-omega-3-kosttillskott-utan-fiskolja-30kapslar\\\/#breadcrumb\",\"itemListElement\":[{\"@type\":\"ListItem\",\"position\":1,\"name\":\"Etusivu\",\"item\":\"https:\\\/\\\/berryomg.com\\\/sv\\\/\"},{\"@type\":\"ListItem\",\"position\":2,\"name\":\"Butik\",\"item\":\"https:\\\/\\\/berryomg.com\\\/kauppa\\\/\"},{\"@type\":\"ListItem\",\"position\":3,\"name\":\"OMvEGA-3 \u2013 omega-3-kosttillskott utan fiskolja &#8211; 30 kapslar\"}]},{\"@type\":\"WebSite\",\"@id\":\"https:\\\/\\\/berryomg.com\\\/sv\\\/#website\",\"url\":\"https:\\\/\\\/berryomg.com\\\/sv\\\/\",\"name\":\"BerryOMG\",\"description\":\"\",\"potentialAction\":[{\"@type\":\"SearchAction\",\"target\":{\"@type\":\"EntryPoint\",\"urlTemplate\":\"https:\\\/\\\/berryomg.com\\\/sv\\\/?s={search_term_string}\"},\"query-input\":{\"@type\":\"PropertyValueSpecification\",\"valueRequired\":true,\"valueName\":\"search_term_string\"}}],\"inLanguage\":\"sv-SE\"}]}<\/script>\n<!-- \/ Yoast SEO plugin. -->","yoast_head_json":{"title":"OMvEGA-3 \u2013 omega-3-kosttillskott utan fiskolja - 30 kapslar - BerryOMG","description":"BERRYOMG OMvEGA-3 \u00e4r en fiskoljefri omega-3 olja f\u00f6r hundar och katter. Optimal f\u00f6r husdjur som av n\u00e5gon anledning inte t\u00e5l fiskolja.","robots":{"index":"index","follow":"follow","max-snippet":"max-snippet:-1","max-image-preview":"max-image-preview:large","max-video-preview":"max-video-preview:-1"},"canonical":"https:\/\/berryomg.com\/sv\/tuote\/omvega-3-omega-3-kosttillskott-utan-fiskolja-30kapslar\/","og_locale":"sv_SE","og_type":"article","og_title":"OMvEGA-3 \u2013 omega-3-kosttillskott utan fiskolja - 30 kapslar - BerryOMG","og_description":"BERRYOMG OMvEGA-3 \u00e4r en fiskoljefri omega-3 olja f\u00f6r hundar och katter. Optimal f\u00f6r husdjur som av n\u00e5gon anledning inte t\u00e5l fiskolja.","og_url":"https:\/\/berryomg.com\/sv\/tuote\/omvega-3-omega-3-kosttillskott-utan-fiskolja-30kapslar\/","og_site_name":"BerryOMG","article_modified_time":"2026-04-10T06:49:49+00:00","og_image":[{"width":600,"height":600,"url":"https:\/\/berryomg.com\/wp-content\/uploads\/2024\/08\/5.png","type":"image\/png"}],"twitter_card":"summary_large_image","twitter_misc":{"Ber\u00e4knad l\u00e4stid":"1 minut"},"schema":{"@context":"https:\/\/schema.org","@graph":[{"@type":"WebPage","@id":"https:\/\/berryomg.com\/sv\/tuote\/omvega-3-omega-3-kosttillskott-utan-fiskolja-30kapslar\/","url":"https:\/\/berryomg.com\/sv\/tuote\/omvega-3-omega-3-kosttillskott-utan-fiskolja-30kapslar\/","name":"OMvEGA-3 \u2013 omega-3-kosttillskott utan fiskolja - 30 kapslar - BerryOMG","isPartOf":{"@id":"https:\/\/berryomg.com\/sv\/#website"},"primaryImageOfPage":{"@id":"https:\/\/berryomg.com\/sv\/tuote\/omvega-3-omega-3-kosttillskott-utan-fiskolja-30kapslar\/#primaryimage"},"image":{"@id":"https:\/\/berryomg.com\/sv\/tuote\/omvega-3-omega-3-kosttillskott-utan-fiskolja-30kapslar\/#primaryimage"},"thumbnailUrl":"https:\/\/berryomg.com\/wp-content\/uploads\/2024\/08\/5.png","datePublished":"2024-08-15T09:03:18+00:00","dateModified":"2026-04-10T06:49:49+00:00","description":"BERRYOMG OMvEGA-3 \u00e4r en fiskoljefri omega-3 olja f\u00f6r hundar och katter. Optimal f\u00f6r husdjur som av n\u00e5gon anledning inte t\u00e5l fiskolja.","breadcrumb":{"@id":"https:\/\/berryomg.com\/sv\/tuote\/omvega-3-omega-3-kosttillskott-utan-fiskolja-30kapslar\/#breadcrumb"},"inLanguage":"sv-SE","potentialAction":[{"@type":"ReadAction","target":["https:\/\/berryomg.com\/sv\/tuote\/omvega-3-omega-3-kosttillskott-utan-fiskolja-30kapslar\/"]}]},{"@type":"ImageObject","inLanguage":"sv-SE","@id":"https:\/\/berryomg.com\/sv\/tuote\/omvega-3-omega-3-kosttillskott-utan-fiskolja-30kapslar\/#primaryimage","url":"https:\/\/berryomg.com\/wp-content\/uploads\/2024\/08\/5.png","contentUrl":"https:\/\/berryomg.com\/wp-content\/uploads\/2024\/08\/5.png","width":600,"height":600},{"@type":"BreadcrumbList","@id":"https:\/\/berryomg.com\/sv\/tuote\/omvega-3-omega-3-kosttillskott-utan-fiskolja-30kapslar\/#breadcrumb","itemListElement":[{"@type":"ListItem","position":1,"name":"Etusivu","item":"https:\/\/berryomg.com\/sv\/"},{"@type":"ListItem","position":2,"name":"Butik","item":"https:\/\/berryomg.com\/kauppa\/"},{"@type":"ListItem","position":3,"name":"OMvEGA-3 \u2013 omega-3-kosttillskott utan fiskolja &#8211; 30 kapslar"}]},{"@type":"WebSite","@id":"https:\/\/berryomg.com\/sv\/#website","url":"https:\/\/berryomg.com\/sv\/","name":"BerryOMG","description":"","potentialAction":[{"@type":"SearchAction","target":{"@type":"EntryPoint","urlTemplate":"https:\/\/berryomg.com\/sv\/?s={search_term_string}"},"query-input":{"@type":"PropertyValueSpecification","valueRequired":true,"valueName":"search_term_string"}}],"inLanguage":"sv-SE"}]}},"_links":{"self":[{"href":"https:\/\/berryomg.com\/sv\/wp-json\/wp\/v2\/product\/5408","targetHints":{"allow":["GET"]}}],"collection":[{"href":"https:\/\/berryomg.com\/sv\/wp-json\/wp\/v2\/product"}],"about":[{"href":"https:\/\/berryomg.com\/sv\/wp-json\/wp\/v2\/types\/product"}],"replies":[{"embeddable":true,"href":"https:\/\/berryomg.com\/sv\/wp-json\/wp\/v2\/comments?post=5408"}],"wp:featuredmedia":[{"embeddable":true,"href":"https:\/\/berryomg.com\/sv\/wp-json\/wp\/v2\/media\/5433"}],"wp:attachment":[{"href":"https:\/\/berryomg.com\/sv\/wp-json\/wp\/v2\/media?parent=5408"}],"wp:term":[{"taxonomy":"product_brand","embeddable":true,"href":"https:\/\/berryomg.com\/sv\/wp-json\/wp\/v2\/product_brand?post=5408"},{"taxonomy":"product_cat","embeddable":true,"href":"https:\/\/berryomg.com\/sv\/wp-json\/wp\/v2\/product_cat?post=5408"},{"taxonomy":"product_tag","embeddable":true,"href":"https:\/\/berryomg.com\/sv\/wp-json\/wp\/v2\/product_tag?post=5408"}],"curies":[{"name":"wp","href":"https:\/\/api.w.org\/{rel}","templated":true}]}}