{"id":6499,"date":"2024-10-18T10:58:08","date_gmt":"2024-10-18T07:58:08","guid":{"rendered":"https:\/\/berryomg.com\/?post_type=product&#038;p=6499"},"modified":"2026-04-10T09:49:48","modified_gmt":"2026-04-10T06:49:48","slug":"calming-sensitive-shampoo-doftfritt-schampo-for-hundar-med-kanslig-hud","status":"publish","type":"product","link":"https:\/\/berryomg.com\/sv\/tuote\/calming-sensitive-shampoo-doftfritt-schampo-for-hundar-med-kanslig-hud\/","title":{"rendered":"Calming Sensitive Shampoo \u2013 Doftfritt schampo f\u00f6r hundar med k\u00e4nslig hud"},"content":{"rendered":"<p data-start=\"84\" data-end=\"160\"><strong data-start=\"84\" data-end=\"160\">Observera: Produkten har pumpmekanism, \u00e4ven om bilden visar n\u00e5got annat.<\/strong><\/p>\n<h3 data-start=\"162\" data-end=\"187\"><strong data-start=\"166\" data-end=\"185\">Bruksanvisning:<\/strong><\/h3>\n<p data-start=\"188\" data-end=\"404\">Schampot kan anv\u00e4ndas outsp\u00e4tt eller sp\u00e4das vid behov med ljummet vatten. Bl\u00f6t hundens p\u00e4ls ordentligt och massera in schampot tills det l\u00f6ddrar. L\u00e5t verka en stund och sk\u00f6lj sedan p\u00e4lsen noggrant. Upprepa vid behov.<\/p>\n<h3 data-start=\"406\" data-end=\"421\"><strong data-start=\"410\" data-end=\"419\">INCI:<\/strong><\/h3>\n<p data-start=\"422\" data-end=\"820\">Aqua, Cocamidopropyl Betaine, Caprylyl Capryl Glucoside, Anthemis Nobilis (Roman Chamomile) Floral Water, Glycerin, Lavandula Angustifolia Flower Water, Hyaluronic acid, Sorbitan Caprylate, Propanediol, Benzoic Acid, Hippophae Rhamnoides (Sea Buckthorn) Fruit Oil, Ribes Nigrum (Black Currant) Seed Oil, Arctium Majus Root Extract &amp; Leuconostoc\/Radish Root Ferment Filtrate, Xanthan gum, Tocopherol<\/p>\n","protected":false},"excerpt":{"rendered":"<p data-start=\"113\" data-end=\"168\">&#8221;P\u00e4lsen var mjuk och l\u00e4tt att reda ut efter tv\u00e4tt.&#8221;<\/p>\n<ul>\n<li data-start=\"172\" data-end=\"220\">Oparfymerat schampo f\u00f6r hundar med k\u00e4nslig hud<\/li>\n<li data-start=\"223\" data-end=\"272\">Certifierad naturkosmetik av de b\u00e4sta r\u00e5varorna<\/li>\n<li data-start=\"275\" data-end=\"322\">Reng\u00f6r skonsamt en stressad och glansl\u00f6s p\u00e4ls<\/li>\n<li data-start=\"325\" data-end=\"399\">Passar f\u00f6r upprepad anv\u00e4ndning utan att torka ut huden \u2013 \u00e4ven f\u00f6r valpar<\/li>\n<li data-start=\"402\" data-end=\"529\">Inneh\u00e5ller finska havtorns- och svarta vinb\u00e4rsfr\u00f6oljor som st\u00f6djer hudens naturliga v\u00e4lm\u00e5ende, samt \u00e5terfuktande hyaluronsyra<\/li>\n<li data-start=\"532\" data-end=\"566\">Utvecklad och tillverkad i Finland<\/li>\n<\/ul>\n","protected":false},"featured_media":6837,"comment_status":"open","ping_status":"closed","template":"","meta":{"_acf_changed":false},"product_brand":[],"product_cat":[121,95],"product_tag":[],"class_list":{"0":"post-6499","1":"product","2":"type-product","3":"status-publish","4":"has-post-thumbnail","6":"product_cat-palsvardsprodukter-for-hundar","7":"product_cat-yleinen-sv","9":"first","10":"instock","11":"taxable","12":"shipping-taxable","13":"purchasable","14":"product-type-simple"},"acf":[],"yoast_head":"<!-- This site is optimized with the Yoast SEO plugin v27.3 - https:\/\/yoast.com\/product\/yoast-seo-wordpress\/ -->\n<title>Calming Sensitive Shampoo \u2013 Doftfritt schampo f\u00f6r hundar med k\u00e4nslig hud - BerryOMG<\/title>\n<meta name=\"description\" content=\"BERRYOMG Calming Sensitive Shampoo Doftfritt schampo f\u00f6r hundar med k\u00e4nslig hud. Naturligt och skonsamt schampo f\u00f6r hundar.\" \/>\n<meta name=\"robots\" content=\"index, follow, max-snippet:-1, max-image-preview:large, max-video-preview:-1\" \/>\n<link rel=\"canonical\" href=\"https:\/\/berryomg.com\/sv\/tuote\/calming-sensitive-shampoo-doftfritt-schampo-for-hundar-med-kanslig-hud\/\" \/>\n<meta property=\"og:locale\" content=\"sv_SE\" \/>\n<meta property=\"og:type\" content=\"article\" \/>\n<meta property=\"og:title\" content=\"Calming Sensitive Shampoo \u2013 Doftfritt schampo f\u00f6r hundar med k\u00e4nslig hud - BerryOMG\" \/>\n<meta property=\"og:description\" content=\"BERRYOMG Calming Sensitive Shampoo Doftfritt schampo f\u00f6r hundar med k\u00e4nslig hud. Naturligt och skonsamt schampo f\u00f6r hundar.\" \/>\n<meta property=\"og:url\" content=\"https:\/\/berryomg.com\/sv\/tuote\/calming-sensitive-shampoo-doftfritt-schampo-for-hundar-med-kanslig-hud\/\" \/>\n<meta property=\"og:site_name\" content=\"BerryOMG\" \/>\n<meta property=\"article:modified_time\" content=\"2026-04-10T06:49:48+00:00\" \/>\n<meta property=\"og:image\" content=\"https:\/\/berryomg.com\/wp-content\/uploads\/2024\/10\/3-15.png\" \/>\n\t<meta property=\"og:image:width\" content=\"600\" \/>\n\t<meta property=\"og:image:height\" content=\"600\" \/>\n\t<meta property=\"og:image:type\" content=\"image\/png\" \/>\n<meta name=\"twitter:card\" content=\"summary_large_image\" \/>\n<meta name=\"twitter:label1\" content=\"Ber\u00e4knad l\u00e4stid\" \/>\n\t<meta name=\"twitter:data1\" content=\"1 minut\" \/>\n<script type=\"application\/ld+json\" class=\"yoast-schema-graph\">{\"@context\":\"https:\\\/\\\/schema.org\",\"@graph\":[{\"@type\":\"WebPage\",\"@id\":\"https:\\\/\\\/berryomg.com\\\/sv\\\/tuote\\\/calming-sensitive-shampoo-doftfritt-schampo-for-hundar-med-kanslig-hud\\\/\",\"url\":\"https:\\\/\\\/berryomg.com\\\/sv\\\/tuote\\\/calming-sensitive-shampoo-doftfritt-schampo-for-hundar-med-kanslig-hud\\\/\",\"name\":\"Calming Sensitive Shampoo \u2013 Doftfritt schampo f\u00f6r hundar med k\u00e4nslig hud - BerryOMG\",\"isPartOf\":{\"@id\":\"https:\\\/\\\/berryomg.com\\\/sv\\\/#website\"},\"primaryImageOfPage\":{\"@id\":\"https:\\\/\\\/berryomg.com\\\/sv\\\/tuote\\\/calming-sensitive-shampoo-doftfritt-schampo-for-hundar-med-kanslig-hud\\\/#primaryimage\"},\"image\":{\"@id\":\"https:\\\/\\\/berryomg.com\\\/sv\\\/tuote\\\/calming-sensitive-shampoo-doftfritt-schampo-for-hundar-med-kanslig-hud\\\/#primaryimage\"},\"thumbnailUrl\":\"https:\\\/\\\/berryomg.com\\\/wp-content\\\/uploads\\\/2024\\\/10\\\/3-15.png\",\"datePublished\":\"2024-10-18T07:58:08+00:00\",\"dateModified\":\"2026-04-10T06:49:48+00:00\",\"description\":\"BERRYOMG Calming Sensitive Shampoo Doftfritt schampo f\u00f6r hundar med k\u00e4nslig hud. Naturligt och skonsamt schampo f\u00f6r hundar.\",\"breadcrumb\":{\"@id\":\"https:\\\/\\\/berryomg.com\\\/sv\\\/tuote\\\/calming-sensitive-shampoo-doftfritt-schampo-for-hundar-med-kanslig-hud\\\/#breadcrumb\"},\"inLanguage\":\"sv-SE\",\"potentialAction\":[{\"@type\":\"ReadAction\",\"target\":[\"https:\\\/\\\/berryomg.com\\\/sv\\\/tuote\\\/calming-sensitive-shampoo-doftfritt-schampo-for-hundar-med-kanslig-hud\\\/\"]}]},{\"@type\":\"ImageObject\",\"inLanguage\":\"sv-SE\",\"@id\":\"https:\\\/\\\/berryomg.com\\\/sv\\\/tuote\\\/calming-sensitive-shampoo-doftfritt-schampo-for-hundar-med-kanslig-hud\\\/#primaryimage\",\"url\":\"https:\\\/\\\/berryomg.com\\\/wp-content\\\/uploads\\\/2024\\\/10\\\/3-15.png\",\"contentUrl\":\"https:\\\/\\\/berryomg.com\\\/wp-content\\\/uploads\\\/2024\\\/10\\\/3-15.png\",\"width\":600,\"height\":600},{\"@type\":\"BreadcrumbList\",\"@id\":\"https:\\\/\\\/berryomg.com\\\/sv\\\/tuote\\\/calming-sensitive-shampoo-doftfritt-schampo-for-hundar-med-kanslig-hud\\\/#breadcrumb\",\"itemListElement\":[{\"@type\":\"ListItem\",\"position\":1,\"name\":\"Etusivu\",\"item\":\"https:\\\/\\\/berryomg.com\\\/sv\\\/\"},{\"@type\":\"ListItem\",\"position\":2,\"name\":\"Butik\",\"item\":\"https:\\\/\\\/berryomg.com\\\/kauppa\\\/\"},{\"@type\":\"ListItem\",\"position\":3,\"name\":\"Calming Sensitive Shampoo \u2013 Doftfritt schampo f\u00f6r hundar med k\u00e4nslig hud\"}]},{\"@type\":\"WebSite\",\"@id\":\"https:\\\/\\\/berryomg.com\\\/sv\\\/#website\",\"url\":\"https:\\\/\\\/berryomg.com\\\/sv\\\/\",\"name\":\"BerryOMG\",\"description\":\"\",\"potentialAction\":[{\"@type\":\"SearchAction\",\"target\":{\"@type\":\"EntryPoint\",\"urlTemplate\":\"https:\\\/\\\/berryomg.com\\\/sv\\\/?s={search_term_string}\"},\"query-input\":{\"@type\":\"PropertyValueSpecification\",\"valueRequired\":true,\"valueName\":\"search_term_string\"}}],\"inLanguage\":\"sv-SE\"}]}<\/script>\n<!-- \/ Yoast SEO plugin. -->","yoast_head_json":{"title":"Calming Sensitive Shampoo \u2013 Doftfritt schampo f\u00f6r hundar med k\u00e4nslig hud - BerryOMG","description":"BERRYOMG Calming Sensitive Shampoo Doftfritt schampo f\u00f6r hundar med k\u00e4nslig hud. Naturligt och skonsamt schampo f\u00f6r hundar.","robots":{"index":"index","follow":"follow","max-snippet":"max-snippet:-1","max-image-preview":"max-image-preview:large","max-video-preview":"max-video-preview:-1"},"canonical":"https:\/\/berryomg.com\/sv\/tuote\/calming-sensitive-shampoo-doftfritt-schampo-for-hundar-med-kanslig-hud\/","og_locale":"sv_SE","og_type":"article","og_title":"Calming Sensitive Shampoo \u2013 Doftfritt schampo f\u00f6r hundar med k\u00e4nslig hud - BerryOMG","og_description":"BERRYOMG Calming Sensitive Shampoo Doftfritt schampo f\u00f6r hundar med k\u00e4nslig hud. Naturligt och skonsamt schampo f\u00f6r hundar.","og_url":"https:\/\/berryomg.com\/sv\/tuote\/calming-sensitive-shampoo-doftfritt-schampo-for-hundar-med-kanslig-hud\/","og_site_name":"BerryOMG","article_modified_time":"2026-04-10T06:49:48+00:00","og_image":[{"width":600,"height":600,"url":"https:\/\/berryomg.com\/wp-content\/uploads\/2024\/10\/3-15.png","type":"image\/png"}],"twitter_card":"summary_large_image","twitter_misc":{"Ber\u00e4knad l\u00e4stid":"1 minut"},"schema":{"@context":"https:\/\/schema.org","@graph":[{"@type":"WebPage","@id":"https:\/\/berryomg.com\/sv\/tuote\/calming-sensitive-shampoo-doftfritt-schampo-for-hundar-med-kanslig-hud\/","url":"https:\/\/berryomg.com\/sv\/tuote\/calming-sensitive-shampoo-doftfritt-schampo-for-hundar-med-kanslig-hud\/","name":"Calming Sensitive Shampoo \u2013 Doftfritt schampo f\u00f6r hundar med k\u00e4nslig hud - BerryOMG","isPartOf":{"@id":"https:\/\/berryomg.com\/sv\/#website"},"primaryImageOfPage":{"@id":"https:\/\/berryomg.com\/sv\/tuote\/calming-sensitive-shampoo-doftfritt-schampo-for-hundar-med-kanslig-hud\/#primaryimage"},"image":{"@id":"https:\/\/berryomg.com\/sv\/tuote\/calming-sensitive-shampoo-doftfritt-schampo-for-hundar-med-kanslig-hud\/#primaryimage"},"thumbnailUrl":"https:\/\/berryomg.com\/wp-content\/uploads\/2024\/10\/3-15.png","datePublished":"2024-10-18T07:58:08+00:00","dateModified":"2026-04-10T06:49:48+00:00","description":"BERRYOMG Calming Sensitive Shampoo Doftfritt schampo f\u00f6r hundar med k\u00e4nslig hud. Naturligt och skonsamt schampo f\u00f6r hundar.","breadcrumb":{"@id":"https:\/\/berryomg.com\/sv\/tuote\/calming-sensitive-shampoo-doftfritt-schampo-for-hundar-med-kanslig-hud\/#breadcrumb"},"inLanguage":"sv-SE","potentialAction":[{"@type":"ReadAction","target":["https:\/\/berryomg.com\/sv\/tuote\/calming-sensitive-shampoo-doftfritt-schampo-for-hundar-med-kanslig-hud\/"]}]},{"@type":"ImageObject","inLanguage":"sv-SE","@id":"https:\/\/berryomg.com\/sv\/tuote\/calming-sensitive-shampoo-doftfritt-schampo-for-hundar-med-kanslig-hud\/#primaryimage","url":"https:\/\/berryomg.com\/wp-content\/uploads\/2024\/10\/3-15.png","contentUrl":"https:\/\/berryomg.com\/wp-content\/uploads\/2024\/10\/3-15.png","width":600,"height":600},{"@type":"BreadcrumbList","@id":"https:\/\/berryomg.com\/sv\/tuote\/calming-sensitive-shampoo-doftfritt-schampo-for-hundar-med-kanslig-hud\/#breadcrumb","itemListElement":[{"@type":"ListItem","position":1,"name":"Etusivu","item":"https:\/\/berryomg.com\/sv\/"},{"@type":"ListItem","position":2,"name":"Butik","item":"https:\/\/berryomg.com\/kauppa\/"},{"@type":"ListItem","position":3,"name":"Calming Sensitive Shampoo \u2013 Doftfritt schampo f\u00f6r hundar med k\u00e4nslig hud"}]},{"@type":"WebSite","@id":"https:\/\/berryomg.com\/sv\/#website","url":"https:\/\/berryomg.com\/sv\/","name":"BerryOMG","description":"","potentialAction":[{"@type":"SearchAction","target":{"@type":"EntryPoint","urlTemplate":"https:\/\/berryomg.com\/sv\/?s={search_term_string}"},"query-input":{"@type":"PropertyValueSpecification","valueRequired":true,"valueName":"search_term_string"}}],"inLanguage":"sv-SE"}]}},"_links":{"self":[{"href":"https:\/\/berryomg.com\/sv\/wp-json\/wp\/v2\/product\/6499","targetHints":{"allow":["GET"]}}],"collection":[{"href":"https:\/\/berryomg.com\/sv\/wp-json\/wp\/v2\/product"}],"about":[{"href":"https:\/\/berryomg.com\/sv\/wp-json\/wp\/v2\/types\/product"}],"replies":[{"embeddable":true,"href":"https:\/\/berryomg.com\/sv\/wp-json\/wp\/v2\/comments?post=6499"}],"wp:featuredmedia":[{"embeddable":true,"href":"https:\/\/berryomg.com\/sv\/wp-json\/wp\/v2\/media\/6837"}],"wp:attachment":[{"href":"https:\/\/berryomg.com\/sv\/wp-json\/wp\/v2\/media?parent=6499"}],"wp:term":[{"taxonomy":"product_brand","embeddable":true,"href":"https:\/\/berryomg.com\/sv\/wp-json\/wp\/v2\/product_brand?post=6499"},{"taxonomy":"product_cat","embeddable":true,"href":"https:\/\/berryomg.com\/sv\/wp-json\/wp\/v2\/product_cat?post=6499"},{"taxonomy":"product_tag","embeddable":true,"href":"https:\/\/berryomg.com\/sv\/wp-json\/wp\/v2\/product_tag?post=6499"}],"curies":[{"name":"wp","href":"https:\/\/api.w.org\/{rel}","templated":true}]}}