{"id":6840,"date":"2024-11-15T14:48:56","date_gmt":"2024-11-15T12:48:56","guid":{"rendered":"https:\/\/berryomg.com\/?post_type=product&#038;p=6840"},"modified":"2026-04-10T09:49:48","modified_gmt":"2026-04-10T06:49:48","slug":"pefecting-show-shampoo","status":"publish","type":"product","link":"https:\/\/berryomg.com\/sv\/tuote\/pefecting-show-shampoo\/","title":{"rendered":"Pefecting Show Shampoo &#8211; V\u00e5rdande schampo f\u00f6r fina hundar"},"content":{"rendered":"<p data-start=\"70\" data-end=\"146\"><strong data-start=\"70\" data-end=\"146\">Observera: Produkten har pumpmekanism, \u00e4ven om bilden visar n\u00e5got annat.<\/strong><\/p>\n<h3 data-start=\"148\" data-end=\"173\"><strong data-start=\"152\" data-end=\"171\">Bruksanvisning:<\/strong><\/h3>\n<p data-start=\"174\" data-end=\"374\">Bl\u00f6t p\u00e4lsen med vatten. Applicera schampot och massera in det noggrant i hela p\u00e4lsen med h\u00e4nderna eller med en tv\u00e4ttsvamp. Sk\u00f6lj ur ordentligt och upprepa vid behov f\u00f6r b\u00e4sta resultat. Sk\u00f6lj noggrant.<\/p>\n<h3 data-start=\"376\" data-end=\"391\"><strong data-start=\"380\" data-end=\"389\">INCI:<\/strong><\/h3>\n<p data-start=\"392\" data-end=\"867\">Aqua, Cocamidopropyl Betaine, Santalum Album (Sandalwood) Root\/Stem Water, Sodium Cocoyl Glutamate, Lactobacillus\/Arundinaria Gigantea Ferment Filtrate, Pisum Sativum (Pea) Peptide, Leuconostoc\/Radish Root Ferment Filtrate, Sorbitan Caprylate, Propanediol, Benzoic Acid, Artocarpus Heterophyllus Fruit Extract &amp; Lactobacillus Ferment, Rubus Idaeus Seed (Raspberry) Oil, Vaccinium Myrtillus Seed (Bilberry) Oil, Xanthan Gum, Tocopherol, Santalum Spicatum Wood (Sandalwood) Oil<\/p>\n<p>&nbsp;<\/p>\n","protected":false},"excerpt":{"rendered":"<p data-start=\"149\" data-end=\"195\"><em data-start=\"149\" data-end=\"195\">&#8221;P\u00e4lsen var mjuk och gl\u00e4nsande efter tv\u00e4tt.&#8221;<\/em><\/p>\n<ul>\n<li data-start=\"199\" data-end=\"250\">Milt och \u00e5terfuktande schampo f\u00f6r eleganta hundar<\/li>\n<li data-start=\"253\" data-end=\"302\">Certifierad naturkosmetik av de b\u00e4sta r\u00e5varorna<\/li>\n<li data-start=\"305\" data-end=\"362\">\u00c5terupplivar p\u00e4lsen och ger glans samt en behaglig doft<\/li>\n<li data-start=\"365\" data-end=\"406\">Utvecklat f\u00f6r alla p\u00e4lstyper och f\u00e4rger<\/li>\n<li data-start=\"409\" data-end=\"559\">Inneh\u00e5ller finska, n\u00e4ringsrika hallon- och bl\u00e5b\u00e4rsfr\u00f6oljor, v\u00e4xtbaserade proteiner som ger struktur samt fermenterat bambuextrakt som ger v\u00e4rmeskydd<\/li>\n<li data-start=\"562\" data-end=\"596\">Utvecklat och tillverkat i Finland<\/li>\n<\/ul>\n","protected":false},"featured_media":6844,"comment_status":"open","ping_status":"closed","template":"","meta":{"_acf_changed":false},"product_brand":[],"product_cat":[121,95],"product_tag":[],"class_list":{"0":"post-6840","1":"product","2":"type-product","3":"status-publish","4":"has-post-thumbnail","6":"product_cat-palsvardsprodukter-for-hundar","7":"product_cat-yleinen-sv","9":"first","10":"instock","11":"taxable","12":"shipping-taxable","13":"purchasable","14":"product-type-simple"},"acf":[],"yoast_head":"<!-- This site is optimized with the Yoast SEO plugin v27.3 - https:\/\/yoast.com\/product\/yoast-seo-wordpress\/ -->\n<title>Pefecting Show Shampoo - V\u00e5rdande schampo f\u00f6r fina hundar - BerryOMG<\/title>\n<meta name=\"description\" content=\"Pefecting Show Shampoo - V\u00e5rdande schampo f\u00f6r fina hundar.\" \/>\n<meta name=\"robots\" content=\"index, follow, max-snippet:-1, max-image-preview:large, max-video-preview:-1\" \/>\n<link rel=\"canonical\" href=\"https:\/\/berryomg.com\/sv\/tuote\/pefecting-show-shampoo\/\" \/>\n<meta property=\"og:locale\" content=\"sv_SE\" \/>\n<meta property=\"og:type\" content=\"article\" \/>\n<meta property=\"og:title\" content=\"Pefecting Show Shampoo - V\u00e5rdande schampo f\u00f6r fina hundar - BerryOMG\" \/>\n<meta property=\"og:description\" content=\"Pefecting Show Shampoo - V\u00e5rdande schampo f\u00f6r fina hundar.\" \/>\n<meta property=\"og:url\" content=\"https:\/\/berryomg.com\/sv\/tuote\/pefecting-show-shampoo\/\" \/>\n<meta property=\"og:site_name\" content=\"BerryOMG\" \/>\n<meta property=\"article:modified_time\" content=\"2026-04-10T06:49:48+00:00\" \/>\n<meta property=\"og:image\" content=\"https:\/\/berryomg.com\/wp-content\/uploads\/2024\/11\/3-16.png\" \/>\n\t<meta property=\"og:image:width\" content=\"600\" \/>\n\t<meta property=\"og:image:height\" content=\"600\" \/>\n\t<meta property=\"og:image:type\" content=\"image\/png\" \/>\n<meta name=\"twitter:card\" content=\"summary_large_image\" \/>\n<meta name=\"twitter:label1\" content=\"Ber\u00e4knad l\u00e4stid\" \/>\n\t<meta name=\"twitter:data1\" content=\"1 minut\" \/>\n<script type=\"application\/ld+json\" class=\"yoast-schema-graph\">{\"@context\":\"https:\\\/\\\/schema.org\",\"@graph\":[{\"@type\":\"WebPage\",\"@id\":\"https:\\\/\\\/berryomg.com\\\/sv\\\/tuote\\\/pefecting-show-shampoo\\\/\",\"url\":\"https:\\\/\\\/berryomg.com\\\/sv\\\/tuote\\\/pefecting-show-shampoo\\\/\",\"name\":\"Pefecting Show Shampoo - V\u00e5rdande schampo f\u00f6r fina hundar - BerryOMG\",\"isPartOf\":{\"@id\":\"https:\\\/\\\/berryomg.com\\\/sv\\\/#website\"},\"primaryImageOfPage\":{\"@id\":\"https:\\\/\\\/berryomg.com\\\/sv\\\/tuote\\\/pefecting-show-shampoo\\\/#primaryimage\"},\"image\":{\"@id\":\"https:\\\/\\\/berryomg.com\\\/sv\\\/tuote\\\/pefecting-show-shampoo\\\/#primaryimage\"},\"thumbnailUrl\":\"https:\\\/\\\/berryomg.com\\\/wp-content\\\/uploads\\\/2024\\\/11\\\/3-16.png\",\"datePublished\":\"2024-11-15T12:48:56+00:00\",\"dateModified\":\"2026-04-10T06:49:48+00:00\",\"description\":\"Pefecting Show Shampoo - V\u00e5rdande schampo f\u00f6r fina hundar.\",\"breadcrumb\":{\"@id\":\"https:\\\/\\\/berryomg.com\\\/sv\\\/tuote\\\/pefecting-show-shampoo\\\/#breadcrumb\"},\"inLanguage\":\"sv-SE\",\"potentialAction\":[{\"@type\":\"ReadAction\",\"target\":[\"https:\\\/\\\/berryomg.com\\\/sv\\\/tuote\\\/pefecting-show-shampoo\\\/\"]}]},{\"@type\":\"ImageObject\",\"inLanguage\":\"sv-SE\",\"@id\":\"https:\\\/\\\/berryomg.com\\\/sv\\\/tuote\\\/pefecting-show-shampoo\\\/#primaryimage\",\"url\":\"https:\\\/\\\/berryomg.com\\\/wp-content\\\/uploads\\\/2024\\\/11\\\/3-16.png\",\"contentUrl\":\"https:\\\/\\\/berryomg.com\\\/wp-content\\\/uploads\\\/2024\\\/11\\\/3-16.png\",\"width\":600,\"height\":600},{\"@type\":\"BreadcrumbList\",\"@id\":\"https:\\\/\\\/berryomg.com\\\/sv\\\/tuote\\\/pefecting-show-shampoo\\\/#breadcrumb\",\"itemListElement\":[{\"@type\":\"ListItem\",\"position\":1,\"name\":\"Etusivu\",\"item\":\"https:\\\/\\\/berryomg.com\\\/sv\\\/\"},{\"@type\":\"ListItem\",\"position\":2,\"name\":\"Butik\",\"item\":\"https:\\\/\\\/berryomg.com\\\/kauppa\\\/\"},{\"@type\":\"ListItem\",\"position\":3,\"name\":\"Pefecting Show Shampoo &#8211; V\u00e5rdande schampo f\u00f6r fina hundar\"}]},{\"@type\":\"WebSite\",\"@id\":\"https:\\\/\\\/berryomg.com\\\/sv\\\/#website\",\"url\":\"https:\\\/\\\/berryomg.com\\\/sv\\\/\",\"name\":\"BerryOMG\",\"description\":\"\",\"potentialAction\":[{\"@type\":\"SearchAction\",\"target\":{\"@type\":\"EntryPoint\",\"urlTemplate\":\"https:\\\/\\\/berryomg.com\\\/sv\\\/?s={search_term_string}\"},\"query-input\":{\"@type\":\"PropertyValueSpecification\",\"valueRequired\":true,\"valueName\":\"search_term_string\"}}],\"inLanguage\":\"sv-SE\"}]}<\/script>\n<!-- \/ Yoast SEO plugin. -->","yoast_head_json":{"title":"Pefecting Show Shampoo - V\u00e5rdande schampo f\u00f6r fina hundar - BerryOMG","description":"Pefecting Show Shampoo - V\u00e5rdande schampo f\u00f6r fina hundar.","robots":{"index":"index","follow":"follow","max-snippet":"max-snippet:-1","max-image-preview":"max-image-preview:large","max-video-preview":"max-video-preview:-1"},"canonical":"https:\/\/berryomg.com\/sv\/tuote\/pefecting-show-shampoo\/","og_locale":"sv_SE","og_type":"article","og_title":"Pefecting Show Shampoo - V\u00e5rdande schampo f\u00f6r fina hundar - BerryOMG","og_description":"Pefecting Show Shampoo - V\u00e5rdande schampo f\u00f6r fina hundar.","og_url":"https:\/\/berryomg.com\/sv\/tuote\/pefecting-show-shampoo\/","og_site_name":"BerryOMG","article_modified_time":"2026-04-10T06:49:48+00:00","og_image":[{"width":600,"height":600,"url":"https:\/\/berryomg.com\/wp-content\/uploads\/2024\/11\/3-16.png","type":"image\/png"}],"twitter_card":"summary_large_image","twitter_misc":{"Ber\u00e4knad l\u00e4stid":"1 minut"},"schema":{"@context":"https:\/\/schema.org","@graph":[{"@type":"WebPage","@id":"https:\/\/berryomg.com\/sv\/tuote\/pefecting-show-shampoo\/","url":"https:\/\/berryomg.com\/sv\/tuote\/pefecting-show-shampoo\/","name":"Pefecting Show Shampoo - V\u00e5rdande schampo f\u00f6r fina hundar - BerryOMG","isPartOf":{"@id":"https:\/\/berryomg.com\/sv\/#website"},"primaryImageOfPage":{"@id":"https:\/\/berryomg.com\/sv\/tuote\/pefecting-show-shampoo\/#primaryimage"},"image":{"@id":"https:\/\/berryomg.com\/sv\/tuote\/pefecting-show-shampoo\/#primaryimage"},"thumbnailUrl":"https:\/\/berryomg.com\/wp-content\/uploads\/2024\/11\/3-16.png","datePublished":"2024-11-15T12:48:56+00:00","dateModified":"2026-04-10T06:49:48+00:00","description":"Pefecting Show Shampoo - V\u00e5rdande schampo f\u00f6r fina hundar.","breadcrumb":{"@id":"https:\/\/berryomg.com\/sv\/tuote\/pefecting-show-shampoo\/#breadcrumb"},"inLanguage":"sv-SE","potentialAction":[{"@type":"ReadAction","target":["https:\/\/berryomg.com\/sv\/tuote\/pefecting-show-shampoo\/"]}]},{"@type":"ImageObject","inLanguage":"sv-SE","@id":"https:\/\/berryomg.com\/sv\/tuote\/pefecting-show-shampoo\/#primaryimage","url":"https:\/\/berryomg.com\/wp-content\/uploads\/2024\/11\/3-16.png","contentUrl":"https:\/\/berryomg.com\/wp-content\/uploads\/2024\/11\/3-16.png","width":600,"height":600},{"@type":"BreadcrumbList","@id":"https:\/\/berryomg.com\/sv\/tuote\/pefecting-show-shampoo\/#breadcrumb","itemListElement":[{"@type":"ListItem","position":1,"name":"Etusivu","item":"https:\/\/berryomg.com\/sv\/"},{"@type":"ListItem","position":2,"name":"Butik","item":"https:\/\/berryomg.com\/kauppa\/"},{"@type":"ListItem","position":3,"name":"Pefecting Show Shampoo &#8211; V\u00e5rdande schampo f\u00f6r fina hundar"}]},{"@type":"WebSite","@id":"https:\/\/berryomg.com\/sv\/#website","url":"https:\/\/berryomg.com\/sv\/","name":"BerryOMG","description":"","potentialAction":[{"@type":"SearchAction","target":{"@type":"EntryPoint","urlTemplate":"https:\/\/berryomg.com\/sv\/?s={search_term_string}"},"query-input":{"@type":"PropertyValueSpecification","valueRequired":true,"valueName":"search_term_string"}}],"inLanguage":"sv-SE"}]}},"_links":{"self":[{"href":"https:\/\/berryomg.com\/sv\/wp-json\/wp\/v2\/product\/6840","targetHints":{"allow":["GET"]}}],"collection":[{"href":"https:\/\/berryomg.com\/sv\/wp-json\/wp\/v2\/product"}],"about":[{"href":"https:\/\/berryomg.com\/sv\/wp-json\/wp\/v2\/types\/product"}],"replies":[{"embeddable":true,"href":"https:\/\/berryomg.com\/sv\/wp-json\/wp\/v2\/comments?post=6840"}],"wp:featuredmedia":[{"embeddable":true,"href":"https:\/\/berryomg.com\/sv\/wp-json\/wp\/v2\/media\/6844"}],"wp:attachment":[{"href":"https:\/\/berryomg.com\/sv\/wp-json\/wp\/v2\/media?parent=6840"}],"wp:term":[{"taxonomy":"product_brand","embeddable":true,"href":"https:\/\/berryomg.com\/sv\/wp-json\/wp\/v2\/product_brand?post=6840"},{"taxonomy":"product_cat","embeddable":true,"href":"https:\/\/berryomg.com\/sv\/wp-json\/wp\/v2\/product_cat?post=6840"},{"taxonomy":"product_tag","embeddable":true,"href":"https:\/\/berryomg.com\/sv\/wp-json\/wp\/v2\/product_tag?post=6840"}],"curies":[{"name":"wp","href":"https:\/\/api.w.org\/{rel}","templated":true}]}}