{"id":6878,"date":"2024-11-19T07:24:26","date_gmt":"2024-11-19T05:24:26","guid":{"rendered":"https:\/\/berryomg.com\/?post_type=product&#038;p=6878"},"modified":"2026-04-10T09:49:48","modified_gmt":"2026-04-10T06:49:48","slug":"refreshing-active-shampoo-swe","status":"publish","type":"product","link":"https:\/\/berryomg.com\/sv\/tuote\/refreshing-active-shampoo-swe\/","title":{"rendered":"Refreshing Active Shampoo &#8211; Djupg\u00e5ende reng\u00f6ringsschampo f\u00f6r aktiva hundar"},"content":{"rendered":"<p data-start=\"55\" data-end=\"131\"><strong data-start=\"55\" data-end=\"131\">Observera: Produkten har pumpmekanism, \u00e4ven om bilden visar n\u00e5got annat.<\/strong><\/p>\n<h3 data-start=\"133\" data-end=\"158\"><strong data-start=\"137\" data-end=\"156\">Bruksanvisning:<\/strong><\/h3>\n<p data-start=\"159\" data-end=\"266\">Bl\u00f6t p\u00e4lsen med ljummet vatten. Massera in schampot j\u00e4mnt i p\u00e4lsen. Utsp\u00e4dning beh\u00f6vs inte. Sk\u00f6lj noggrant.<\/p>\n<h3 data-start=\"268\" data-end=\"283\"><strong data-start=\"272\" data-end=\"281\">INCI:<\/strong><\/h3>\n<p data-start=\"284\" data-end=\"756\">Aqua, Cocamidopropyl Betaine, Rosmarinus Officinalis Flower Water, Decyl Glucoside, Citrus Limonum (Lemon) Hydrosol, Lavandula Angustifolia (Lavender) Flower Water, Eucalyptus Globulus Floral Water, Glycerin, Vaccinium Vitis-Idaea (Lingonberry) Seed Oil, Vaccinium Macrocarpon (Cranberry) Seed Oil, Sorbitan Caprylate, Propanediol, Benzoic Acid, Xanthan Gum, Picea Abies Resin, 2,3-Butanediol &amp; Cladonia Rangiferina Extract, Tocopherol, Piper Nigrum (Pepper) Fruit Extract<\/p>\n","protected":false},"excerpt":{"rendered":"<p data-start=\"93\" data-end=\"163\"><em>&#8221;P\u00e4lsen var glansig, l\u00e4tt att borsta och riktigt ren efter tv\u00e4tt.&#8221;<\/em><\/p>\n<ul>\n<li data-start=\"167\" data-end=\"244\">Djupg\u00e5ende reng\u00f6ringsschampo f\u00f6r aktiva hundar \u2013 utan industriella sulfater<\/li>\n<li data-start=\"247\" data-end=\"296\">Certifierad naturkosmetik av de b\u00e4sta r\u00e5varorna<\/li>\n<li data-start=\"299\" data-end=\"410\">Avl\u00e4gsnar effektivt smuts och inb\u00e4ddade orenheter fr\u00e5n hud och p\u00e4ls utan att ta bort p\u00e4lsens naturliga fetter<\/li>\n<li data-start=\"413\" data-end=\"458\">Uppfriskande och luktneutraliserande effekt<\/li>\n<li data-start=\"461\" data-end=\"526\">Inneh\u00e5ller \u00e5terfuktande finska fr\u00f6oljor fr\u00e5n lingon och tranb\u00e4r<\/li>\n<li data-start=\"529\" data-end=\"592\">Citron och svartpeppar fungerar som naturliga insektsavvisare<\/li>\n<li data-start=\"595\" data-end=\"629\">Utvecklat och tillverkat i Finland<\/li>\n<\/ul>\n","protected":false},"featured_media":6883,"comment_status":"open","ping_status":"closed","template":"","meta":{"_acf_changed":false},"product_brand":[],"product_cat":[121,95],"product_tag":[],"class_list":{"0":"post-6878","1":"product","2":"type-product","3":"status-publish","4":"has-post-thumbnail","6":"product_cat-palsvardsprodukter-for-hundar","7":"product_cat-yleinen-sv","9":"first","10":"instock","11":"taxable","12":"shipping-taxable","13":"purchasable","14":"product-type-simple"},"acf":[],"yoast_head":"<!-- This site is optimized with the Yoast SEO plugin v27.3 - https:\/\/yoast.com\/product\/yoast-seo-wordpress\/ -->\n<title>Refreshing Active Shampoo - Djupg\u00e5ende reng\u00f6ringsschampo f\u00f6r aktiva hundar - BerryOMG<\/title>\n<meta name=\"description\" content=\"BERRYOMG Active shampoo Djupg\u00e5ende reng\u00f6ringsschampo f\u00f6r aktiva hundar\" \/>\n<meta name=\"robots\" content=\"index, follow, max-snippet:-1, max-image-preview:large, max-video-preview:-1\" \/>\n<link rel=\"canonical\" href=\"https:\/\/berryomg.com\/sv\/tuote\/refreshing-active-shampoo-swe\/\" \/>\n<meta property=\"og:locale\" content=\"sv_SE\" \/>\n<meta property=\"og:type\" content=\"article\" \/>\n<meta property=\"og:title\" content=\"Refreshing Active Shampoo - Djupg\u00e5ende reng\u00f6ringsschampo f\u00f6r aktiva hundar - BerryOMG\" \/>\n<meta property=\"og:description\" content=\"BERRYOMG Active shampoo Djupg\u00e5ende reng\u00f6ringsschampo f\u00f6r aktiva hundar\" \/>\n<meta property=\"og:url\" content=\"https:\/\/berryomg.com\/sv\/tuote\/refreshing-active-shampoo-swe\/\" \/>\n<meta property=\"og:site_name\" content=\"BerryOMG\" \/>\n<meta property=\"article:modified_time\" content=\"2026-04-10T06:49:48+00:00\" \/>\n<meta property=\"og:image\" content=\"https:\/\/berryomg.com\/wp-content\/uploads\/2024\/11\/3-18.png\" \/>\n\t<meta property=\"og:image:width\" content=\"600\" \/>\n\t<meta property=\"og:image:height\" content=\"600\" \/>\n\t<meta property=\"og:image:type\" content=\"image\/png\" \/>\n<meta name=\"twitter:card\" content=\"summary_large_image\" \/>\n<meta name=\"twitter:label1\" content=\"Ber\u00e4knad l\u00e4stid\" \/>\n\t<meta name=\"twitter:data1\" content=\"1 minut\" \/>\n<script type=\"application\/ld+json\" class=\"yoast-schema-graph\">{\"@context\":\"https:\\\/\\\/schema.org\",\"@graph\":[{\"@type\":\"WebPage\",\"@id\":\"https:\\\/\\\/berryomg.com\\\/sv\\\/tuote\\\/refreshing-active-shampoo-swe\\\/\",\"url\":\"https:\\\/\\\/berryomg.com\\\/sv\\\/tuote\\\/refreshing-active-shampoo-swe\\\/\",\"name\":\"Refreshing Active Shampoo - Djupg\u00e5ende reng\u00f6ringsschampo f\u00f6r aktiva hundar - BerryOMG\",\"isPartOf\":{\"@id\":\"https:\\\/\\\/berryomg.com\\\/sv\\\/#website\"},\"primaryImageOfPage\":{\"@id\":\"https:\\\/\\\/berryomg.com\\\/sv\\\/tuote\\\/refreshing-active-shampoo-swe\\\/#primaryimage\"},\"image\":{\"@id\":\"https:\\\/\\\/berryomg.com\\\/sv\\\/tuote\\\/refreshing-active-shampoo-swe\\\/#primaryimage\"},\"thumbnailUrl\":\"https:\\\/\\\/berryomg.com\\\/wp-content\\\/uploads\\\/2024\\\/11\\\/3-18.png\",\"datePublished\":\"2024-11-19T05:24:26+00:00\",\"dateModified\":\"2026-04-10T06:49:48+00:00\",\"description\":\"BERRYOMG Active shampoo Djupg\u00e5ende reng\u00f6ringsschampo f\u00f6r aktiva hundar\",\"breadcrumb\":{\"@id\":\"https:\\\/\\\/berryomg.com\\\/sv\\\/tuote\\\/refreshing-active-shampoo-swe\\\/#breadcrumb\"},\"inLanguage\":\"sv-SE\",\"potentialAction\":[{\"@type\":\"ReadAction\",\"target\":[\"https:\\\/\\\/berryomg.com\\\/sv\\\/tuote\\\/refreshing-active-shampoo-swe\\\/\"]}]},{\"@type\":\"ImageObject\",\"inLanguage\":\"sv-SE\",\"@id\":\"https:\\\/\\\/berryomg.com\\\/sv\\\/tuote\\\/refreshing-active-shampoo-swe\\\/#primaryimage\",\"url\":\"https:\\\/\\\/berryomg.com\\\/wp-content\\\/uploads\\\/2024\\\/11\\\/3-18.png\",\"contentUrl\":\"https:\\\/\\\/berryomg.com\\\/wp-content\\\/uploads\\\/2024\\\/11\\\/3-18.png\",\"width\":600,\"height\":600},{\"@type\":\"BreadcrumbList\",\"@id\":\"https:\\\/\\\/berryomg.com\\\/sv\\\/tuote\\\/refreshing-active-shampoo-swe\\\/#breadcrumb\",\"itemListElement\":[{\"@type\":\"ListItem\",\"position\":1,\"name\":\"Etusivu\",\"item\":\"https:\\\/\\\/berryomg.com\\\/sv\\\/\"},{\"@type\":\"ListItem\",\"position\":2,\"name\":\"Butik\",\"item\":\"https:\\\/\\\/berryomg.com\\\/kauppa\\\/\"},{\"@type\":\"ListItem\",\"position\":3,\"name\":\"Refreshing Active Shampoo &#8211; Djupg\u00e5ende reng\u00f6ringsschampo f\u00f6r aktiva hundar\"}]},{\"@type\":\"WebSite\",\"@id\":\"https:\\\/\\\/berryomg.com\\\/sv\\\/#website\",\"url\":\"https:\\\/\\\/berryomg.com\\\/sv\\\/\",\"name\":\"BerryOMG\",\"description\":\"\",\"potentialAction\":[{\"@type\":\"SearchAction\",\"target\":{\"@type\":\"EntryPoint\",\"urlTemplate\":\"https:\\\/\\\/berryomg.com\\\/sv\\\/?s={search_term_string}\"},\"query-input\":{\"@type\":\"PropertyValueSpecification\",\"valueRequired\":true,\"valueName\":\"search_term_string\"}}],\"inLanguage\":\"sv-SE\"}]}<\/script>\n<!-- \/ Yoast SEO plugin. -->","yoast_head_json":{"title":"Refreshing Active Shampoo - Djupg\u00e5ende reng\u00f6ringsschampo f\u00f6r aktiva hundar - BerryOMG","description":"BERRYOMG Active shampoo Djupg\u00e5ende reng\u00f6ringsschampo f\u00f6r aktiva hundar","robots":{"index":"index","follow":"follow","max-snippet":"max-snippet:-1","max-image-preview":"max-image-preview:large","max-video-preview":"max-video-preview:-1"},"canonical":"https:\/\/berryomg.com\/sv\/tuote\/refreshing-active-shampoo-swe\/","og_locale":"sv_SE","og_type":"article","og_title":"Refreshing Active Shampoo - Djupg\u00e5ende reng\u00f6ringsschampo f\u00f6r aktiva hundar - BerryOMG","og_description":"BERRYOMG Active shampoo Djupg\u00e5ende reng\u00f6ringsschampo f\u00f6r aktiva hundar","og_url":"https:\/\/berryomg.com\/sv\/tuote\/refreshing-active-shampoo-swe\/","og_site_name":"BerryOMG","article_modified_time":"2026-04-10T06:49:48+00:00","og_image":[{"width":600,"height":600,"url":"https:\/\/berryomg.com\/wp-content\/uploads\/2024\/11\/3-18.png","type":"image\/png"}],"twitter_card":"summary_large_image","twitter_misc":{"Ber\u00e4knad l\u00e4stid":"1 minut"},"schema":{"@context":"https:\/\/schema.org","@graph":[{"@type":"WebPage","@id":"https:\/\/berryomg.com\/sv\/tuote\/refreshing-active-shampoo-swe\/","url":"https:\/\/berryomg.com\/sv\/tuote\/refreshing-active-shampoo-swe\/","name":"Refreshing Active Shampoo - Djupg\u00e5ende reng\u00f6ringsschampo f\u00f6r aktiva hundar - BerryOMG","isPartOf":{"@id":"https:\/\/berryomg.com\/sv\/#website"},"primaryImageOfPage":{"@id":"https:\/\/berryomg.com\/sv\/tuote\/refreshing-active-shampoo-swe\/#primaryimage"},"image":{"@id":"https:\/\/berryomg.com\/sv\/tuote\/refreshing-active-shampoo-swe\/#primaryimage"},"thumbnailUrl":"https:\/\/berryomg.com\/wp-content\/uploads\/2024\/11\/3-18.png","datePublished":"2024-11-19T05:24:26+00:00","dateModified":"2026-04-10T06:49:48+00:00","description":"BERRYOMG Active shampoo Djupg\u00e5ende reng\u00f6ringsschampo f\u00f6r aktiva hundar","breadcrumb":{"@id":"https:\/\/berryomg.com\/sv\/tuote\/refreshing-active-shampoo-swe\/#breadcrumb"},"inLanguage":"sv-SE","potentialAction":[{"@type":"ReadAction","target":["https:\/\/berryomg.com\/sv\/tuote\/refreshing-active-shampoo-swe\/"]}]},{"@type":"ImageObject","inLanguage":"sv-SE","@id":"https:\/\/berryomg.com\/sv\/tuote\/refreshing-active-shampoo-swe\/#primaryimage","url":"https:\/\/berryomg.com\/wp-content\/uploads\/2024\/11\/3-18.png","contentUrl":"https:\/\/berryomg.com\/wp-content\/uploads\/2024\/11\/3-18.png","width":600,"height":600},{"@type":"BreadcrumbList","@id":"https:\/\/berryomg.com\/sv\/tuote\/refreshing-active-shampoo-swe\/#breadcrumb","itemListElement":[{"@type":"ListItem","position":1,"name":"Etusivu","item":"https:\/\/berryomg.com\/sv\/"},{"@type":"ListItem","position":2,"name":"Butik","item":"https:\/\/berryomg.com\/kauppa\/"},{"@type":"ListItem","position":3,"name":"Refreshing Active Shampoo &#8211; Djupg\u00e5ende reng\u00f6ringsschampo f\u00f6r aktiva hundar"}]},{"@type":"WebSite","@id":"https:\/\/berryomg.com\/sv\/#website","url":"https:\/\/berryomg.com\/sv\/","name":"BerryOMG","description":"","potentialAction":[{"@type":"SearchAction","target":{"@type":"EntryPoint","urlTemplate":"https:\/\/berryomg.com\/sv\/?s={search_term_string}"},"query-input":{"@type":"PropertyValueSpecification","valueRequired":true,"valueName":"search_term_string"}}],"inLanguage":"sv-SE"}]}},"_links":{"self":[{"href":"https:\/\/berryomg.com\/sv\/wp-json\/wp\/v2\/product\/6878","targetHints":{"allow":["GET"]}}],"collection":[{"href":"https:\/\/berryomg.com\/sv\/wp-json\/wp\/v2\/product"}],"about":[{"href":"https:\/\/berryomg.com\/sv\/wp-json\/wp\/v2\/types\/product"}],"replies":[{"embeddable":true,"href":"https:\/\/berryomg.com\/sv\/wp-json\/wp\/v2\/comments?post=6878"}],"wp:featuredmedia":[{"embeddable":true,"href":"https:\/\/berryomg.com\/sv\/wp-json\/wp\/v2\/media\/6883"}],"wp:attachment":[{"href":"https:\/\/berryomg.com\/sv\/wp-json\/wp\/v2\/media?parent=6878"}],"wp:term":[{"taxonomy":"product_brand","embeddable":true,"href":"https:\/\/berryomg.com\/sv\/wp-json\/wp\/v2\/product_brand?post=6878"},{"taxonomy":"product_cat","embeddable":true,"href":"https:\/\/berryomg.com\/sv\/wp-json\/wp\/v2\/product_cat?post=6878"},{"taxonomy":"product_tag","embeddable":true,"href":"https:\/\/berryomg.com\/sv\/wp-json\/wp\/v2\/product_tag?post=6878"}],"curies":[{"name":"wp","href":"https:\/\/api.w.org\/{rel}","templated":true}]}}