{"id":6899,"date":"2024-11-19T08:11:13","date_gmt":"2024-11-19T06:11:13","guid":{"rendered":"https:\/\/berryomg.com\/?post_type=product&#038;p=6899"},"modified":"2026-04-10T09:49:48","modified_gmt":"2026-04-10T06:49:48","slug":"perfecting-silky-spray-swe","status":"publish","type":"product","link":"https:\/\/berryomg.com\/sv\/tuote\/perfecting-silky-spray-swe\/","title":{"rendered":"Perfecting Silky Spray &#8211; M\u00e5ngsidig v\u00e5rdande spray f\u00f6r hundar"},"content":{"rendered":"<h3 data-start=\"70\" data-end=\"95\"><strong data-start=\"74\" data-end=\"93\">Bruksanvisning:<\/strong><\/h3>\n<p data-start=\"96\" data-end=\"224\">Skaka f\u00f6re anv\u00e4ndning. Spraya p\u00e5 fuktig eller torr p\u00e4ls. Borsta och\/eller f\u00f6na. Ska inte sk\u00f6ljas ur. Undvik att spraya i \u00f6gonen.<\/p>\n<h3 data-start=\"226\" data-end=\"241\"><strong data-start=\"230\" data-end=\"239\">INCI:<\/strong><\/h3>\n<p data-start=\"242\" data-end=\"644\">Aqua, Santalum Album (Sandalwood) Root\/Stem Water, Lactobacillus\/Arundinaria Gigantea Ferment Filtrate, Hyaluronic Acid, Glycerin, (Grapefruit) Fruit Water, Saccharomyces Cerevisiae Extract, Leuconostoc\/Radish Root Ferment Filtrate, Medicago Sativa (Alfalfa) Extract &amp; Lactobacillus Ferment Lysate, Sorbitan Caprylate, Propanediol, Benzoic Acid, Glycerin (and) Aqua (and) Rubus Chamaemorus Seed Extract<\/p>\n","protected":false},"excerpt":{"rendered":"<p data-start=\"70\" data-end=\"127\"><em>&#8221;P\u00e4lsen var l\u00e4ttare att reda ut och blev glansigare.&#8221;<\/em><\/p>\n<ul>\n<li data-start=\"131\" data-end=\"163\">M\u00e5ngsidig v\u00e5rdspray f\u00f6r hundar<\/li>\n<li data-start=\"166\" data-end=\"215\">Certifierad naturkosmetik av de b\u00e4sta r\u00e5varorna<\/li>\n<li data-start=\"218\" data-end=\"283\">Fr\u00e4mjar p\u00e4lsens naturliga glans, \u00e5terfuktar och motverkar tovor<\/li>\n<li data-start=\"286\" data-end=\"335\">Ger v\u00e4rmeskydd och minskar statisk elektricitet<\/li>\n<li data-start=\"338\" data-end=\"363\">Lindrar kl\u00e5da och mj\u00e4ll<\/li>\n<li data-start=\"366\" data-end=\"402\">Fr\u00e4schar upp p\u00e4lsen mellan tv\u00e4ttar<\/li>\n<li data-start=\"405\" data-end=\"438\">Inneh\u00e5ller unik hjortronextrakt<\/li>\n<li data-start=\"441\" data-end=\"475\">Utvecklad och tillverkad i Finland<\/li>\n<\/ul>\n","protected":false},"featured_media":6903,"comment_status":"open","ping_status":"closed","template":"","meta":{"_acf_changed":false},"product_brand":[],"product_cat":[121,95],"product_tag":[],"class_list":{"0":"post-6899","1":"product","2":"type-product","3":"status-publish","4":"has-post-thumbnail","6":"product_cat-palsvardsprodukter-for-hundar","7":"product_cat-yleinen-sv","9":"first","10":"instock","11":"taxable","12":"shipping-taxable","13":"purchasable","14":"product-type-simple"},"acf":[],"yoast_head":"<!-- This site is optimized with the Yoast SEO plugin v27.3 - https:\/\/yoast.com\/product\/yoast-seo-wordpress\/ -->\n<title>Perfecting Silky Spray - M\u00e5ngsidig v\u00e5rdande spray f\u00f6r hundar - BerryOMG<\/title>\n<meta name=\"description\" content=\"Perfecting Silky Spray - M\u00e5ngsidig v\u00e5rdande spray f\u00f6r hundar\" \/>\n<meta name=\"robots\" content=\"index, follow, max-snippet:-1, max-image-preview:large, max-video-preview:-1\" \/>\n<link rel=\"canonical\" href=\"https:\/\/berryomg.com\/sv\/tuote\/perfecting-silky-spray-swe\/\" \/>\n<meta property=\"og:locale\" content=\"sv_SE\" \/>\n<meta property=\"og:type\" content=\"article\" \/>\n<meta property=\"og:title\" content=\"Perfecting Silky Spray - M\u00e5ngsidig v\u00e5rdande spray f\u00f6r hundar - BerryOMG\" \/>\n<meta property=\"og:description\" content=\"Perfecting Silky Spray - M\u00e5ngsidig v\u00e5rdande spray f\u00f6r hundar\" \/>\n<meta property=\"og:url\" content=\"https:\/\/berryomg.com\/sv\/tuote\/perfecting-silky-spray-swe\/\" \/>\n<meta property=\"og:site_name\" content=\"BerryOMG\" \/>\n<meta property=\"article:modified_time\" content=\"2026-04-10T06:49:48+00:00\" \/>\n<meta property=\"og:image\" content=\"https:\/\/berryomg.com\/wp-content\/uploads\/2024\/11\/3-19.png\" \/>\n\t<meta property=\"og:image:width\" content=\"600\" \/>\n\t<meta property=\"og:image:height\" content=\"600\" \/>\n\t<meta property=\"og:image:type\" content=\"image\/png\" \/>\n<meta name=\"twitter:card\" content=\"summary_large_image\" \/>\n<meta name=\"twitter:label1\" content=\"Ber\u00e4knad l\u00e4stid\" \/>\n\t<meta name=\"twitter:data1\" content=\"1 minut\" \/>\n<script type=\"application\/ld+json\" class=\"yoast-schema-graph\">{\"@context\":\"https:\\\/\\\/schema.org\",\"@graph\":[{\"@type\":\"WebPage\",\"@id\":\"https:\\\/\\\/berryomg.com\\\/sv\\\/tuote\\\/perfecting-silky-spray-swe\\\/\",\"url\":\"https:\\\/\\\/berryomg.com\\\/sv\\\/tuote\\\/perfecting-silky-spray-swe\\\/\",\"name\":\"Perfecting Silky Spray - M\u00e5ngsidig v\u00e5rdande spray f\u00f6r hundar - BerryOMG\",\"isPartOf\":{\"@id\":\"https:\\\/\\\/berryomg.com\\\/sv\\\/#website\"},\"primaryImageOfPage\":{\"@id\":\"https:\\\/\\\/berryomg.com\\\/sv\\\/tuote\\\/perfecting-silky-spray-swe\\\/#primaryimage\"},\"image\":{\"@id\":\"https:\\\/\\\/berryomg.com\\\/sv\\\/tuote\\\/perfecting-silky-spray-swe\\\/#primaryimage\"},\"thumbnailUrl\":\"https:\\\/\\\/berryomg.com\\\/wp-content\\\/uploads\\\/2024\\\/11\\\/3-19.png\",\"datePublished\":\"2024-11-19T06:11:13+00:00\",\"dateModified\":\"2026-04-10T06:49:48+00:00\",\"description\":\"Perfecting Silky Spray - M\u00e5ngsidig v\u00e5rdande spray f\u00f6r hundar\",\"breadcrumb\":{\"@id\":\"https:\\\/\\\/berryomg.com\\\/sv\\\/tuote\\\/perfecting-silky-spray-swe\\\/#breadcrumb\"},\"inLanguage\":\"sv-SE\",\"potentialAction\":[{\"@type\":\"ReadAction\",\"target\":[\"https:\\\/\\\/berryomg.com\\\/sv\\\/tuote\\\/perfecting-silky-spray-swe\\\/\"]}]},{\"@type\":\"ImageObject\",\"inLanguage\":\"sv-SE\",\"@id\":\"https:\\\/\\\/berryomg.com\\\/sv\\\/tuote\\\/perfecting-silky-spray-swe\\\/#primaryimage\",\"url\":\"https:\\\/\\\/berryomg.com\\\/wp-content\\\/uploads\\\/2024\\\/11\\\/3-19.png\",\"contentUrl\":\"https:\\\/\\\/berryomg.com\\\/wp-content\\\/uploads\\\/2024\\\/11\\\/3-19.png\",\"width\":600,\"height\":600},{\"@type\":\"BreadcrumbList\",\"@id\":\"https:\\\/\\\/berryomg.com\\\/sv\\\/tuote\\\/perfecting-silky-spray-swe\\\/#breadcrumb\",\"itemListElement\":[{\"@type\":\"ListItem\",\"position\":1,\"name\":\"Etusivu\",\"item\":\"https:\\\/\\\/berryomg.com\\\/sv\\\/\"},{\"@type\":\"ListItem\",\"position\":2,\"name\":\"Butik\",\"item\":\"https:\\\/\\\/berryomg.com\\\/kauppa\\\/\"},{\"@type\":\"ListItem\",\"position\":3,\"name\":\"Perfecting Silky Spray &#8211; M\u00e5ngsidig v\u00e5rdande spray f\u00f6r hundar\"}]},{\"@type\":\"WebSite\",\"@id\":\"https:\\\/\\\/berryomg.com\\\/sv\\\/#website\",\"url\":\"https:\\\/\\\/berryomg.com\\\/sv\\\/\",\"name\":\"BerryOMG\",\"description\":\"\",\"potentialAction\":[{\"@type\":\"SearchAction\",\"target\":{\"@type\":\"EntryPoint\",\"urlTemplate\":\"https:\\\/\\\/berryomg.com\\\/sv\\\/?s={search_term_string}\"},\"query-input\":{\"@type\":\"PropertyValueSpecification\",\"valueRequired\":true,\"valueName\":\"search_term_string\"}}],\"inLanguage\":\"sv-SE\"}]}<\/script>\n<!-- \/ Yoast SEO plugin. -->","yoast_head_json":{"title":"Perfecting Silky Spray - M\u00e5ngsidig v\u00e5rdande spray f\u00f6r hundar - BerryOMG","description":"Perfecting Silky Spray - M\u00e5ngsidig v\u00e5rdande spray f\u00f6r hundar","robots":{"index":"index","follow":"follow","max-snippet":"max-snippet:-1","max-image-preview":"max-image-preview:large","max-video-preview":"max-video-preview:-1"},"canonical":"https:\/\/berryomg.com\/sv\/tuote\/perfecting-silky-spray-swe\/","og_locale":"sv_SE","og_type":"article","og_title":"Perfecting Silky Spray - M\u00e5ngsidig v\u00e5rdande spray f\u00f6r hundar - BerryOMG","og_description":"Perfecting Silky Spray - M\u00e5ngsidig v\u00e5rdande spray f\u00f6r hundar","og_url":"https:\/\/berryomg.com\/sv\/tuote\/perfecting-silky-spray-swe\/","og_site_name":"BerryOMG","article_modified_time":"2026-04-10T06:49:48+00:00","og_image":[{"width":600,"height":600,"url":"https:\/\/berryomg.com\/wp-content\/uploads\/2024\/11\/3-19.png","type":"image\/png"}],"twitter_card":"summary_large_image","twitter_misc":{"Ber\u00e4knad l\u00e4stid":"1 minut"},"schema":{"@context":"https:\/\/schema.org","@graph":[{"@type":"WebPage","@id":"https:\/\/berryomg.com\/sv\/tuote\/perfecting-silky-spray-swe\/","url":"https:\/\/berryomg.com\/sv\/tuote\/perfecting-silky-spray-swe\/","name":"Perfecting Silky Spray - M\u00e5ngsidig v\u00e5rdande spray f\u00f6r hundar - BerryOMG","isPartOf":{"@id":"https:\/\/berryomg.com\/sv\/#website"},"primaryImageOfPage":{"@id":"https:\/\/berryomg.com\/sv\/tuote\/perfecting-silky-spray-swe\/#primaryimage"},"image":{"@id":"https:\/\/berryomg.com\/sv\/tuote\/perfecting-silky-spray-swe\/#primaryimage"},"thumbnailUrl":"https:\/\/berryomg.com\/wp-content\/uploads\/2024\/11\/3-19.png","datePublished":"2024-11-19T06:11:13+00:00","dateModified":"2026-04-10T06:49:48+00:00","description":"Perfecting Silky Spray - M\u00e5ngsidig v\u00e5rdande spray f\u00f6r hundar","breadcrumb":{"@id":"https:\/\/berryomg.com\/sv\/tuote\/perfecting-silky-spray-swe\/#breadcrumb"},"inLanguage":"sv-SE","potentialAction":[{"@type":"ReadAction","target":["https:\/\/berryomg.com\/sv\/tuote\/perfecting-silky-spray-swe\/"]}]},{"@type":"ImageObject","inLanguage":"sv-SE","@id":"https:\/\/berryomg.com\/sv\/tuote\/perfecting-silky-spray-swe\/#primaryimage","url":"https:\/\/berryomg.com\/wp-content\/uploads\/2024\/11\/3-19.png","contentUrl":"https:\/\/berryomg.com\/wp-content\/uploads\/2024\/11\/3-19.png","width":600,"height":600},{"@type":"BreadcrumbList","@id":"https:\/\/berryomg.com\/sv\/tuote\/perfecting-silky-spray-swe\/#breadcrumb","itemListElement":[{"@type":"ListItem","position":1,"name":"Etusivu","item":"https:\/\/berryomg.com\/sv\/"},{"@type":"ListItem","position":2,"name":"Butik","item":"https:\/\/berryomg.com\/kauppa\/"},{"@type":"ListItem","position":3,"name":"Perfecting Silky Spray &#8211; M\u00e5ngsidig v\u00e5rdande spray f\u00f6r hundar"}]},{"@type":"WebSite","@id":"https:\/\/berryomg.com\/sv\/#website","url":"https:\/\/berryomg.com\/sv\/","name":"BerryOMG","description":"","potentialAction":[{"@type":"SearchAction","target":{"@type":"EntryPoint","urlTemplate":"https:\/\/berryomg.com\/sv\/?s={search_term_string}"},"query-input":{"@type":"PropertyValueSpecification","valueRequired":true,"valueName":"search_term_string"}}],"inLanguage":"sv-SE"}]}},"_links":{"self":[{"href":"https:\/\/berryomg.com\/sv\/wp-json\/wp\/v2\/product\/6899","targetHints":{"allow":["GET"]}}],"collection":[{"href":"https:\/\/berryomg.com\/sv\/wp-json\/wp\/v2\/product"}],"about":[{"href":"https:\/\/berryomg.com\/sv\/wp-json\/wp\/v2\/types\/product"}],"replies":[{"embeddable":true,"href":"https:\/\/berryomg.com\/sv\/wp-json\/wp\/v2\/comments?post=6899"}],"wp:featuredmedia":[{"embeddable":true,"href":"https:\/\/berryomg.com\/sv\/wp-json\/wp\/v2\/media\/6903"}],"wp:attachment":[{"href":"https:\/\/berryomg.com\/sv\/wp-json\/wp\/v2\/media?parent=6899"}],"wp:term":[{"taxonomy":"product_brand","embeddable":true,"href":"https:\/\/berryomg.com\/sv\/wp-json\/wp\/v2\/product_brand?post=6899"},{"taxonomy":"product_cat","embeddable":true,"href":"https:\/\/berryomg.com\/sv\/wp-json\/wp\/v2\/product_cat?post=6899"},{"taxonomy":"product_tag","embeddable":true,"href":"https:\/\/berryomg.com\/sv\/wp-json\/wp\/v2\/product_tag?post=6899"}],"curies":[{"name":"wp","href":"https:\/\/api.w.org\/{rel}","templated":true}]}}